{"id":465,"date":"2023-02-10T10:16:30","date_gmt":"2023-02-10T09:16:30","guid":{"rendered":"https:\/\/collection-ruesch.at\/?page_id=465"},"modified":"2025-11-18T09:46:19","modified_gmt":"2025-11-18T08:46:19","slug":"impressum","status":"publish","type":"page","link":"https:\/\/collection-ruesch.at\/nl\/impressum\/","title":{"rendered":"Afdruk"},"content":{"rendered":"<div class=\"wp-block-columns is-layout-flex wp-container-core-columns-is-layout-9d6595d7 wp-block-columns-is-layout-flex\">\n<div class=\"wp-block-column is-layout-flow wp-block-column-is-layout-flow\" style=\"flex-basis:15%\"><\/div>\n\n\n\n<div class=\"wp-block-column is-layout-flow wp-block-column-is-layout-flow\" style=\"flex-basis:70%\">\n<div class=\"wp-block-columns is-layout-flex wp-container-core-columns-is-layout-9d6595d7 wp-block-columns-is-layout-flex\">\n<div class=\"wp-block-column is-layout-flow wp-block-column-is-layout-flow\" style=\"flex-basis:40%\">\n<h3 class=\"wp-block-heading\"><strong>Broeders Nowotny <\/strong>KR <strong>GmbH<\/strong><\/h3>\n\n\n\n<p>sinds 1881<\/p>\n\n\n\n<p>Mag. (FH) Cornelia Gruber-Ruesch<br>Directrice<br>GIA Diamant Gediplomeerde<\/p>\n\n\n\n<p><\/p>\n\n\n\n<p>Heizwerkstraat 12<br>A-1230 Wien <\/p>\n\n\n\n<p>Oostenrijk<\/p>\n\n\n\n<p><a rel=\"noreferrer noopener\" href=\"https:\/\/what3words.com\/flexibler.weiter.fein\" target=\"_blank\">flexibeler<\/a>&nbsp;<br><strong>Tel.: +43\/1\/894-27-37<\/strong><br><strong>Fax: +43\/1\/894-20-28<\/strong><\/p>\n\n\n\n<p>Bedrijfsboeknummer: FN 102274d<br>Bedrijfsgericht: Handelsgericht Wien<br>Rechtsvorm: GmbH<br>UID-Nummer: ATU 37096904<\/p>\n<\/div>\n\n\n\n<div class=\"wp-block-column is-layout-flow wp-block-column-is-layout-flow\" style=\"flex-basis:20%\"><\/div>\n\n\n\n<div class=\"wp-block-column is-layout-flow wp-block-column-is-layout-flow\" style=\"flex-basis:40%\">\n<h3 class=\"wp-block-heading\"><strong>Br\u00fcder Nowotny CR GmbH<\/strong><\/h3>\n\n\n\n<p>M\u00fcnchener Straat 67<br>83395 Freilassing<\/p>\n\n\n\n<p>Duitsland<br><strong>Tel.: +49\/0\/8654-608-664<\/strong><br><strong>Fax: +49\/0\/8654-608-964<\/strong><br>UID-nummer: DE 363802865<\/p>\n<\/div>\n<\/div>\n<\/div>\n\n\n\n<div class=\"wp-block-column is-layout-flow wp-block-column-is-layout-flow\" style=\"flex-basis:15%\"><\/div>\n<\/div>\n\n\n\n<hr class=\"wp-block-separator has-alpha-channel-opacity\"\/>\n\n\n\n<div class=\"wp-block-columns is-layout-flex wp-container-core-columns-is-layout-9d6595d7 wp-block-columns-is-layout-flex\">\n<div class=\"wp-block-column is-layout-flow wp-block-column-is-layout-flow\" style=\"flex-basis:15%\"><\/div>\n\n\n\n<div class=\"wp-block-column is-layout-flow wp-block-column-is-layout-flow\" style=\"flex-basis:70%\">\n<p><\/p>\n\n\n\n<h3 class=\"wp-block-heading\"><strong>Overige informatie volgens Handelswetboek \u00a7 14<\/strong><\/h3>\n\n\n\n<p>Bedrijfsboeknummer: FN 102274d<br>Handelsregistergerecht: Wenen<\/p>\n\n\n\n<p>Telefoon*: 0043 1 894 2737<\/p>\n\n\n\n<p>Web: E-mail:&nbsp;<\/p>\n\n\n\n<p>Gerechtigde E-Commerce Wet<\/p>\n\n\n\n<p>Magistratisches Bezirksamt des XXIII. Bezirkes<\/p>\n\n\n\n<p>Toepasselijke rechtsvormen: Handelswetboek<\/p>\n\n\n\n<p>Nadere toezichthouder (volgens ECG): geen<\/p>\n<\/div>\n\n\n\n<div class=\"wp-block-column is-layout-flow wp-block-column-is-layout-flow\" style=\"flex-basis:15%\"><\/div>\n<\/div>\n\n\n\n<hr class=\"wp-block-separator has-alpha-channel-opacity\"\/>\n\n\n\n<div class=\"wp-block-columns is-layout-flex wp-container-core-columns-is-layout-9d6595d7 wp-block-columns-is-layout-flex\">\n<div class=\"wp-block-column is-layout-flow wp-block-column-is-layout-flow\" style=\"flex-basis:15%\"><\/div>\n\n\n\n<div class=\"wp-block-column is-layout-flow wp-block-column-is-layout-flow\" style=\"flex-basis:70%\">\n<p><\/p>\n\n\n\n<h3 class=\"wp-block-heading\"><strong>Openbaarmaking volgens de medi awet<\/strong><\/h3>\n\n\n\n<p>Mediamogendehouder: Br\u00fcder Nowotny CR GmbH<\/p>\n\n\n\n<p>Hoofdzetel (Plaats van de hoofdvestiging): Wenen<\/p>\n\n\n\n<p>Ondernemingsactiviteiten: Goud- en zilversmederij, met name vervaardiging van trouwringen en partnerringen in hoogwaardige goud- en platina-legeringen<\/p>\n<\/div>\n\n\n\n<div class=\"wp-block-column is-layout-flow wp-block-column-is-layout-flow\" style=\"flex-basis:15%\"><\/div>\n<\/div>\n\n\n\n<hr class=\"wp-block-separator has-alpha-channel-opacity\"\/>\n\n\n\n<div class=\"wp-block-columns is-layout-flex wp-container-core-columns-is-layout-9d6595d7 wp-block-columns-is-layout-flex\">\n<div class=\"wp-block-column is-layout-flow wp-block-column-is-layout-flow\" style=\"flex-basis:15%\"><\/div>\n\n\n\n<div class=\"wp-block-column is-layout-flow wp-block-column-is-layout-flow\" style=\"flex-basis:70%\">\n<p><\/p>\n\n\n\n<h3 class=\"wp-block-heading\"><strong><strong>Lid van de Kamer van Koophandel van Wenen<\/strong><\/strong><\/h3>\n\n\n\n<p>Vakgroep \/ Beroepsgroep<\/p>\n\n\n\n<p>LI Handwerk<br>Goud- en zilversmeden<\/p>\n\n\n\n<p>Eventuele speciale beroepsregels vindt u op de website van de vakgroep of in het rechtsinformatiesysteem van de federale overheid.<\/p>\n<\/div>\n\n\n\n<div class=\"wp-block-column is-layout-flow wp-block-column-is-layout-flow\" style=\"flex-basis:15%\"><\/div>\n<\/div>\n\n\n\n<hr class=\"wp-block-separator has-alpha-channel-opacity\"\/>\n\n\n\n<div class=\"wp-block-columns is-layout-flex wp-container-core-columns-is-layout-9d6595d7 wp-block-columns-is-layout-flex\">\n<div class=\"wp-block-column is-layout-flow wp-block-column-is-layout-flow\" style=\"flex-basis:15%\"><\/div>\n\n\n\n<div class=\"wp-block-column is-layout-flow wp-block-column-is-layout-flow\" style=\"flex-basis:70%\">\n<p><\/p>\n\n\n\n<h3 class=\"wp-block-heading\"><strong><strong><strong>Meer bedrijfsfilialen<\/strong><\/strong><\/strong><\/h3>\n\n\n\n<p>Wenen | Bedrijfsbrede gegevens<\/p>\n\n\n\n<p>1230 Wenen, Heizwerkstraat 12 | Goud- en zilversmid<\/p>\n\n\n\n<p>Bedrijfs locaties in Oostenrijk<\/p>\n\n\n\n<p>Wenen<\/p>\n<\/div>\n\n\n\n<div class=\"wp-block-column is-layout-flow wp-block-column-is-layout-flow\" style=\"flex-basis:15%\"><\/div>\n<\/div>","protected":false},"excerpt":{"rendered":"<p>Br\u00fcder Nowotny CR GmbH seit 1881 Mag. (FH) Cornelia Gruber-RueschGesch\u00e4ftsf\u00fchrerinGIA Diamonds Graduate Heizwerkstrasse 12A-1230 Wien \u00d6sterreich \/\/\/flexibler.weiter.fein&nbsp;Tel.: +43\/1\/894-27-37Fax: +43\/1\/894-20-28 Firmenbuchnummer: FN 102274dFirmengericht: Handelsgericht WienRechtsform: GmbHUID-Nummer: ATU 37096904 Br\u00fcder Nowotny CR GmbH M\u00fcnchener Str. 6783395 Freilassing DeutschlandTel.: +49\/0\/8654-608-664Fax: +49\/0\/8654-608-964UID Nummer: DE 363802865 Sonstige Informationen nach 14 UGB Firmenbuchnummer: FN 102274dFirmenbuchgericht: Wien Telefon* : 0043 1 894 [&hellip;]<\/p>","protected":false},"author":1,"featured_media":0,"parent":0,"menu_order":0,"comment_status":"closed","ping_status":"closed","template":"","meta":{"footnotes":""},"class_list":["post-465","page","type-page","status-publish","hentry"],"_links":{"self":[{"href":"https:\/\/collection-ruesch.at\/nl\/wp-json\/wp\/v2\/pages\/465","targetHints":{"allow":["GET"]}}],"collection":[{"href":"https:\/\/collection-ruesch.at\/nl\/wp-json\/wp\/v2\/pages"}],"about":[{"href":"https:\/\/collection-ruesch.at\/nl\/wp-json\/wp\/v2\/types\/page"}],"author":[{"embeddable":true,"href":"https:\/\/collection-ruesch.at\/nl\/wp-json\/wp\/v2\/users\/1"}],"replies":[{"embeddable":true,"href":"https:\/\/collection-ruesch.at\/nl\/wp-json\/wp\/v2\/comments?post=465"}],"version-history":[{"count":15,"href":"https:\/\/collection-ruesch.at\/nl\/wp-json\/wp\/v2\/pages\/465\/revisions"}],"predecessor-version":[{"id":1698,"href":"https:\/\/collection-ruesch.at\/nl\/wp-json\/wp\/v2\/pages\/465\/revisions\/1698"}],"wp:attachment":[{"href":"https:\/\/collection-ruesch.at\/nl\/wp-json\/wp\/v2\/media?parent=465"}],"curies":[{"name":"wp","href":"https:\/\/api.w.org\/{rel}","templated":true}]}}