{"id":278,"date":"2023-01-16T12:45:35","date_gmt":"2023-01-16T11:45:35","guid":{"rendered":"https:\/\/collection-ruesch.at\/?page_id=278"},"modified":"2023-04-14T16:29:33","modified_gmt":"2023-04-14T14:29:33","slug":"unternehmen","status":"publish","type":"page","link":"https:\/\/collection-ruesch.at\/nl\/unternehmen\/","title":{"rendered":"Het bedrijf"},"content":{"rendered":"<div class=\"wp-block-columns is-layout-flex wp-container-core-columns-is-layout-9d6595d7 wp-block-columns-is-layout-flex\">\n<div class=\"wp-block-column is-layout-flow wp-block-column-is-layout-flow\" style=\"flex-basis:10%\"><\/div>\n\n\n\n<div class=\"wp-block-column is-layout-flow wp-block-column-is-layout-flow\">\n<figure class=\"wp-block-image size-large\"><img loading=\"lazy\" decoding=\"async\" width=\"1024\" height=\"315\" src=\"https:\/\/collection-ruesch.at\/aglopips\/2023\/02\/company_home_bg-1024x315.jpg\" alt=\"\" class=\"wp-image-376\" srcset=\"https:\/\/collection-ruesch.at\/aglopips\/2023\/02\/company_home_bg-1024x315.jpg 1024w, https:\/\/collection-ruesch.at\/aglopips\/2023\/02\/company_home_bg-300x92.jpg 300w, https:\/\/collection-ruesch.at\/aglopips\/2023\/02\/company_home_bg-768x236.jpg 768w, https:\/\/collection-ruesch.at\/aglopips\/2023\/02\/company_home_bg-1536x472.jpg 1536w, https:\/\/collection-ruesch.at\/aglopips\/2023\/02\/company_home_bg.jpg 1600w\" sizes=\"auto, (max-width: 1024px) 100vw, 1024px\" \/><\/figure>\n<\/div>\n\n\n\n<div class=\"wp-block-column is-layout-flow wp-block-column-is-layout-flow\">\n<p>Het bedrijf Br\u00fcder Nowotny werd opgericht in 1881 en is tot op heden een succesvol, door de eigenaar geleid familiebedrijf \u2013 momenteel in de 4e en 5e generatie geleid door Friedrich Ruesch, meester-goudsmid, en Mag (FH) Cornelia Gruber-Ruesch, GIA Diamonds Graduate. Wij zijn er trots op, onder de merknaam Collection Ruesch, buiten de grenzen van Europa om als Oostenrijks toonaangevende producent van trouwringen de vakhandel te mogen beleveren.<\/p>\n<p>Op de bedrijfslocatie in Wenen werden trouwringen en partnerringen vervaardigd in hoogwaardige goud- en platinlegeringen. Ontwerpers en goudsmeden ontwerpen, in combinatie met nieuwe technologie\u00ebn, jaarlijks meer dan 100 nieuwe trouwringmodellen met een perfect design, dat aansluit bij de tijdgeest. Alle ringen worden onderworpen aan de strengste kwaliteitsnormen en gestempeld met ons bedrijfslogo aan de binnenkant van de ring. Vanwege de uniciteit van onze modellen vragen wij hiervoor modelbescherming aan. De wens van de klant staat bij ons altijd centraal, waardoor we ook een groot aantal volledig individuele ringcreaties produceren.<\/p>\n<p>Laat u inspireren door onze collecties en duik in onze unieke wereld van trouw(romantische)ringen!<\/p>\n<\/div>\n\n\n\n<div class=\"wp-block-column is-layout-flow wp-block-column-is-layout-flow\" style=\"flex-basis:10%\"><\/div>\n<\/div>\n\n\n\n<div class=\"wp-block-columns is-layout-flex wp-container-core-columns-is-layout-9d6595d7 wp-block-columns-is-layout-flex\">\n<div class=\"wp-block-column is-layout-flow wp-block-column-is-layout-flow\" style=\"flex-basis:10%\"><\/div>\n\n\n\n<div class=\"wp-block-column is-layout-flow wp-block-column-is-layout-flow\"><\/div>\n\n\n\n<div class=\"wp-block-column is-layout-flow wp-block-column-is-layout-flow\"><\/div>\n\n\n\n<div class=\"wp-block-column is-layout-flow wp-block-column-is-layout-flow\" style=\"flex-basis:10%\"><\/div>\n<\/div>\n\n\n\n<div class=\"wp-block-columns is-layout-flex wp-container-core-columns-is-layout-9d6595d7 wp-block-columns-is-layout-flex\">\n<div class=\"wp-block-column is-layout-flow wp-block-column-is-layout-flow\" style=\"flex-basis:10%\"><\/div>\n\n\n\n<div class=\"wp-block-column is-layout-flow wp-block-column-is-layout-flow\">\n<h3 class=\"wp-block-heading\">HERSTELLING VAN DE LEGERINGEN EN DE RUWE STUKKEN<\/h3>\n\n\n\n<p>In het begin staan de edelmetalen platina, goud, zilver, palladium en koper in hun puurste vorm. De benodigde bestanddelen voor de productie worden in een exacte mengverhouding afgewogen met een precisieweegschaal en in een moderne inductie-installatie versmolten tot homogene legeringen in de vorm van gietplaten.<\/p>\n\n\n\n<p>Deze platen worden vervolgens in precies op elkaar afgestemde werkprocessen gevormd tot perfecte, naadloze trouwring-blanco's. Dit vormt dan de basis voor de volgende werkstappen.<\/p>\n<\/div>\n\n\n\n<div class=\"wp-block-column is-layout-flow wp-block-column-is-layout-flow\">\n<figure class=\"wp-block-image size-full\"><img loading=\"lazy\" decoding=\"async\" width=\"524\" height=\"350\" src=\"https:\/\/collection-ruesch.at\/aglopips\/2023\/03\/1_1_Herstellung_573f0c2e1b4e2.jpg\" alt=\"\" class=\"wp-image-638\" srcset=\"https:\/\/collection-ruesch.at\/aglopips\/2023\/03\/1_1_Herstellung_573f0c2e1b4e2.jpg 524w, https:\/\/collection-ruesch.at\/aglopips\/2023\/03\/1_1_Herstellung_573f0c2e1b4e2-300x200.jpg 300w\" sizes=\"auto, (max-width: 524px) 100vw, 524px\" \/><\/figure>\n<\/div>\n\n\n\n<div class=\"wp-block-column is-layout-flow wp-block-column-is-layout-flow\" style=\"flex-basis:10%\"><\/div>\n<\/div>\n\n\n<h1>&nbsp;<\/h1>\n\n\n<div class=\"wp-block-columns is-layout-flex wp-container-core-columns-is-layout-9d6595d7 wp-block-columns-is-layout-flex\">\n<div class=\"wp-block-column is-layout-flow wp-block-column-is-layout-flow\" style=\"flex-basis:10%\"><\/div>\n\n\n\n<div class=\"wp-block-column is-layout-flow wp-block-column-is-layout-flow\">\n<figure class=\"wp-block-image size-full\"><img loading=\"lazy\" decoding=\"async\" width=\"524\" height=\"350\" src=\"https:\/\/collection-ruesch.at\/aglopips\/2023\/03\/image-56.png\" alt=\"\" class=\"wp-image-655\" srcset=\"https:\/\/collection-ruesch.at\/aglopips\/2023\/03\/image-56.png 524w, https:\/\/collection-ruesch.at\/aglopips\/2023\/03\/image-56-300x200.png 300w\" sizes=\"auto, (max-width: 524px) 100vw, 524px\" \/><\/figure>\n<\/div>\n\n\n\n<div class=\"wp-block-column is-layout-flow wp-block-column-is-layout-flow\">\n<h3 class=\"wp-block-heading\">MEERKLEURIGE TROUWRINGEN<\/h3>\n\n\n\n<p>Veel modellen van de \u201eCollection Ruesch\u201c bestaan uit twee- of meerkleurige ringen of uit verschillende legeringen. Om deze duurzaam en onlosmakelijk met elkaar te verbinden, worden de ringen in speciale installaties onder vacu\u00fcm gesinterd. Bij deze technologie worden de afzonderlijke onderdelen niet simpelweg gesoldeerd, maar in een ingewikkeld proces absoluut voeg- en pori\u00ebnvrij met elkaar verbonden, zodat ze als homogeen materiaal verder verwerkt kunnen worden.<\/p>\n\n\n\n<p>Bij speciale modellen blijft het solderen van de ringdelen de beste methode om de twee delen duurzaam met elkaar te verbinden. Hier is het vakmanschap van onze uitstekende goudsmeden de voorwaarde voor een perfecte uitvoering.<\/p>\n<\/div>\n\n\n\n<div class=\"wp-block-column is-layout-flow wp-block-column-is-layout-flow\" style=\"flex-basis:10%\"><\/div>\n<\/div>\n\n\n\n<div class=\"wp-block-columns is-layout-flex wp-container-core-columns-is-layout-9d6595d7 wp-block-columns-is-layout-flex\">\n<div class=\"wp-block-column is-layout-flow wp-block-column-is-layout-flow\">\n<div class=\"wp-block-columns is-layout-flex wp-container-core-columns-is-layout-9d6595d7 wp-block-columns-is-layout-flex\">\n<div class=\"wp-block-column is-layout-flow wp-block-column-is-layout-flow\" style=\"flex-basis:10%\"><\/div>\n\n\n\n<div class=\"wp-block-column is-layout-flow wp-block-column-is-layout-flow\">\n<h3 class=\"wp-block-heading\">Draaien en frezen<\/h3>\n\n\n\n<p>Bij deze werkstap ontstaat uit de aanvankelijk nog onopvallende trouwring-blank de bijna afgewerkte ring met de perfecte afmetingen. In een reeks werkstappen met behulp van CNC-gestuurde precisie-draaibanken worden de buiten- en binnenradii volgens de individuele specificaties van onze klanten vervaardigd. Zo worden onder andere al de zettingen voor de stenen voorbereid en assen of lijnen gefreesd.<\/p>\n<\/div>\n\n\n\n<div class=\"wp-block-column is-layout-flow wp-block-column-is-layout-flow\">\n<figure class=\"wp-block-image size-full\"><img loading=\"lazy\" decoding=\"async\" width=\"524\" height=\"350\" src=\"https:\/\/collection-ruesch.at\/aglopips\/2023\/03\/image-57.png\" alt=\"\" class=\"wp-image-659\" srcset=\"https:\/\/collection-ruesch.at\/aglopips\/2023\/03\/image-57.png 524w, https:\/\/collection-ruesch.at\/aglopips\/2023\/03\/image-57-300x200.png 300w\" sizes=\"auto, (max-width: 524px) 100vw, 524px\" \/><\/figure>\n<\/div>\n\n\n\n<div class=\"wp-block-column is-layout-flow wp-block-column-is-layout-flow\" style=\"flex-basis:10%\"><\/div>\n<\/div>\n<\/div>\n<\/div>\n\n\n\n<div class=\"wp-block-columns is-layout-flex wp-container-core-columns-is-layout-9d6595d7 wp-block-columns-is-layout-flex\">\n<div class=\"wp-block-column is-layout-flow wp-block-column-is-layout-flow\" style=\"flex-basis:10%\"><\/div>\n\n\n\n<div class=\"wp-block-column is-layout-flow wp-block-column-is-layout-flow\">\n<figure class=\"wp-block-image size-full\"><img loading=\"lazy\" decoding=\"async\" width=\"524\" height=\"350\" src=\"https:\/\/collection-ruesch.at\/aglopips\/2023\/04\/image-58.png\" alt=\"\" class=\"wp-image-779\" srcset=\"https:\/\/collection-ruesch.at\/aglopips\/2023\/04\/image-58.png 524w, https:\/\/collection-ruesch.at\/aglopips\/2023\/04\/image-58-300x200.png 300w, https:\/\/collection-ruesch.at\/aglopips\/2023\/04\/image-58-18x12.png 18w\" sizes=\"auto, (max-width: 524px) 100vw, 524px\" \/><\/figure>\n<\/div>\n\n\n\n<div class=\"wp-block-column is-layout-flow wp-block-column-is-layout-flow\">\n<h3 class=\"wp-block-heading\">FASSEN VAN DE DIAMANTEN<\/h3>\n\n\n\n<p>De diamanten die wij gebruiken, zijn uitsluitend afkomstig van conflictvrije bronnen.<\/p>\n\n\n\n<p>Voordat de stenen worden gezet, worden ze gewogen en wordt de kwaliteit gecontroleerd door onze experts. Het zetten van de stenen in de bijbehorende trouwringen gebeurt handmatig door onze uitstekend opgeleide juweliers.<\/p>\n<\/div>\n\n\n\n<div class=\"wp-block-column is-layout-flow wp-block-column-is-layout-flow\" style=\"flex-basis:10%\"><\/div>\n<\/div>\n\n\n\n<div class=\"wp-block-columns is-layout-flex wp-container-core-columns-is-layout-9d6595d7 wp-block-columns-is-layout-flex\">\n<div class=\"wp-block-column is-layout-flow wp-block-column-is-layout-flow\" style=\"flex-basis:10%\"><\/div>\n\n\n\n<div class=\"wp-block-column is-layout-flow wp-block-column-is-layout-flow\">\n<h3 class=\"wp-block-heading\">POLIJSTEN EN GRAVEREN<\/h3>\n\n\n\n<p>Na het aanbrengen van de ringen gaan deze naar de eindafwerking. Hier worden ze door vakmensen, met behulp van meerdere slip- en polijstbeurten, zowel van binnen als van buiten hoogglans gepolijst en krijgt het definitieve oppervlak vorm.<\/p>\n\n\n\n<p>Als volgende stap krijgen onze ringen niet alleen ons bedrijfslogo en het karaatgehalte, maar ook hun gravure. Deze is net zo individueel als het bruidspaar zelf. Van de datumgravure, via de persoonlijke handschrift, tot speciale symbolen van liefde of de onmiskenbare vingerafdruk, bijna alles is mogelijk.<\/p>\n<\/div>\n\n\n\n<div class=\"wp-block-column is-layout-flow wp-block-column-is-layout-flow\">\n<figure class=\"wp-block-image size-full\"><img loading=\"lazy\" decoding=\"async\" width=\"524\" height=\"350\" src=\"https:\/\/collection-ruesch.at\/aglopips\/2023\/04\/image-59.png\" alt=\"\" class=\"wp-image-780\" srcset=\"https:\/\/collection-ruesch.at\/aglopips\/2023\/04\/image-59.png 524w, https:\/\/collection-ruesch.at\/aglopips\/2023\/04\/image-59-300x200.png 300w, https:\/\/collection-ruesch.at\/aglopips\/2023\/04\/image-59-18x12.png 18w\" sizes=\"auto, (max-width: 524px) 100vw, 524px\" \/><\/figure>\n<\/div>\n\n\n\n<div class=\"wp-block-column is-layout-flow wp-block-column-is-layout-flow\" style=\"flex-basis:10%\"><\/div>\n<\/div>\n\n\n\n<div class=\"wp-block-columns is-layout-flex wp-container-core-columns-is-layout-9d6595d7 wp-block-columns-is-layout-flex\">\n<div class=\"wp-block-column is-layout-flow wp-block-column-is-layout-flow\" style=\"flex-basis:10%\"><\/div>\n\n\n\n<div class=\"wp-block-column is-layout-flow wp-block-column-is-layout-flow\">\n<figure class=\"wp-block-image size-full\"><img loading=\"lazy\" decoding=\"async\" width=\"524\" height=\"350\" src=\"https:\/\/collection-ruesch.at\/aglopips\/2023\/04\/6_1_Endkontrolle_573f0fd70d04f.jpg\" alt=\"\" class=\"wp-image-778\" srcset=\"https:\/\/collection-ruesch.at\/aglopips\/2023\/04\/6_1_Endkontrolle_573f0fd70d04f.jpg 524w, https:\/\/collection-ruesch.at\/aglopips\/2023\/04\/6_1_Endkontrolle_573f0fd70d04f-300x200.jpg 300w, https:\/\/collection-ruesch.at\/aglopips\/2023\/04\/6_1_Endkontrolle_573f0fd70d04f-18x12.jpg 18w\" sizes=\"auto, (max-width: 524px) 100vw, 524px\" \/><\/figure>\n<\/div>\n\n\n\n<div class=\"wp-block-column is-layout-flow wp-block-column-is-layout-flow\">\n<h3 class=\"wp-block-heading\">EINDCONTROLE<\/h3>\n\n\n\n<p>Als laatste stap doorlopen al onze ringen de eindcontrole. Scherpe ogen controleren nogmaals alle details. Zo worden bijvoorbeeld ringmaat, breedte, hoogte, aantal stenen, gravure etc. nauwkeurig gecontroleerd. Na een positieve controle stellen we een certificaat op. Dit geeft u de zekerheid dat u een origineel van de \u201eCollection Ruesch\u201c in handen heeft.<\/p>\n\n\n\n<p>Ons internationaal beschermde bedrijfslogo is een goudsmidshamer ingebed in een ovaal.<\/p>\n\n\n\n<p>Zo herkent u een origineel product van ons huis onmiddellijk! Elk paar trouwringen uit de \u201eCollection Ruesch\u201c is dankzij de perfecte samenwerking van de meest uiteenlopende experts en meesters in hun vak een individueel meesterwerk: sieradenontwerpers, goud- en platina-smeden, technici, juweliers en de medewerkers in de slijperij. Allen streven naar \u00e9\u00e9n doel: individuele en onvergetelijke trouw(droom)ringen cre\u00ebren die het liefdespaar raken en inspireren.<\/p>\n<\/div>\n\n\n\n<div class=\"wp-block-column is-layout-flow wp-block-column-is-layout-flow\" style=\"flex-basis:10%\"><\/div>\n<\/div>\n\n\n\n<p><\/p>","protected":false},"excerpt":{"rendered":"<p>Die Firma Br\u00fcder Nowotny wurde im Jahre 1881 gegr\u00fcndet und ist bis heute ein erfolgreiches, eigent\u00fcmergef\u00fchrtes Familienunternehmen -aktuell geleitet in der 4. und 5. Generation von Friedrich Ruesch, Goldschmiedemeister, und Mag (FH) Cornelia Gruber-Ruesch, GIA Diamonds Graduate. Wir sind stolz, unter dem Markennamen Collection Ruesch auch \u00fcber Europas Grenzen hinaus gehend als \u00d6sterreichs f\u00fchrender Trauringproduzent, [&hellip;]<\/p>","protected":false},"author":1,"featured_media":0,"parent":0,"menu_order":0,"comment_status":"closed","ping_status":"closed","template":"","meta":{"footnotes":""},"class_list":["post-278","page","type-page","status-publish","hentry"],"_links":{"self":[{"href":"https:\/\/collection-ruesch.at\/nl\/wp-json\/wp\/v2\/pages\/278","targetHints":{"allow":["GET"]}}],"collection":[{"href":"https:\/\/collection-ruesch.at\/nl\/wp-json\/wp\/v2\/pages"}],"about":[{"href":"https:\/\/collection-ruesch.at\/nl\/wp-json\/wp\/v2\/types\/page"}],"author":[{"embeddable":true,"href":"https:\/\/collection-ruesch.at\/nl\/wp-json\/wp\/v2\/users\/1"}],"replies":[{"embeddable":true,"href":"https:\/\/collection-ruesch.at\/nl\/wp-json\/wp\/v2\/comments?post=278"}],"version-history":[{"count":30,"href":"https:\/\/collection-ruesch.at\/nl\/wp-json\/wp\/v2\/pages\/278\/revisions"}],"predecessor-version":[{"id":806,"href":"https:\/\/collection-ruesch.at\/nl\/wp-json\/wp\/v2\/pages\/278\/revisions\/806"}],"wp:attachment":[{"href":"https:\/\/collection-ruesch.at\/nl\/wp-json\/wp\/v2\/media?parent=278"}],"curies":[{"name":"wp","href":"https:\/\/api.w.org\/{rel}","templated":true}]}}