{"id":241,"date":"2022-11-30T19:36:01","date_gmt":"2022-11-30T18:36:01","guid":{"rendered":"https:\/\/collection-ruesch.at\/?page_id=241"},"modified":"2025-06-13T11:44:25","modified_gmt":"2025-06-13T09:44:25","slug":"241-2","status":"publish","type":"page","link":"https:\/\/collection-ruesch.at\/nl\/","title":{"rendered":"Home"},"content":{"rendered":"<div class=\"wp-block-media-text alignwide is-stacked-on-mobile fullsizeblock\"><figure class=\"wp-block-media-text__media\"><img loading=\"lazy\" decoding=\"async\" width=\"1024\" height=\"682\" src=\"https:\/\/collection-ruesch.at\/aglopips\/2023\/03\/Classic-Collection-1024x682-2.jpg\" alt=\"Ringe mit Gravur\" class=\"wp-image-555 size-full\" srcset=\"https:\/\/collection-ruesch.at\/aglopips\/2023\/03\/Classic-Collection-1024x682-2.jpg 1024w, https:\/\/collection-ruesch.at\/aglopips\/2023\/03\/Classic-Collection-1024x682-2-300x200.jpg 300w, https:\/\/collection-ruesch.at\/aglopips\/2023\/03\/Classic-Collection-1024x682-2-768x512.jpg 768w\" sizes=\"auto, (max-width: 1024px) 100vw, 1024px\" \/><\/figure><div class=\"wp-block-media-text__content\">\n<h3 class=\"wp-block-heading\">Klassieke collectie<\/h3>\n\n\n\n<p>Net zo uniek als jullie liefde! Ontwerp jullie individuele trouwringen nu NIEUW in onze <a href=\"https:\/\/collection-ruesch.at\/ringdetail\/\" data-type=\"page\" data-id=\"70\">3D configurator<\/a>. Je kiest de legering, vorm, breedte, oppervlak, steenzetting en gravure volgens jouw wensen.<\/p>\n<\/div><\/div>\n\n\n\n<div class=\"wp-block-media-text alignfull has-media-on-the-right is-stacked-on-mobile is-vertically-aligned-center fullsizeblock\"><div class=\"wp-block-media-text__content\">\n<h3 class=\"wp-block-heading has-text-align-left has-text-color\" style=\"color:#000000\">Solitaire exclusief<\/h3>\n\n\n\n<p class=\"has-text-align-left has-extra-small-font-size\">Voor verliefde mensen is een verloving een mijlpaal in een gedeelde geschiedenis. Schrijf het volgende hoofdstuk van jullie unieke liefdesverhaal met een prachtige solitaire ring en bijpassende solitaire sieraden van Collection Ruesch!<\/p>\n<\/div><figure class=\"wp-block-media-text__media\"><a href=\"https:\/\/collection-ruesch.at\/kollektionen\/?val=88\"><img loading=\"lazy\" decoding=\"async\" width=\"1024\" height=\"682\" src=\"https:\/\/collection-ruesch.at\/aglopips\/2023\/03\/Solitaire-Hand.jpg\" alt=\"\" class=\"wp-image-557 size-full\" srcset=\"https:\/\/collection-ruesch.at\/aglopips\/2023\/03\/Solitaire-Hand.jpg 1024w, https:\/\/collection-ruesch.at\/aglopips\/2023\/03\/Solitaire-Hand-300x200.jpg 300w, https:\/\/collection-ruesch.at\/aglopips\/2023\/03\/Solitaire-Hand-768x512.jpg 768w\" sizes=\"auto, (max-width: 1024px) 100vw, 1024px\" \/><\/a><\/figure><\/div>\n\n\n\n<div class=\"wp-block-media-text alignwide is-stacked-on-mobile fullsizeblock\"><figure class=\"wp-block-media-text__media\"><img loading=\"lazy\" decoding=\"async\" width=\"1024\" height=\"682\" src=\"https:\/\/collection-ruesch.at\/aglopips\/2023\/03\/Memoire-1024x682-1.jpg\" alt=\"\" class=\"wp-image-574 size-full\" srcset=\"https:\/\/collection-ruesch.at\/aglopips\/2023\/03\/Memoire-1024x682-1.jpg 1024w, https:\/\/collection-ruesch.at\/aglopips\/2023\/03\/Memoire-1024x682-1-300x200.jpg 300w, https:\/\/collection-ruesch.at\/aglopips\/2023\/03\/Memoire-1024x682-1-768x512.jpg 768w\" sizes=\"auto, (max-width: 1024px) 100vw, 1024px\" \/><\/figure><div class=\"wp-block-media-text__content\">\n<h3 class=\"wp-block-heading\">Herinnering<\/h3>\n\n\n\n<p><br>... betekent herinnering. Onze MEMOIR RINGS zijn ontworpen om jou en je partner te herinneren aan de mooie momenten in jullie gedeelde geschiedenis.<br>Alle ringmodellen zijn zo ontworpen dat er op elk moment een of meer diamanten kunnen worden toegevoegd. Elke steen vertegenwoordigt een heel speciaal moment in ons individuele liefdesverhaal!<\/p>\n\n\n\n<p><\/p>\n<\/div><\/div>","protected":false},"excerpt":{"rendered":"<p>Classic Collection So einzigartig wie Ihre Liebe! Designen Sie Ihre individuellen Trauringe jetzt NEU in unserem 3D Konfigurator. Sie w\u00e4hlen Legierung, Form, Breite, Oberfl\u00e4che, Steinbesatz und Gravur frei nach Ihren Vorstellungen. Solitaire exklusive F\u00fcr verliebte Menschen ist die Verlobung ein Meilenstein einer gemeinsamen Geschichte. Schreiben Sie das n\u00e4chste Kapitel Ihrer einzigartigen Liebesgeschichte mit einem wundersch\u00f6nen [&hellip;]<\/p>","protected":false},"author":1,"featured_media":0,"parent":0,"menu_order":0,"comment_status":"closed","ping_status":"closed","template":"template-full-width.php","meta":{"footnotes":""},"class_list":["post-241","page","type-page","status-publish","hentry"],"_links":{"self":[{"href":"https:\/\/collection-ruesch.at\/nl\/wp-json\/wp\/v2\/pages\/241","targetHints":{"allow":["GET"]}}],"collection":[{"href":"https:\/\/collection-ruesch.at\/nl\/wp-json\/wp\/v2\/pages"}],"about":[{"href":"https:\/\/collection-ruesch.at\/nl\/wp-json\/wp\/v2\/types\/page"}],"author":[{"embeddable":true,"href":"https:\/\/collection-ruesch.at\/nl\/wp-json\/wp\/v2\/users\/1"}],"replies":[{"embeddable":true,"href":"https:\/\/collection-ruesch.at\/nl\/wp-json\/wp\/v2\/comments?post=241"}],"version-history":[{"count":29,"href":"https:\/\/collection-ruesch.at\/nl\/wp-json\/wp\/v2\/pages\/241\/revisions"}],"predecessor-version":[{"id":1606,"href":"https:\/\/collection-ruesch.at\/nl\/wp-json\/wp\/v2\/pages\/241\/revisions\/1606"}],"wp:attachment":[{"href":"https:\/\/collection-ruesch.at\/nl\/wp-json\/wp\/v2\/media?parent=241"}],"curies":[{"name":"wp","href":"https:\/\/api.w.org\/{rel}","templated":true}]}}