{"id":465,"date":"2023-02-10T10:16:30","date_gmt":"2023-02-10T09:16:30","guid":{"rendered":"https:\/\/collection-ruesch.at\/?page_id=465"},"modified":"2025-11-18T09:46:19","modified_gmt":"2025-11-18T08:46:19","slug":"impressum","status":"publish","type":"page","link":"https:\/\/collection-ruesch.at\/ko\/impressum\/","title":{"rendered":"\uc0ac\uc5c5\uc790 \uc815\ubcf4"},"content":{"rendered":"<div class=\"wp-block-columns is-layout-flex wp-container-core-columns-is-layout-9d6595d7 wp-block-columns-is-layout-flex\">\n<div class=\"wp-block-column is-layout-flow wp-block-column-is-layout-flow\" style=\"flex-basis:15%\"><\/div>\n\n\n\n<div class=\"wp-block-column is-layout-flow wp-block-column-is-layout-flow\" style=\"flex-basis:70%\">\n<div class=\"wp-block-columns is-layout-flex wp-container-core-columns-is-layout-9d6595d7 wp-block-columns-is-layout-flex\">\n<div class=\"wp-block-column is-layout-flow wp-block-column-is-layout-flow\" style=\"flex-basis:40%\">\n<h3 class=\"wp-block-heading\"><strong>\ube0c\ub93c\ub354 \ub178\ud1a0\ub2c8 <\/strong>CR <strong>\uc720\ud55c\ud68c\uc0ac<\/strong><\/h3>\n\n\n\n<p>1881\ub144\ubd80\ud130<\/p>\n\n\n\n<p>\ub9c8\uadf8. (FH) \ucf54\ub12c\ub9ac\uc544 \uadf8\ub8e8\ubc84-\ub93c\uc26c<br>\ub300\ud45c\uc774\uc0ac<br>\uc9c0\uc544 \ub2e4\uc774\uc544\ubaac\ub4dc \uc878\uc5c5<\/p>\n\n\n\n<p><\/p>\n\n\n\n<p>\ud558\uc774\uce20\ubca0\ub974\ud06c\uc2a4\ud2b8\ub77c\uc138 12<br>A-1230 \ube48 <\/p>\n\n\n\n<p>\uc624\uc2a4\ud2b8\ub9ac\uc544<\/p>\n\n\n\n<p><a rel=\"noreferrer noopener\" href=\"https:\/\/what3words.com\/flexibler.weiter.fein\" target=\"_blank\">\uc720\uc5f0\ud55c.\uacc4\uc18d.\ubbf8\uc138\ud55c<\/a>&nbsp;<br><strong>\uc804\ud654: +43\/1\/894-27-37<\/strong><br><strong>\ud329\uc2a4: +43\/1\/894-20-28<\/strong><\/p>\n\n\n\n<p>\uc0ac\uc5c5\uc790 \ub4f1\ub85d \ubc88\ud638: FN 102274d<br>\ubc95\uc6d0: \ube48 \uc0c1\uc5c5 \ubc95\uc6d0<br>\ubc95\uc801 \ud615\ud0dc: GmbH<br>UID-Nummer: ATU 37096904<\/p>\n<\/div>\n\n\n\n<div class=\"wp-block-column is-layout-flow wp-block-column-is-layout-flow\" style=\"flex-basis:20%\"><\/div>\n\n\n\n<div class=\"wp-block-column is-layout-flow wp-block-column-is-layout-flow\" style=\"flex-basis:40%\">\n<h3 class=\"wp-block-heading\"><strong>\ube0c\ub93c\ub354 \ub178\ud1a0\ub2c8 CR \uc720\ud55c\ud68c\uc0ac<\/strong><\/h3>\n\n\n\n<p>\ubb8c\ud5e8 \uac70\ub9ac 67<br>83395 \ud504\ub77c\uc774\ub77c\uc2f1<\/p>\n\n\n\n<p>\ub3c5\uc77c<br><strong>\uc804\ud654: +49\/0\/8654-608-664<\/strong><br><strong>\ud329\uc2a4: +49\/0\/8654-608-964<\/strong><br>UID \ubc88\ud638: DE 363802865<\/p>\n<\/div>\n<\/div>\n<\/div>\n\n\n\n<div class=\"wp-block-column is-layout-flow wp-block-column-is-layout-flow\" style=\"flex-basis:15%\"><\/div>\n<\/div>\n\n\n\n<hr class=\"wp-block-separator has-alpha-channel-opacity\"\/>\n\n\n\n<div class=\"wp-block-columns is-layout-flex wp-container-core-columns-is-layout-9d6595d7 wp-block-columns-is-layout-flex\">\n<div class=\"wp-block-column is-layout-flow wp-block-column-is-layout-flow\" style=\"flex-basis:15%\"><\/div>\n\n\n\n<div class=\"wp-block-column is-layout-flow wp-block-column-is-layout-flow\" style=\"flex-basis:70%\">\n<p><\/p>\n\n\n\n<h3 class=\"wp-block-heading\"><strong>14 UGB\uc5d0 \ub530\ub978 \uae30\ud0c0 \uc815\ubcf4<\/strong><\/h3>\n\n\n\n<p>\uc0ac\uc5c5\uc790 \ub4f1\ub85d \ubc88\ud638: FN 102274d<br>Firmenbuchgericht: Wien<\/p>\n\n\n\n<p>\uc804\ud654\ubc88\ud638: 0043 1 894 2737<\/p>\n\n\n\n<p>\uc6f9: \uc774\uba54\uc77c:&nbsp;<\/p>\n\n\n\n<p>\uc815\ubd80 grm. \uc804\uc790\uc0c1\uac70\ub798\ubc95 (E-Commerce Gesetz)<\/p>\n\n\n\n<p>XXIII. \uad6c\uc758 \uad70\uccad<\/p>\n\n\n\n<p>\uc801\uc6a9 \uac00\ub2a5\ud55c \ubc95\uaddc: \uc0ac\uc5c5\ubc95<\/p>\n\n\n\n<p>\uae30\ud0c0 \uac10\ub3c5 \uae30\uad00 (ECG\uc5d0 \ub530\ub978): \uc5c6\uc74c<\/p>\n<\/div>\n\n\n\n<div class=\"wp-block-column is-layout-flow wp-block-column-is-layout-flow\" style=\"flex-basis:15%\"><\/div>\n<\/div>\n\n\n\n<hr class=\"wp-block-separator has-alpha-channel-opacity\"\/>\n\n\n\n<div class=\"wp-block-columns is-layout-flex wp-container-core-columns-is-layout-9d6595d7 wp-block-columns-is-layout-flex\">\n<div class=\"wp-block-column is-layout-flow wp-block-column-is-layout-flow\" style=\"flex-basis:15%\"><\/div>\n\n\n\n<div class=\"wp-block-column is-layout-flow wp-block-column-is-layout-flow\" style=\"flex-basis:70%\">\n<p><\/p>\n\n\n\n<h3 class=\"wp-block-heading\"><strong>\ubbf8\ub514\uc5b4\ubc95\uc5d0 \ub530\ub978 \uacf5\uac1c<\/strong><\/h3>\n\n\n\n<p>\ubbf8\ub514\uc5b4 \uc18c\uc720\uc8fc: Br\u00fcder Nowotny CR GmbH<\/p>\n\n\n\n<p>\ubcf8\uc0ac (\uc8fc\ub41c \uc0ac\ubb34\uc18c \uc18c\uc7ac\uc9c0): \ube48<\/p>\n\n\n\n<p>\uc0ac\uc5c5 \ubaa9\uc801: \uae08 \ubc0f \uc740\uc138\uacf5, \ud2b9\ud788 \uace0\ud488\uc9c8 \uae08 \ubc0f \ubc31\uae08 \ud569\uae08\uc73c\ub85c \uacb0\ud63c\ubc18\uc9c0 \ubc0f \ud30c\ud2b8\ub108 \ubc18\uc9c0 \uc81c\uc870<\/p>\n<\/div>\n\n\n\n<div class=\"wp-block-column is-layout-flow wp-block-column-is-layout-flow\" style=\"flex-basis:15%\"><\/div>\n<\/div>\n\n\n\n<hr class=\"wp-block-separator has-alpha-channel-opacity\"\/>\n\n\n\n<div class=\"wp-block-columns is-layout-flex wp-container-core-columns-is-layout-9d6595d7 wp-block-columns-is-layout-flex\">\n<div class=\"wp-block-column is-layout-flow wp-block-column-is-layout-flow\" style=\"flex-basis:15%\"><\/div>\n\n\n\n<div class=\"wp-block-column is-layout-flow wp-block-column-is-layout-flow\" style=\"flex-basis:70%\">\n<p><\/p>\n\n\n\n<h3 class=\"wp-block-heading\"><strong><strong>\ube48 \uacbd\uc81c\uc0ac\uc808\ub2e8 \ud68c\uc6d0<\/strong><\/strong><\/h3>\n\n\n\n<p>\uc9c1\ub2a5 \/ \uc9c1\uc885<\/p>\n\n\n\n<p>LI \uacf5\uc608<br>\uae08\uc740\uc138\uacf5<\/p>\n\n\n\n<p>\uc804\ubb38\uc9c1\uc5c5 \uad00\ub828 \ud2b9\uc815 \uaddc\uc815\uc740 \uc804\ubb38 \ubd84\uc57c \uc6f9\uc0ac\uc774\ud2b8 \ub610\ub294 \uc5f0\ubc29 \ubc95\ub960 \uc815\ubcf4 \uc2dc\uc2a4\ud15c\uc5d0\uc11c \ucc3e\uc744 \uc218 \uc788\uc2b5\ub2c8\ub2e4.<\/p>\n<\/div>\n\n\n\n<div class=\"wp-block-column is-layout-flow wp-block-column-is-layout-flow\" style=\"flex-basis:15%\"><\/div>\n<\/div>\n\n\n\n<hr class=\"wp-block-separator has-alpha-channel-opacity\"\/>\n\n\n\n<div class=\"wp-block-columns is-layout-flex wp-container-core-columns-is-layout-9d6595d7 wp-block-columns-is-layout-flex\">\n<div class=\"wp-block-column is-layout-flow wp-block-column-is-layout-flow\" style=\"flex-basis:15%\"><\/div>\n\n\n\n<div class=\"wp-block-column is-layout-flow wp-block-column-is-layout-flow\" style=\"flex-basis:70%\">\n<p><\/p>\n\n\n\n<h3 class=\"wp-block-heading\"><strong><strong><strong>\ucd94\uac00 \uc0ac\uc5c5\uc7a5<\/strong><\/strong><\/strong><\/h3>\n\n\n\n<p>\ube48 | \uc804\uc0ac\uc801 \ub370\uc774\ud130<\/p>\n\n\n\n<p>1230 \ube44\uc5d4\ub098, \ud558\uc774\uc988\ubca0\ub974\ud06c\uc288\ud2b8\ub77c\uc138 12 | \uae08\uc138\uacf5 \ubc0f \uc740\uc138\uacf5\uc18c<\/p>\n\n\n\n<p>\uc624\uc2a4\ud2b8\ub9ac\uc544\uc758 \uae30\uc5c5 \uc704\uce58<\/p>\n\n\n\n<p>\ube48<\/p>\n<\/div>\n\n\n\n<div class=\"wp-block-column is-layout-flow wp-block-column-is-layout-flow\" style=\"flex-basis:15%\"><\/div>\n<\/div>","protected":false},"excerpt":{"rendered":"<p>Br\u00fcder Nowotny CR GmbH seit 1881 Mag. (FH) Cornelia Gruber-RueschGesch\u00e4ftsf\u00fchrerinGIA Diamonds Graduate Heizwerkstrasse 12A-1230 Wien \u00d6sterreich \/\/\/flexibler.weiter.fein&nbsp;Tel.: +43\/1\/894-27-37Fax: +43\/1\/894-20-28 Firmenbuchnummer: FN 102274dFirmengericht: Handelsgericht WienRechtsform: GmbHUID-Nummer: ATU 37096904 Br\u00fcder Nowotny CR GmbH M\u00fcnchener Str. 6783395 Freilassing DeutschlandTel.: +49\/0\/8654-608-664Fax: +49\/0\/8654-608-964UID Nummer: DE 363802865 Sonstige Informationen nach 14 UGB Firmenbuchnummer: FN 102274dFirmenbuchgericht: Wien Telefon* : 0043 1 894 [&hellip;]<\/p>","protected":false},"author":1,"featured_media":0,"parent":0,"menu_order":0,"comment_status":"closed","ping_status":"closed","template":"","meta":{"footnotes":""},"class_list":["post-465","page","type-page","status-publish","hentry"],"_links":{"self":[{"href":"https:\/\/collection-ruesch.at\/ko\/wp-json\/wp\/v2\/pages\/465","targetHints":{"allow":["GET"]}}],"collection":[{"href":"https:\/\/collection-ruesch.at\/ko\/wp-json\/wp\/v2\/pages"}],"about":[{"href":"https:\/\/collection-ruesch.at\/ko\/wp-json\/wp\/v2\/types\/page"}],"author":[{"embeddable":true,"href":"https:\/\/collection-ruesch.at\/ko\/wp-json\/wp\/v2\/users\/1"}],"replies":[{"embeddable":true,"href":"https:\/\/collection-ruesch.at\/ko\/wp-json\/wp\/v2\/comments?post=465"}],"version-history":[{"count":15,"href":"https:\/\/collection-ruesch.at\/ko\/wp-json\/wp\/v2\/pages\/465\/revisions"}],"predecessor-version":[{"id":1698,"href":"https:\/\/collection-ruesch.at\/ko\/wp-json\/wp\/v2\/pages\/465\/revisions\/1698"}],"wp:attachment":[{"href":"https:\/\/collection-ruesch.at\/ko\/wp-json\/wp\/v2\/media?parent=465"}],"curies":[{"name":"wp","href":"https:\/\/api.w.org\/{rel}","templated":true}]}}