{"id":278,"date":"2023-01-16T12:45:35","date_gmt":"2023-01-16T11:45:35","guid":{"rendered":"https:\/\/collection-ruesch.at\/?page_id=278"},"modified":"2023-04-14T16:29:33","modified_gmt":"2023-04-14T14:29:33","slug":"unternehmen","status":"publish","type":"page","link":"https:\/\/collection-ruesch.at\/ko\/unternehmen\/","title":{"rendered":"\ud68c\uc0ac"},"content":{"rendered":"<div class=\"wp-block-columns is-layout-flex wp-container-core-columns-is-layout-9d6595d7 wp-block-columns-is-layout-flex\">\n<div class=\"wp-block-column is-layout-flow wp-block-column-is-layout-flow\" style=\"flex-basis:10%\"><\/div>\n\n\n\n<div class=\"wp-block-column is-layout-flow wp-block-column-is-layout-flow\">\n<figure class=\"wp-block-image size-large\"><img loading=\"lazy\" decoding=\"async\" width=\"1024\" height=\"315\" src=\"https:\/\/collection-ruesch.at\/aglopips\/2023\/02\/company_home_bg-1024x315.jpg\" alt=\"\" class=\"wp-image-376\" srcset=\"https:\/\/collection-ruesch.at\/aglopips\/2023\/02\/company_home_bg-1024x315.jpg 1024w, https:\/\/collection-ruesch.at\/aglopips\/2023\/02\/company_home_bg-300x92.jpg 300w, https:\/\/collection-ruesch.at\/aglopips\/2023\/02\/company_home_bg-768x236.jpg 768w, https:\/\/collection-ruesch.at\/aglopips\/2023\/02\/company_home_bg-1536x472.jpg 1536w, https:\/\/collection-ruesch.at\/aglopips\/2023\/02\/company_home_bg.jpg 1600w\" sizes=\"auto, (max-width: 1024px) 100vw, 1024px\" \/><\/figure>\n<\/div>\n\n\n\n<div class=\"wp-block-column is-layout-flow wp-block-column-is-layout-flow\">\n<p>\ube0c\ub93c\ub354 \ub178\ud1a0\ub2c8(Br\u00fcder Nowotny)\uc0ac\ub294 1881\ub144\uc5d0 \uc124\ub9bd\ub418\uc5c8\uc73c\uba70, \ud604\uc7ac 4\ub300\uc640 5\ub300 \uacbd\uc601\uc790\uc778 \uae08\uc138\uacf5 \uc7a5\uc778 \ud504\ub9ac\ub4dc\ub9ac\ud788 \ub8e8\uc5d0\uc26c(Friedrich Ruesch)\uc640 GIA \ub2e4\uc774\uc544\ubaac\ub4dc \uc878\uc5c5\uc0dd\uc778 \ucf54\ub974\ub12c\ub9ac\uc544 \uadf8\ub8e8\ubc84-\ub8e8\uc5d0\uc26c(Cornelia Gruber-Ruesch)\uac00 \uc774\ub04c\uace0 \uc788\ub294 \uc131\uacf5\uc801\uc778, \uc18c\uc720\uc8fc\uac00 \uacbd\uc601\ud558\ub294 \uac00\uc871 \uae30\uc5c5\uc785\ub2c8\ub2e4. \uc800\ud76c\ub294 Collection Ruesch\ub77c\ub294 \ube0c\ub79c\ub4dc \uc774\ub984\uc73c\ub85c \uc720\ub7fd\uc744 \ub118\uc5b4 \uc624\uc2a4\ud2b8\ub9ac\uc544 \ucd5c\uace0\uc758 \uacb0\ud63c\ubc18\uc9c0 \uc0dd\uc0b0 \uc5c5\uccb4\ub85c\uc11c \uc804\ubb38 \uc18c\ub9e4\uc810\uc5d0 \ub0a9\ud488\ud558\ub294 \uac83\uc744 \uc790\ub791\uc2a4\ub7fd\uac8c \uc0dd\uac01\ud569\ub2c8\ub2e4.<\/p>\n<p>\ube44\uc5d4\ub098\uc5d0 \uc788\ub294 \ubcf8\uc0ac\uc5d0\uc11c\ub294 \uace0\uae09 \uae08 \ubc0f \ubc31\uae08 \ud569\uae08\uc73c\ub85c \ub41c \uacb0\ud63c\ubc18\uc9c0\uc640 \ucee4\ud50c\ub9c1\uc744 \uc81c\uc791\ud569\ub2c8\ub2e4. \ub514\uc790\uc774\ub108\uc640 \uae08\uc138\uacf5\uc0ac\ub4e4\uc740 \uc2e0\uae30\uc220\uc744 \uc811\ubaa9\ud558\uc5ec \ub9e4\ub144 100\uac1c \uc774\uc0c1\uc758 \uc644\ubcbd\ud55c \ub514\uc790\uc778\uc758 \ucd5c\uc2e0 \uc720\ud589\ud558\ub294 \uacb0\ud63c\ubc18\uc9c0 \ubaa8\ub378\uc744 \ub514\uc790\uc778\ud569\ub2c8\ub2e4. \ubaa8\ub4e0 \ubc18\uc9c0\ub294 \uac00\uc7a5 \uc5c4\uaca9\ud55c \ud488\uc9c8 \uae30\uc900\uc744 \uac70\uce58\uba70 \uc800\ud76c \ud68c\uc0ac \ub85c\uace0\uac00 \uc548\ucabd\uc5d0 \uac01\uc778\ub429\ub2c8\ub2e4. \uc800\ud76c \ubaa8\ub378\uc758 \ub3c5\ud2b9\ud568 \ub54c\ubb38\uc5d0 \ub514\uc790\uc778 \ud2b9\ud5c8\ub97c \uc2e0\uccad\ud569\ub2c8\ub2e4. \uace0\uac1d\uc758 \ubc14\ub78c\uc774 \ud56d\uc0c1 \uc800\ud76c\uc758 \uc911\uc2ec\uc774\uba70, \uc774\ub97c \ud1b5\ud574 \ub9e4\uc6b0 \uac1c\uc131 \uc788\ub294 \ub2e4\uc591\ud55c \ubc18\uc9c0 \ub514\uc790\uc778\uc744 \uc0dd\uc0b0\ud569\ub2c8\ub2e4.<\/p>\n<p>\uc800\ud76c \uceec\ub809\uc158\uc5d0\uc11c \uc601\uac10\uc744 \uc5bb\uace0 \uc800\ud76c\ub9cc\uc758 \ub3c5\ud2b9\ud55c \uc6e8\ub529 \ub9c1\uc758 \uc138\uacc4\ub85c \ube60\uc838\ubcf4\uc138\uc694!<\/p>\n<\/div>\n\n\n\n<div class=\"wp-block-column is-layout-flow wp-block-column-is-layout-flow\" style=\"flex-basis:10%\"><\/div>\n<\/div>\n\n\n\n<div class=\"wp-block-columns is-layout-flex wp-container-core-columns-is-layout-9d6595d7 wp-block-columns-is-layout-flex\">\n<div class=\"wp-block-column is-layout-flow wp-block-column-is-layout-flow\" style=\"flex-basis:10%\"><\/div>\n\n\n\n<div class=\"wp-block-column is-layout-flow wp-block-column-is-layout-flow\"><\/div>\n\n\n\n<div class=\"wp-block-column is-layout-flow wp-block-column-is-layout-flow\"><\/div>\n\n\n\n<div class=\"wp-block-column is-layout-flow wp-block-column-is-layout-flow\" style=\"flex-basis:10%\"><\/div>\n<\/div>\n\n\n\n<div class=\"wp-block-columns is-layout-flex wp-container-core-columns-is-layout-9d6595d7 wp-block-columns-is-layout-flex\">\n<div class=\"wp-block-column is-layout-flow wp-block-column-is-layout-flow\" style=\"flex-basis:10%\"><\/div>\n\n\n\n<div class=\"wp-block-column is-layout-flow wp-block-column-is-layout-flow\">\n<h3 class=\"wp-block-heading\">\ud569\uae08 \ubc0f \ube4c\ub9bf \uc81c\uc870<\/h3>\n\n\n\n<p>\ucc98\uc74c\uc5d0\ub294 \ubc31\uae08, \uae08, \uc740, \ud314\ub77c\ub4d0 \ubc0f \uad6c\ub9ac\ub97c \uac00\uc7a5 \uc21c\uc218\ud55c \ud615\ud0dc\ub85c \uc81c\uacf5\ud569\ub2c8\ub2e4. \uc81c\uc870\uc5d0 \ud544\uc694\ud55c \uc131\ubd84\uc740 \uc815\ubc00 \uc800\uc6b8\uc744 \uc0ac\uc6a9\ud558\uc5ec \uc815\ud655\ud55c \ud63c\ud569 \ube44\uc728\ub85c \uacc4\ub7c9\ub418\uba70, \ud604\ub300\uc2dd \uc720\ub3c4 \uc124\ube44\uc5d0\uc11c \uade0\uc9c8\ud55c \ud569\uae08\uc73c\ub85c \uc6a9\uc735\ub418\uc5b4 \uc5f0\uc18d \uc8fc\uc870\ud310 \ud615\ud0dc\ub85c \ub9cc\ub4e4\uc5b4\uc9d1\ub2c8\ub2e4.<\/p>\n\n\n\n<p>\uc774\ub7ec\ud55c \ud310\uc7ac\ub294 \uc5ec\ub7ec \uc815\ubc00\ud558\uac8c \uc870\uc815\ub41c \uacf5\uc815\uc744 \uac70\uccd0 \uc644\ubcbd\ud558\uace0 \uc774\uc74c\ub9e4 \uc5c6\ub294 \uacb0\ud63c \ubc18\uc9c0 \uc7ac\ub8cc\ub85c \uc131\ud615\ub429\ub2c8\ub2e4. \uc774\uac83\uc774 \ub2e4\uc74c \uc791\uc5c5 \ub2e8\uacc4\uc758 \uae30\ucd08\uac00 \ub429\ub2c8\ub2e4.<\/p>\n<\/div>\n\n\n\n<div class=\"wp-block-column is-layout-flow wp-block-column-is-layout-flow\">\n<figure class=\"wp-block-image size-full\"><img loading=\"lazy\" decoding=\"async\" width=\"524\" height=\"350\" src=\"https:\/\/collection-ruesch.at\/aglopips\/2023\/03\/1_1_Herstellung_573f0c2e1b4e2.jpg\" alt=\"\" class=\"wp-image-638\" srcset=\"https:\/\/collection-ruesch.at\/aglopips\/2023\/03\/1_1_Herstellung_573f0c2e1b4e2.jpg 524w, https:\/\/collection-ruesch.at\/aglopips\/2023\/03\/1_1_Herstellung_573f0c2e1b4e2-300x200.jpg 300w\" sizes=\"auto, (max-width: 524px) 100vw, 524px\" \/><\/figure>\n<\/div>\n\n\n\n<div class=\"wp-block-column is-layout-flow wp-block-column-is-layout-flow\" style=\"flex-basis:10%\"><\/div>\n<\/div>\n\n\n<h1>&nbsp;<\/h1>\n\n\n<div class=\"wp-block-columns is-layout-flex wp-container-core-columns-is-layout-9d6595d7 wp-block-columns-is-layout-flex\">\n<div class=\"wp-block-column is-layout-flow wp-block-column-is-layout-flow\" style=\"flex-basis:10%\"><\/div>\n\n\n\n<div class=\"wp-block-column is-layout-flow wp-block-column-is-layout-flow\">\n<figure class=\"wp-block-image size-full\"><img loading=\"lazy\" decoding=\"async\" width=\"524\" height=\"350\" src=\"https:\/\/collection-ruesch.at\/aglopips\/2023\/03\/image-56.png\" alt=\"\" class=\"wp-image-655\" srcset=\"https:\/\/collection-ruesch.at\/aglopips\/2023\/03\/image-56.png 524w, https:\/\/collection-ruesch.at\/aglopips\/2023\/03\/image-56-300x200.png 300w\" sizes=\"auto, (max-width: 524px) 100vw, 524px\" \/><\/figure>\n<\/div>\n\n\n\n<div class=\"wp-block-column is-layout-flow wp-block-column-is-layout-flow\">\n<h3 class=\"wp-block-heading\">\ub2e4\uc0c9 \uacb0\ud63c \ubc18\uc9c0<\/h3>\n\n\n\n<p>\u201e\ucf5c\ub809\uc158 \ub8e8\uc26c\u201c\uc758 \ub9ce\uc740 \ubaa8\ub378\uc740 \ub450 \uac00\uc9c0 \ub610\ub294 \uc138 \uac00\uc9c0 \uc0c9\uc0c1\uc758 \ub9c1 \ub610\ub294 \ub2e4\ub978 \ud569\uae08\uc73c\ub85c \ub9cc\ub4e4\uc5b4\uc9d1\ub2c8\ub2e4. \uc774\ub4e4\uc744 \uc601\uad6c\uc801\uc774\uace0 \ub5bc\uc5b4\ub0bc \uc218 \uc5c6\ub3c4\ub85d \uacb0\ud569\ud558\uae30 \uc704\ud574 \ub9c1\uc740 \ud2b9\uc218 \uc7a5\ube44\uc5d0\uc11c \uc9c4\uacf5 \uc0c1\ud0dc\ub85c \uc18c\uacb0\ub429\ub2c8\ub2e4. \uc774 \uae30\uc220\uc5d0\uc11c\ub294 \uac1c\ubcc4 \ubd80\ud488\uc774 \ub2e8\uc21c\ud788 \ub0a9\ub55c\ub418\ub294 \uac83\uc774 \uc544\ub2c8\ub77c, \ubcf5\uc7a1\ud55c \uacf5\uc815\uc744 \ud1b5\ud574 \uc644\uc804\ud788 \uc774\uc74c\uc0c8 \uc5c6\uace0 \uae30\uacf5 \uc5c6\uc774 \uacb0\ud569\ub418\uc5b4 \ud558\ub098\uc758 \uade0\uc9c8\ud55c \uc7ac\ub8cc\ub85c \uac00\uacf5\ub420 \uc218 \uc788\uc2b5\ub2c8\ub2e4.<\/p>\n\n\n\n<p>\ud2b9\ubcc4\ud55c \ubaa8\ub378\uc758 \uacbd\uc6b0, \ub450 \ubd80\ubd84\uc744 \uc601\uad6c\uc801\uc73c\ub85c \uc5f0\uacb0\ud558\uae30 \uc704\ud55c \ucd5c\uace0\uc758 \ubc29\ubc95\uc740 \uc5ec\uc804\ud788 \ub9c1 \ubd80\ud488\uc744 \ub0a9\ub55c\ud558\ub294 \uac83\uc785\ub2c8\ub2e4. \uc5ec\uae30\uc11c \uc6b0\ub9ac\uc758 \ub6f0\uc5b4\ub09c \uae08\uc138\uacf5\uc0ac\uc758 \uae30\uc220\uc740 \uc644\ubcbd\ud55c \uc791\uc5c5\uc744 \uc704\ud55c \uc804\uc81c \uc870\uac74\uc785\ub2c8\ub2e4.<\/p>\n<\/div>\n\n\n\n<div class=\"wp-block-column is-layout-flow wp-block-column-is-layout-flow\" style=\"flex-basis:10%\"><\/div>\n<\/div>\n\n\n\n<div class=\"wp-block-columns is-layout-flex wp-container-core-columns-is-layout-9d6595d7 wp-block-columns-is-layout-flex\">\n<div class=\"wp-block-column is-layout-flow wp-block-column-is-layout-flow\">\n<div class=\"wp-block-columns is-layout-flex wp-container-core-columns-is-layout-9d6595d7 wp-block-columns-is-layout-flex\">\n<div class=\"wp-block-column is-layout-flow wp-block-column-is-layout-flow\" style=\"flex-basis:10%\"><\/div>\n\n\n\n<div class=\"wp-block-column is-layout-flow wp-block-column-is-layout-flow\">\n<h3 class=\"wp-block-heading\">\uc120\ubc18 \ubc0f \ubc00\ub9c1<\/h3>\n\n\n\n<p>\uc774 \uc791\uc5c5 \ub2e8\uacc4\uc5d0\uc11c \ucc98\uc74c\uc5d0\ub294 \ub208\uc5d0 \ub744\uc9c0 \uc54a\ub358 \uc6e8\ub529 \ubc34\ub4dc \ube48 \ubd09\uc7ac\uc5d0\uc11c \uc644\ubcbd\ud55c \uce58\uc218\ub97c \uac00\uc9c4 \uac70\uc758 \uc644\uc131\ub41c \ubc18\uc9c0\uac00 \ub9cc\ub4e4\uc5b4\uc9d1\ub2c8\ub2e4. CNC \uc81c\uc5b4 \uc815\ubc00 \uc120\ubc18\uc744 \uc774\uc6a9\ud55c \uc77c\ub828\uc758 \uc791\uc5c5 \uacf5\uc815\uc744 \ud1b5\ud574 \uace0\uac1d\uc758 \uac1c\ubcc4 \uc0ac\uc591\uc5d0 \ub530\ub77c \uc678\ubd80 \ubc0f \ub0b4\ubd80 \ubc18\uc9c0\ub984\uc774 \uc81c\uc791\ub429\ub2c8\ub2e4. \uc774\ub97c \ud1b5\ud574 \uc608\ub97c \ub4e4\uc5b4 \ubcf4\uc11d\uc744 \uc7a5\ucc29\ud560 \ud2c0\uc774 \uc900\ube44\ub418\uace0 \ucd95\uc774\ub098 \uc120\uc774 \ubc00\ub9c1\ub429\ub2c8\ub2e4.<\/p>\n<\/div>\n\n\n\n<div class=\"wp-block-column is-layout-flow wp-block-column-is-layout-flow\">\n<figure class=\"wp-block-image size-full\"><img loading=\"lazy\" decoding=\"async\" width=\"524\" height=\"350\" src=\"https:\/\/collection-ruesch.at\/aglopips\/2023\/03\/image-57.png\" alt=\"\" class=\"wp-image-659\" srcset=\"https:\/\/collection-ruesch.at\/aglopips\/2023\/03\/image-57.png 524w, https:\/\/collection-ruesch.at\/aglopips\/2023\/03\/image-57-300x200.png 300w\" sizes=\"auto, (max-width: 524px) 100vw, 524px\" \/><\/figure>\n<\/div>\n\n\n\n<div class=\"wp-block-column is-layout-flow wp-block-column-is-layout-flow\" style=\"flex-basis:10%\"><\/div>\n<\/div>\n<\/div>\n<\/div>\n\n\n\n<div class=\"wp-block-columns is-layout-flex wp-container-core-columns-is-layout-9d6595d7 wp-block-columns-is-layout-flex\">\n<div class=\"wp-block-column is-layout-flow wp-block-column-is-layout-flow\" style=\"flex-basis:10%\"><\/div>\n\n\n\n<div class=\"wp-block-column is-layout-flow wp-block-column-is-layout-flow\">\n<figure class=\"wp-block-image size-full\"><img loading=\"lazy\" decoding=\"async\" width=\"524\" height=\"350\" src=\"https:\/\/collection-ruesch.at\/aglopips\/2023\/04\/image-58.png\" alt=\"\" class=\"wp-image-779\" srcset=\"https:\/\/collection-ruesch.at\/aglopips\/2023\/04\/image-58.png 524w, https:\/\/collection-ruesch.at\/aglopips\/2023\/04\/image-58-300x200.png 300w, https:\/\/collection-ruesch.at\/aglopips\/2023\/04\/image-58-18x12.png 18w\" sizes=\"auto, (max-width: 524px) 100vw, 524px\" \/><\/figure>\n<\/div>\n\n\n\n<div class=\"wp-block-column is-layout-flow wp-block-column-is-layout-flow\">\n<h3 class=\"wp-block-heading\">\ub2e4\uc774\uc544\ubaac\ub4dc \ubb36\uae30<\/h3>\n\n\n\n<p>\uc800\ud76c\uac00 \uc0ac\uc6a9\ud558\ub294 \ub2e4\uc774\uc544\ubaac\ub4dc\ub294 100% \ubd84\uc7c1 \uc5c6\ub294 \uc9c0\uc5ed\uc5d0\uc11c \ucc44\uad74\ub41c \uac83\uc785\ub2c8\ub2e4.<\/p>\n\n\n\n<p>\uc138\ud305 \uc804\uc5d0 \ubcf4\uc11d\uc758 \ubb34\uac8c\ub97c \uce21\uc815\ud558\uace0 \uc804\ubb38\uac00\uac00 \ud488\uc9c8\uc744 \uac80\uc218\ud569\ub2c8\ub2e4. \uac01 \uacb0\ud63c\ubc18\uc9c0\uc5d0 \ubcf4\uc11d\uc744 \uc138\ud305\ud558\ub294 \uc791\uc5c5\uc740 \ub6f0\uc5b4\ub09c \ud6c8\ub828\uc744 \ubc1b\uc740 \uc800\ud76c \ubcf4\uc11d \uc138\uacf5 \uc804\ubb38\uac00\ub4e4\uc774 \uc218\uc791\uc5c5\uc73c\ub85c \uc9c4\ud589\ud569\ub2c8\ub2e4.<\/p>\n<\/div>\n\n\n\n<div class=\"wp-block-column is-layout-flow wp-block-column-is-layout-flow\" style=\"flex-basis:10%\"><\/div>\n<\/div>\n\n\n\n<div class=\"wp-block-columns is-layout-flex wp-container-core-columns-is-layout-9d6595d7 wp-block-columns-is-layout-flex\">\n<div class=\"wp-block-column is-layout-flow wp-block-column-is-layout-flow\" style=\"flex-basis:10%\"><\/div>\n\n\n\n<div class=\"wp-block-column is-layout-flow wp-block-column-is-layout-flow\">\n<h3 class=\"wp-block-heading\">\ud3f4\ub9ac\uc2f1 \ubc0f \uc870\uac01<\/h3>\n\n\n\n<p>\uc8fc\uc870 \ud6c4 \ubc18\uc9c0\ub294 \ucd5c\uc885 \ub9c8\uac10 \uacf5\uc815\uc73c\ub85c \uc62e\uaca8\uc9d1\ub2c8\ub2e4. \uc219\ub828\ub41c \uc804\ubb38\uac00\ub4e4\uc774 \uc5ec\ub7ec \uc5f0\ub9c8 \ubc0f \uad11\ud0dd \uacf5\uc815\uc744 \uc0ac\uc6a9\ud558\uc5ec \uc548\ud30e\uc744 \ucd5c\uace0 \uc218\uc900\uc73c\ub85c \uad11\ud0dd\uc744 \ub0b4\uace0 \ucd5c\uc885 \ud45c\uba74\uc744 \uc644\uc131\ud569\ub2c8\ub2e4.<\/p>\n\n\n\n<p>\ub2e4\uc74c \ub2e8\uacc4\uc5d0\uc11c \uc800\ud76c \ubc18\uc9c0\uc5d0\ub294 \ud68c\uc0ac \ub85c\uace0\uc640 \uc21c\ub3c4\ub97c \uc0c8\uae30\ub294 \uac83 \uc678\uc5d0\ub3c4 \uac01\uc778\uc774 \uc0c8\uaca8\uc9c8 \uac83\uc785\ub2c8\ub2e4. \uc774 \uac01\uc778\uc740 \uc2e0\ub791 \uc2e0\ubd80 \ub9cc\ud07c\uc774\ub098 \uac1c\uc131\uc801\uc785\ub2c8\ub2e4. \ub0a0\uc9dc \uac01\uc778, \uc790\uc2e0\uc758 \ud544\uccb4, \ud2b9\ubcc4\ud55c \uc0ac\ub791\uc758 \uc0c1\uc9d5, \ub610\ub294 \ub3c5\ud2b9\ud55c \uc9c0\ubb38\uae4c\uc9c0 \uac70\uc758 \ubaa8\ub4e0 \uac83\uc774 \uac00\ub2a5\ud569\ub2c8\ub2e4.<\/p>\n<\/div>\n\n\n\n<div class=\"wp-block-column is-layout-flow wp-block-column-is-layout-flow\">\n<figure class=\"wp-block-image size-full\"><img loading=\"lazy\" decoding=\"async\" width=\"524\" height=\"350\" src=\"https:\/\/collection-ruesch.at\/aglopips\/2023\/04\/image-59.png\" alt=\"\" class=\"wp-image-780\" srcset=\"https:\/\/collection-ruesch.at\/aglopips\/2023\/04\/image-59.png 524w, https:\/\/collection-ruesch.at\/aglopips\/2023\/04\/image-59-300x200.png 300w, https:\/\/collection-ruesch.at\/aglopips\/2023\/04\/image-59-18x12.png 18w\" sizes=\"auto, (max-width: 524px) 100vw, 524px\" \/><\/figure>\n<\/div>\n\n\n\n<div class=\"wp-block-column is-layout-flow wp-block-column-is-layout-flow\" style=\"flex-basis:10%\"><\/div>\n<\/div>\n\n\n\n<div class=\"wp-block-columns is-layout-flex wp-container-core-columns-is-layout-9d6595d7 wp-block-columns-is-layout-flex\">\n<div class=\"wp-block-column is-layout-flow wp-block-column-is-layout-flow\" style=\"flex-basis:10%\"><\/div>\n\n\n\n<div class=\"wp-block-column is-layout-flow wp-block-column-is-layout-flow\">\n<figure class=\"wp-block-image size-full\"><img loading=\"lazy\" decoding=\"async\" width=\"524\" height=\"350\" src=\"https:\/\/collection-ruesch.at\/aglopips\/2023\/04\/6_1_Endkontrolle_573f0fd70d04f.jpg\" alt=\"\" class=\"wp-image-778\" srcset=\"https:\/\/collection-ruesch.at\/aglopips\/2023\/04\/6_1_Endkontrolle_573f0fd70d04f.jpg 524w, https:\/\/collection-ruesch.at\/aglopips\/2023\/04\/6_1_Endkontrolle_573f0fd70d04f-300x200.jpg 300w, https:\/\/collection-ruesch.at\/aglopips\/2023\/04\/6_1_Endkontrolle_573f0fd70d04f-18x12.jpg 18w\" sizes=\"auto, (max-width: 524px) 100vw, 524px\" \/><\/figure>\n<\/div>\n\n\n\n<div class=\"wp-block-column is-layout-flow wp-block-column-is-layout-flow\">\n<h3 class=\"wp-block-heading\">\ucd5c\uc885 \uc810\uac80<\/h3>\n\n\n\n<p>\ub9c8\uc9c0\ub9c9 \ub2e8\uacc4\ub85c \ubaa8\ub4e0 \ubc18\uc9c0\ub294 \ucd5c\uc885 \uac80\uc218\ub97c \uac70\uce69\ub2c8\ub2e4. \uaf3c\uaf3c\ud55c \uac80\uc0ac\uad00\ub4e4\uc774 \ubaa8\ub4e0 \uc138\ubd80 \uc0ac\ud56d\uc744 \ub2e4\uc2dc \ud655\uc778\ud569\ub2c8\ub2e4. \uc608\ub97c \ub4e4\uc5b4, \ubc18\uc9c0 \uc0ac\uc774\uc988, \ub108\ube44, \ub192\uc774, \ubcf4\uc11d \uac1c\uc218, \uac01\uc778 \ub4f1\uc774 \uba74\ubc00\ud788 \uac80\ud1a0\ub429\ub2c8\ub2e4. \uae0d\uc815\uc801\uc778 \uac80\uc0ac\uac00 \uc644\ub8cc\ub418\uba74 \uc778\uc99d\uc11c\ub97c \ubc1c\uae09\ud569\ub2c8\ub2e4. \uc774 \uc778\uc99d\uc11c\ub294 \u201eCollection Ruesch\u201c\uc758 \uc624\ub9ac\uc9c0\ub110 \uc81c\ud488\uc744 \uc190\uc5d0 \uc950\uace0 \uc788\ub2e4\ub294 \ud655\uc2e0\uc744 \ub4dc\ub9bd\ub2c8\ub2e4.<\/p>\n\n\n\n<p>\ub2f9\uc0ac\uc758 \uad6d\uc81c\uc801\uc73c\ub85c \ubcf4\ud638\ub418\ub294 \uc0c1\ud45c\ub294 \ud0c0\uc6d0 \uc548\uc5d0 \ub4e4\uc5b4 \uc788\ub294 \uae08 \uc138\uacf5 \ub9dd\uce58\uc785\ub2c8\ub2e4.<\/p>\n\n\n\n<p>\ub2e4\uc74c\uacfc \uac19\uc774 \uc800\ud76c\uc758 \uc624\ub9ac\uc9c0\ub110 \uc81c\ud488\uc744 \uc989\uc2dc \uc54c\uc544\ubcf4\uc138\uc694! \u201e\ucf5c\ub809\uc158 \ub8e8\uc288(Collection Ruesch)\u201c\uc758 \ubaa8\ub4e0 \ucee4\ud50c \uacb0\ud63c\ubc18\uc9c0\ub294 \ubcf4\uc11d \ub514\uc790\uc774\ub108, \uae08\uc740 \ubc0f \ubc31\uae08 \uc138\uacf5\uc0ac, \uae30\uc220\uc790, \ubcf4\uc11d \uc138\uacf5\uc0ac, \uadf8\ub9ac\uace0 \uc5f0\ub9c8 \uacf5\uc7a5\uc758 \uc9c1\uc6d0 \ub4f1 \ub2e4\uc591\ud55c \uc804\ubb38\uac00\uc640 \uc7a5\uc778\ub4e4\uc758 \uc644\ubcbd\ud55c \ud611\ub825 \ub355\ubd84\uc5d0 \uac1c\ubcc4\uc801\uc778 \uac78\uc791\uc785\ub2c8\ub2e4. \uc774 \ubaa8\ub4e0 \uc0ac\ub78c\ub4e4\uc740 \ub2e8 \ud55c \uac00\uc9c0 \ubaa9\ud45c\ub9cc\uc744 \uac00\uc9c0\uace0 \uc788\uc2b5\ub2c8\ub2e4: \ucee4\ud50c\uc758 \ub9c8\uc74c\uc744 \uc6c0\uc9c1\uc774\uace0 \uac10\ub3d9\uc2dc\ud0ac \uac1c\uc131 \uc788\uace0 \ub3c5\ud2b9\ud55c \uafc8\uc758 \ubc18\uc9c0\ub97c \ub9cc\ub4dc\ub294 \uac83.<\/p>\n<\/div>\n\n\n\n<div class=\"wp-block-column is-layout-flow wp-block-column-is-layout-flow\" style=\"flex-basis:10%\"><\/div>\n<\/div>\n\n\n\n<p><\/p>","protected":false},"excerpt":{"rendered":"<p>Die Firma Br\u00fcder Nowotny wurde im Jahre 1881 gegr\u00fcndet und ist bis heute ein erfolgreiches, eigent\u00fcmergef\u00fchrtes Familienunternehmen -aktuell geleitet in der 4. und 5. Generation von Friedrich Ruesch, Goldschmiedemeister, und Mag (FH) Cornelia Gruber-Ruesch, GIA Diamonds Graduate. Wir sind stolz, unter dem Markennamen Collection Ruesch auch \u00fcber Europas Grenzen hinaus gehend als \u00d6sterreichs f\u00fchrender Trauringproduzent, [&hellip;]<\/p>","protected":false},"author":1,"featured_media":0,"parent":0,"menu_order":0,"comment_status":"closed","ping_status":"closed","template":"","meta":{"footnotes":""},"class_list":["post-278","page","type-page","status-publish","hentry"],"_links":{"self":[{"href":"https:\/\/collection-ruesch.at\/ko\/wp-json\/wp\/v2\/pages\/278","targetHints":{"allow":["GET"]}}],"collection":[{"href":"https:\/\/collection-ruesch.at\/ko\/wp-json\/wp\/v2\/pages"}],"about":[{"href":"https:\/\/collection-ruesch.at\/ko\/wp-json\/wp\/v2\/types\/page"}],"author":[{"embeddable":true,"href":"https:\/\/collection-ruesch.at\/ko\/wp-json\/wp\/v2\/users\/1"}],"replies":[{"embeddable":true,"href":"https:\/\/collection-ruesch.at\/ko\/wp-json\/wp\/v2\/comments?post=278"}],"version-history":[{"count":30,"href":"https:\/\/collection-ruesch.at\/ko\/wp-json\/wp\/v2\/pages\/278\/revisions"}],"predecessor-version":[{"id":806,"href":"https:\/\/collection-ruesch.at\/ko\/wp-json\/wp\/v2\/pages\/278\/revisions\/806"}],"wp:attachment":[{"href":"https:\/\/collection-ruesch.at\/ko\/wp-json\/wp\/v2\/media?parent=278"}],"curies":[{"name":"wp","href":"https:\/\/api.w.org\/{rel}","templated":true}]}}