{"id":241,"date":"2022-11-30T19:36:01","date_gmt":"2022-11-30T18:36:01","guid":{"rendered":"https:\/\/collection-ruesch.at\/?page_id=241"},"modified":"2025-06-13T11:44:25","modified_gmt":"2025-06-13T09:44:25","slug":"241-2","status":"publish","type":"page","link":"https:\/\/collection-ruesch.at\/ko\/","title":{"rendered":"\uc9d1"},"content":{"rendered":"<div class=\"wp-block-media-text alignwide is-stacked-on-mobile fullsizeblock\"><figure class=\"wp-block-media-text__media\"><img loading=\"lazy\" decoding=\"async\" width=\"1024\" height=\"682\" src=\"https:\/\/collection-ruesch.at\/aglopips\/2023\/03\/Classic-Collection-1024x682-2.jpg\" alt=\"Ringe mit Gravur\" class=\"wp-image-555 size-full\" srcset=\"https:\/\/collection-ruesch.at\/aglopips\/2023\/03\/Classic-Collection-1024x682-2.jpg 1024w, https:\/\/collection-ruesch.at\/aglopips\/2023\/03\/Classic-Collection-1024x682-2-300x200.jpg 300w, https:\/\/collection-ruesch.at\/aglopips\/2023\/03\/Classic-Collection-1024x682-2-768x512.jpg 768w\" sizes=\"auto, (max-width: 1024px) 100vw, 1024px\" \/><\/figure><div class=\"wp-block-media-text__content\">\n<h3 class=\"wp-block-heading\">\ud074\ub798\uc2dd \uceec\ub809\uc158<\/h3>\n\n\n\n<p>\ub2f9\uc2e0\uc758 \uc0ac\ub791\ub9cc\ud07c\uc774\ub098 \ud2b9\ubcc4\ud55c \ubc18\uc9c0! \uc774\uc81c \uc0c8\ub85c\uc6b4 \uae30\ub2a5\uc73c\ub85c \ub098\ub9cc\uc758 \uacb0\ud63c \ubc18\uc9c0\ub97c \ub514\uc790\uc778\ud558\uc138\uc694. <a href=\"https:\/\/collection-ruesch.at\/ringdetail\/\" data-type=\"page\" data-id=\"70\">3D \ucee8\ud53c\uaddc\ub808\uc774\ud130<\/a>. \uc6d0\ud558\ub294 \ud569\uae08, \ubaa8\uc591, \ub108\ube44, \ud45c\uba74, \uc2a4\ud1a4 \uc138\ud305 \ubc0f \uc778\uadf8\ub808\uc774\ube59\uc744 \uc120\ud0dd\ud560 \uc218 \uc788\uc2b5\ub2c8\ub2e4.<\/p>\n<\/div><\/div>\n\n\n\n<div class=\"wp-block-media-text alignfull has-media-on-the-right is-stacked-on-mobile is-vertically-aligned-center fullsizeblock\"><div class=\"wp-block-media-text__content\">\n<h3 class=\"wp-block-heading has-text-align-left has-text-color\" style=\"color:#000000\">\uc194\ub9ac\ud14c\uc5b4 \ub3c5\uc810<\/h3>\n\n\n\n<p class=\"has-text-align-left has-extra-small-font-size\">\uc0ac\ub791\uc5d0 \ube60\uc9c4 \uc0ac\ub78c\ub4e4\uc5d0\uac8c \uc57d\ud63c\uc740 \ud568\uaed8\ud55c \uc5ed\uc0ac\uc758 \uc774\uc815\ud45c\uc785\ub2c8\ub2e4. \uceec\ub809\uc158 \ub8e8\uc5d0\uc26c\uc758 \uc544\ub984\ub2e4\uc6b4 \uc194\ub9ac\ud14c\uc5b4 \ub9c1\uacfc \uc5b4\uc6b8\ub9ac\ub294 \uc194\ub9ac\ud14c\uc5b4 \uc8fc\uc5bc\ub9ac\ub85c \ud2b9\ubcc4\ud55c \ub7ec\ube0c \uc2a4\ud1a0\ub9ac\uc758 \ub2e4\uc74c \uc7a5\uc744 \uc368\ubcf4\uc138\uc694!<\/p>\n<\/div><figure class=\"wp-block-media-text__media\"><a href=\"https:\/\/collection-ruesch.at\/kollektionen\/?val=88\"><img loading=\"lazy\" decoding=\"async\" width=\"1024\" height=\"682\" src=\"https:\/\/collection-ruesch.at\/aglopips\/2023\/03\/Solitaire-Hand.jpg\" alt=\"\" class=\"wp-image-557 size-full\" srcset=\"https:\/\/collection-ruesch.at\/aglopips\/2023\/03\/Solitaire-Hand.jpg 1024w, https:\/\/collection-ruesch.at\/aglopips\/2023\/03\/Solitaire-Hand-300x200.jpg 300w, https:\/\/collection-ruesch.at\/aglopips\/2023\/03\/Solitaire-Hand-768x512.jpg 768w\" sizes=\"auto, (max-width: 1024px) 100vw, 1024px\" \/><\/a><\/figure><\/div>\n\n\n\n<div class=\"wp-block-media-text alignwide is-stacked-on-mobile fullsizeblock\"><figure class=\"wp-block-media-text__media\"><img loading=\"lazy\" decoding=\"async\" width=\"1024\" height=\"682\" src=\"https:\/\/collection-ruesch.at\/aglopips\/2023\/03\/Memoire-1024x682-1.jpg\" alt=\"\" class=\"wp-image-574 size-full\" srcset=\"https:\/\/collection-ruesch.at\/aglopips\/2023\/03\/Memoire-1024x682-1.jpg 1024w, https:\/\/collection-ruesch.at\/aglopips\/2023\/03\/Memoire-1024x682-1-300x200.jpg 300w, https:\/\/collection-ruesch.at\/aglopips\/2023\/03\/Memoire-1024x682-1-768x512.jpg 768w\" sizes=\"auto, (max-width: 1024px) 100vw, 1024px\" \/><\/figure><div class=\"wp-block-media-text__content\">\n<h3 class=\"wp-block-heading\">\uba54\ubaa8<\/h3>\n\n\n\n<p><br>... \ucd94\uc5b5\uc744 \uc758\ubbf8\ud569\ub2c8\ub2e4. \uba54\uc885\uc758 \uba54\ubaa8\uc5b4 \ub9c1\uc740 \ub2f9\uc2e0\uacfc \ub2f9\uc2e0\uc758 \ud30c\ud2b8\ub108\uac00 \ud568\uaed8\ud55c \uc544\ub984\ub2e4\uc6b4 \uc21c\uac04\uc744 \uae30\uc5b5\ud560 \uc218 \uc788\ub3c4\ub85d \ub514\uc790\uc778\ub418\uc5c8\uc2b5\ub2c8\ub2e4.<br>\ubaa8\ub4e0 \ub9c1 \ubaa8\ub378\uc740 \uc5b8\uc81c\ub4e0 \ud558\ub098 \uc774\uc0c1\uc758 \ub2e4\uc774\uc544\ubaac\ub4dc\ub97c \ucd94\uac00\ud560 \uc218 \uc788\ub3c4\ub85d \ub514\uc790\uc778\ub418\uc5c8\uc2b5\ub2c8\ub2e4. \uac01\uac01\uc758 \uc2a4\ud1a4\uc740 \uac1c\uac1c\uc778\uc758 \ub7ec\ube0c \uc2a4\ud1a0\ub9ac\uc5d0\uc11c \ub9e4\uc6b0 \ud2b9\ubcc4\ud55c \uc21c\uac04\uc744 \uc0c1\uc9d5\ud569\ub2c8\ub2e4!<\/p>\n\n\n\n<p><\/p>\n<\/div><\/div>","protected":false},"excerpt":{"rendered":"<p>Classic Collection So einzigartig wie Ihre Liebe! Designen Sie Ihre individuellen Trauringe jetzt NEU in unserem 3D Konfigurator. Sie w\u00e4hlen Legierung, Form, Breite, Oberfl\u00e4che, Steinbesatz und Gravur frei nach Ihren Vorstellungen. Solitaire exklusive F\u00fcr verliebte Menschen ist die Verlobung ein Meilenstein einer gemeinsamen Geschichte. Schreiben Sie das n\u00e4chste Kapitel Ihrer einzigartigen Liebesgeschichte mit einem wundersch\u00f6nen [&hellip;]<\/p>","protected":false},"author":1,"featured_media":0,"parent":0,"menu_order":0,"comment_status":"closed","ping_status":"closed","template":"template-full-width.php","meta":{"footnotes":""},"class_list":["post-241","page","type-page","status-publish","hentry"],"_links":{"self":[{"href":"https:\/\/collection-ruesch.at\/ko\/wp-json\/wp\/v2\/pages\/241","targetHints":{"allow":["GET"]}}],"collection":[{"href":"https:\/\/collection-ruesch.at\/ko\/wp-json\/wp\/v2\/pages"}],"about":[{"href":"https:\/\/collection-ruesch.at\/ko\/wp-json\/wp\/v2\/types\/page"}],"author":[{"embeddable":true,"href":"https:\/\/collection-ruesch.at\/ko\/wp-json\/wp\/v2\/users\/1"}],"replies":[{"embeddable":true,"href":"https:\/\/collection-ruesch.at\/ko\/wp-json\/wp\/v2\/comments?post=241"}],"version-history":[{"count":29,"href":"https:\/\/collection-ruesch.at\/ko\/wp-json\/wp\/v2\/pages\/241\/revisions"}],"predecessor-version":[{"id":1606,"href":"https:\/\/collection-ruesch.at\/ko\/wp-json\/wp\/v2\/pages\/241\/revisions\/1606"}],"wp:attachment":[{"href":"https:\/\/collection-ruesch.at\/ko\/wp-json\/wp\/v2\/media?parent=241"}],"curies":[{"name":"wp","href":"https:\/\/api.w.org\/{rel}","templated":true}]}}