{"id":465,"date":"2023-02-10T10:16:30","date_gmt":"2023-02-10T09:16:30","guid":{"rendered":"https:\/\/collection-ruesch.at\/?page_id=465"},"modified":"2025-11-18T09:46:19","modified_gmt":"2025-11-18T08:46:19","slug":"impressum","status":"publish","type":"page","link":"https:\/\/collection-ruesch.at\/es\/impressum\/","title":{"rendered":"Informaci\u00f3n legal"},"content":{"rendered":"<div class=\"wp-block-columns is-layout-flex wp-container-core-columns-is-layout-9d6595d7 wp-block-columns-is-layout-flex\">\n<div class=\"wp-block-column is-layout-flow wp-block-column-is-layout-flow\" style=\"flex-basis:15%\"><\/div>\n\n\n\n<div class=\"wp-block-column is-layout-flow wp-block-column-is-layout-flow\" style=\"flex-basis:70%\">\n<div class=\"wp-block-columns is-layout-flex wp-container-core-columns-is-layout-9d6595d7 wp-block-columns-is-layout-flex\">\n<div class=\"wp-block-column is-layout-flow wp-block-column-is-layout-flow\" style=\"flex-basis:40%\">\n<h3 class=\"wp-block-heading\"><strong>Hermanos Nowotny <\/strong>CR <strong>Ltd.<\/strong><\/h3>\n\n\n\n<p>desde 1881<\/p>\n\n\n\n<p>Mag. (FH) Cornelia Gruber-Ruesch<br>Director General<br>Graduado GIA Diamonds<\/p>\n\n\n\n<p><\/p>\n\n\n\n<p>Central t\u00e9rmica calle 12<br>A-1230 Viena <\/p>\n\n\n\n<p>Austria<\/p>\n\n\n\n<p><a rel=\"noreferrer noopener\" href=\"https:\/\/what3words.com\/flexibler.weiter.fein\" target=\"_blank\">\/\/\/flexible.further.fine<\/a>&nbsp;<br><strong>Tel\u00e9fono: +43\/1\/894-27-37<\/strong><br><strong>Fax: +43\/1\/894-20-28<\/strong><\/p>\n\n\n\n<p>N\u00famero de registro mercantil: FN 102274d<br>Tribunal de sociedades: Tribunal de Comercio de Viena<br>Forma jur\u00eddica: GmbH<br>N\u00famero UID: ATU 37096904<\/p>\n<\/div>\n\n\n\n<div class=\"wp-block-column is-layout-flow wp-block-column-is-layout-flow\" style=\"flex-basis:20%\"><\/div>\n\n\n\n<div class=\"wp-block-column is-layout-flow wp-block-column-is-layout-flow\" style=\"flex-basis:40%\">\n<h3 class=\"wp-block-heading\"><strong>Br\u00fcder Nowotny CR GmbH<\/strong><\/h3>\n\n\n\n<p>M\u00fcnchener Str. 67<br>83395 Freilassing<\/p>\n\n\n\n<p>Alemania<br><strong>Tel\u00e9fono: +49\/0\/8654-608-664<\/strong><br><strong>Fax: +49\/0\/8654-608-964<\/strong><br>N\u00famero UID: DE 363802865<\/p>\n<\/div>\n<\/div>\n<\/div>\n\n\n\n<div class=\"wp-block-column is-layout-flow wp-block-column-is-layout-flow\" style=\"flex-basis:15%\"><\/div>\n<\/div>\n\n\n\n<hr class=\"wp-block-separator has-alpha-channel-opacity\"\/>\n\n\n\n<div class=\"wp-block-columns is-layout-flex wp-container-core-columns-is-layout-9d6595d7 wp-block-columns-is-layout-flex\">\n<div class=\"wp-block-column is-layout-flow wp-block-column-is-layout-flow\" style=\"flex-basis:15%\"><\/div>\n\n\n\n<div class=\"wp-block-column is-layout-flow wp-block-column-is-layout-flow\" style=\"flex-basis:70%\">\n<p><\/p>\n\n\n\n<h3 class=\"wp-block-heading\"><strong>Otra informaci\u00f3n seg\u00fan 14 UGB<\/strong><\/h3>\n\n\n\n<p>N\u00famero de registro mercantil: FN 102274d<br>Tribunal del Registro Mercantil: Viena<\/p>\n\n\n\n<p>Tel\u00e9fono* : 0043 1 894 2737<\/p>\n\n\n\n<p>Web: Correo electr\u00f3nico**:&nbsp;<\/p>\n\n\n\n<p>Autoridad grm. ECG (Ley de comercio electr\u00f3nico)<\/p>\n\n\n\n<p>Oficina Magistral del Distrito XXIII<\/p>\n\n\n\n<p>Formas jur\u00eddicas aplicables: Normativa comercial<\/p>\n\n\n\n<p>Otra autoridad supervisora (seg\u00fan ECG): ninguna<\/p>\n<\/div>\n\n\n\n<div class=\"wp-block-column is-layout-flow wp-block-column-is-layout-flow\" style=\"flex-basis:15%\"><\/div>\n<\/div>\n\n\n\n<hr class=\"wp-block-separator has-alpha-channel-opacity\"\/>\n\n\n\n<div class=\"wp-block-columns is-layout-flex wp-container-core-columns-is-layout-9d6595d7 wp-block-columns-is-layout-flex\">\n<div class=\"wp-block-column is-layout-flow wp-block-column-is-layout-flow\" style=\"flex-basis:15%\"><\/div>\n\n\n\n<div class=\"wp-block-column is-layout-flow wp-block-column-is-layout-flow\" style=\"flex-basis:70%\">\n<p><\/p>\n\n\n\n<h3 class=\"wp-block-heading\"><strong>Divulgaci\u00f3n seg\u00fan la ley de medios de comunicaci\u00f3n<\/strong><\/h3>\n\n\n\n<p>Propietario del medio: Br\u00fcder Nowotny CR GmbH<\/p>\n\n\n\n<p>Sede de la empresa (ubicaci\u00f3n de la oficina principal): Viena<\/p>\n\n\n\n<p>Objeto social: Orfebrer\u00eda, en particular la fabricaci\u00f3n de alianzas de boda y de pareja en aleaciones de oro y platino de alta calidad.<\/p>\n<\/div>\n\n\n\n<div class=\"wp-block-column is-layout-flow wp-block-column-is-layout-flow\" style=\"flex-basis:15%\"><\/div>\n<\/div>\n\n\n\n<hr class=\"wp-block-separator has-alpha-channel-opacity\"\/>\n\n\n\n<div class=\"wp-block-columns is-layout-flex wp-container-core-columns-is-layout-9d6595d7 wp-block-columns-is-layout-flex\">\n<div class=\"wp-block-column is-layout-flow wp-block-column-is-layout-flow\" style=\"flex-basis:15%\"><\/div>\n\n\n\n<div class=\"wp-block-column is-layout-flow wp-block-column-is-layout-flow\" style=\"flex-basis:70%\">\n<p><\/p>\n\n\n\n<h3 class=\"wp-block-heading\"><strong><strong>Miembro de la C\u00e1mara de Comercio de Viena<\/strong><\/strong><\/h3>\n\n\n\n<p>Grupo especializado \/ profesi\u00f3n<\/p>\n\n\n\n<p>Artesan\u00eda LI<br>Orfebres y plateros<\/p>\n\n\n\n<p>En el sitio web del grupo especializado o en el sistema federal de informaci\u00f3n jur\u00eddica se puede consultar cualquier normativa profesional especial.<\/p>\n<\/div>\n\n\n\n<div class=\"wp-block-column is-layout-flow wp-block-column-is-layout-flow\" style=\"flex-basis:15%\"><\/div>\n<\/div>\n\n\n\n<hr class=\"wp-block-separator has-alpha-channel-opacity\"\/>\n\n\n\n<div class=\"wp-block-columns is-layout-flex wp-container-core-columns-is-layout-9d6595d7 wp-block-columns-is-layout-flex\">\n<div class=\"wp-block-column is-layout-flow wp-block-column-is-layout-flow\" style=\"flex-basis:15%\"><\/div>\n\n\n\n<div class=\"wp-block-column is-layout-flow wp-block-column-is-layout-flow\" style=\"flex-basis:70%\">\n<p><\/p>\n\n\n\n<h3 class=\"wp-block-heading\"><strong><strong><strong>Otras sedes de la empresa<\/strong><\/strong><\/strong><\/h3>\n\n\n\n<p>Viena | Datos de toda la empresa<\/p>\n\n\n\n<p>1230 Viena, Heizwerkstrasse 12 | Orfebrer\u00eda<\/p>\n\n\n\n<p>Ubicaci\u00f3n de la empresa en Austria<\/p>\n\n\n\n<p>Viena<\/p>\n<\/div>\n\n\n\n<div class=\"wp-block-column is-layout-flow wp-block-column-is-layout-flow\" style=\"flex-basis:15%\"><\/div>\n<\/div>","protected":false},"excerpt":{"rendered":"<p>Br\u00fcder Nowotny CR GmbH seit 1881 Mag. (FH) Cornelia Gruber-RueschGesch\u00e4ftsf\u00fchrerinGIA Diamonds Graduate Heizwerkstrasse 12A-1230 Wien \u00d6sterreich \/\/\/flexibler.weiter.fein&nbsp;Tel.: +43\/1\/894-27-37Fax: +43\/1\/894-20-28 Firmenbuchnummer: FN 102274dFirmengericht: Handelsgericht WienRechtsform: GmbHUID-Nummer: ATU 37096904 Br\u00fcder Nowotny CR GmbH M\u00fcnchener Str. 6783395 Freilassing DeutschlandTel.: +49\/0\/8654-608-664Fax: +49\/0\/8654-608-964UID Nummer: DE 363802865 Sonstige Informationen nach 14 UGB Firmenbuchnummer: FN 102274dFirmenbuchgericht: Wien Telefon* : 0043 1 894 [&hellip;]<\/p>","protected":false},"author":1,"featured_media":0,"parent":0,"menu_order":0,"comment_status":"closed","ping_status":"closed","template":"","meta":{"footnotes":""},"class_list":["post-465","page","type-page","status-publish","hentry"],"_links":{"self":[{"href":"https:\/\/collection-ruesch.at\/es\/wp-json\/wp\/v2\/pages\/465","targetHints":{"allow":["GET"]}}],"collection":[{"href":"https:\/\/collection-ruesch.at\/es\/wp-json\/wp\/v2\/pages"}],"about":[{"href":"https:\/\/collection-ruesch.at\/es\/wp-json\/wp\/v2\/types\/page"}],"author":[{"embeddable":true,"href":"https:\/\/collection-ruesch.at\/es\/wp-json\/wp\/v2\/users\/1"}],"replies":[{"embeddable":true,"href":"https:\/\/collection-ruesch.at\/es\/wp-json\/wp\/v2\/comments?post=465"}],"version-history":[{"count":15,"href":"https:\/\/collection-ruesch.at\/es\/wp-json\/wp\/v2\/pages\/465\/revisions"}],"predecessor-version":[{"id":1698,"href":"https:\/\/collection-ruesch.at\/es\/wp-json\/wp\/v2\/pages\/465\/revisions\/1698"}],"wp:attachment":[{"href":"https:\/\/collection-ruesch.at\/es\/wp-json\/wp\/v2\/media?parent=465"}],"curies":[{"name":"wp","href":"https:\/\/api.w.org\/{rel}","templated":true}]}}