{"id":430,"date":"2023-02-09T16:20:32","date_gmt":"2023-02-09T15:20:32","guid":{"rendered":"https:\/\/collection-ruesch.at\/?page_id=430"},"modified":"2023-02-10T10:08:59","modified_gmt":"2023-02-10T09:08:59","slug":"datenschutzerklaerung","status":"publish","type":"page","link":"https:\/\/collection-ruesch.at\/es\/datenschutzerklaerung\/","title":{"rendered":"Protecci\u00f3n de datos"},"content":{"rendered":"<div class=\"wp-block-columns is-layout-flex wp-container-core-columns-is-layout-9d6595d7 wp-block-columns-is-layout-flex\">\n<div class=\"wp-block-column is-layout-flow wp-block-column-is-layout-flow\" style=\"flex-basis:15%\"><\/div>\n\n\n\n<div class=\"wp-block-column is-layout-flow wp-block-column-is-layout-flow\" style=\"flex-basis:70%\">\n<h2 class=\"wp-block-heading\">Protecci\u00f3n de datos<\/h2>\n\n\n\n<p class=\"blocktext\">La protecci\u00f3n de sus datos personales es especialmente importante para nosotros. Por ello, procesamos sus datos exclusivamente sobre la base de las disposiciones legales (DSGVO, TKG 2003). En esta informaci\u00f3n sobre protecci\u00f3n de datos le informamos sobre los aspectos m\u00e1s importantes del tratamiento de datos en el marco de nuestro sitio web.<\/p>\n<\/div>\n\n\n\n<div class=\"wp-block-column is-layout-flow wp-block-column-is-layout-flow\" style=\"flex-basis:15%\"><\/div>\n<\/div>\n\n\n\n<div class=\"wp-block-columns is-layout-flex wp-container-core-columns-is-layout-9d6595d7 wp-block-columns-is-layout-flex\">\n<div class=\"wp-block-column is-layout-flow wp-block-column-is-layout-flow\" style=\"flex-basis:15%\"><\/div>\n\n\n\n<div class=\"wp-block-column is-layout-flow wp-block-column-is-layout-flow\" style=\"flex-basis:70%\">\n<hr class=\"wp-block-separator has-alpha-channel-opacity\"\/>\n\n\n\n<p><\/p>\n\n\n\n<h2 class=\"wp-block-heading\"><strong>Contacto con nosotros<\/strong><\/h2>\n\n\n\n<p class=\"blocktext\">Si se pone en contacto con nosotros a trav\u00e9s del formulario en el sitio web o por correo electr\u00f3nico, los datos que nos proporcione ser\u00e1n almacenados con el fin de procesar su solicitud y para el caso de preguntas posteriores. No transmitiremos estos datos sin su consentimiento. Los datos ser\u00e1n eliminados una vez que la tramitaci\u00f3n de su solicitud haya concluido.<\/p>\n<\/div>\n\n\n\n<div class=\"wp-block-column is-layout-flow wp-block-column-is-layout-flow\" style=\"flex-basis:15%\"><\/div>\n<\/div>\n\n\n\n<div class=\"wp-block-columns is-layout-flex wp-container-core-columns-is-layout-9d6595d7 wp-block-columns-is-layout-flex\">\n<div class=\"wp-block-column is-layout-flow wp-block-column-is-layout-flow\" style=\"flex-basis:15%\"><\/div>\n\n\n\n<div class=\"wp-block-column is-layout-flow wp-block-column-is-layout-flow\" style=\"flex-basis:70%\">\n<hr class=\"wp-block-separator has-alpha-channel-opacity\"\/>\n\n\n\n<p><\/p>\n\n\n\n<h2 class=\"wp-block-heading\"><strong><strong>Cookies<\/strong><\/strong><\/h2>\n\n\n\n<p class=\"blocktext\">Nuestro sitio web utiliza cookies. Se trata de peque\u00f1os archivos de texto que se almacenan en su dispositivo con la ayuda del navegador. No causan ning\u00fan da\u00f1o. Utilizamos cookies para hacer que nuestra oferta sea m\u00e1s f\u00e1cil de usar. Algunas cookies permanecen almacenadas en su dispositivo hasta que usted las elimina. Estas nos permiten reconocer su navegador en su pr\u00f3xima visita. Si no lo desea, puede configurar su navegador para que le informe sobre la instalaci\u00f3n de cookies y permitirlo solo en casos concretos. Al desactivar las cookies, la funcionalidad de nuestro sitio web puede verse limitada.<\/p>\n<\/div>\n\n\n\n<div class=\"wp-block-column is-layout-flow wp-block-column-is-layout-flow\" style=\"flex-basis:15%\"><\/div>\n<\/div>\n\n\n\n<div class=\"wp-block-columns is-layout-flex wp-container-core-columns-is-layout-9d6595d7 wp-block-columns-is-layout-flex\">\n<div class=\"wp-block-column is-layout-flow wp-block-column-is-layout-flow\" style=\"flex-basis:15%\"><\/div>\n\n\n\n<div class=\"wp-block-column is-layout-flow wp-block-column-is-layout-flow\" style=\"flex-basis:70%\">\n<hr class=\"wp-block-separator has-alpha-channel-opacity\"\/>\n\n\n\n<p><\/p>\n\n\n\n<h2 class=\"wp-block-heading\"><strong><strong><strong>Declaraci\u00f3n de privacidad para el uso de Google Analytics<\/strong><\/strong><\/strong><\/h2>\n\n\n\n<p class=\"blocktext\">Este sitio web utiliza Google Analytics, un servicio de an\u00e1lisis web de Google Inc. (\u201cGoogle\u201d). Su uso se basa en el art. 6, apdo. 1, frase 1, letra f del DSGVO. Google Analytics utiliza las llamadas \u201ccookies\u201d, archivos de texto que se almacenan en su ordenador y permiten analizar el uso que usted hace del sitio web. La informaci\u00f3n generada por la cookie sobre su uso del sitio web, como por ejemplo: <\/p>\n\n\n\n<ul class=\"wp-block-list\">\n<li>Tipo\/versi\u00f3n del navegador,<\/li>\n\n\n\n<li>Sistema operativo utilizado,<\/li>\n\n\n\n<li>URL de referencia (la p\u00e1gina visitada previamente)<\/li>\n\n\n\n<li>Nombre del host del equipo que accede (direcci\u00f3n IP),<\/li>\n\n\n\n<li>Hora de la solicitud al servidor<\/li>\n<\/ul>\n\n\n\n<p><\/p>\n\n\n\n<p class=\"blocktext\">Por lo general, estos datos se transfieren a un servidor de Google en EE.\u202fUU. y se almacenan all\u00ed. La direcci\u00f3n IP que su navegador transmite en el marco de Google Analytics no se combina con otros datos de Google. Adem\u00e1s, hemos ampliado Google Analytics en este sitio web con el c\u00f3digo \u201canonymizeIP\u201d. Esto garantiza el enmascaramiento de su direcci\u00f3n IP, de modo que todos los datos se recopilan de forma an\u00f3nima. Solo en casos excepcionales se transmitir\u00e1 la direcci\u00f3n IP completa a un servidor de Google en EE.\u202fUU., donde ser\u00e1 abreviada.\n\nGoogle utilizar\u00e1 esta informaci\u00f3n por encargo del operador de este sitio web para evaluar su uso del sitio web, elaborar informes sobre la actividad del sitio y prestar otros servicios relacionados con el uso del sitio web y de Internet al operador del sitio.\n\nPuede evitar el almacenamiento de cookies configurando adecuadamente su software de navegador; sin embargo, le advertimos que en este caso es posible que no pueda utilizar todas las funciones de este sitio web de forma completa.\n\nAdem\u00e1s, puede impedir la recopilaci\u00f3n de los datos generados por la cookie y relacionados con su uso del sitio web (incluida su direcci\u00f3n IP) por parte de Google, as\u00ed como el procesamiento de estos datos por Google, descargando e instalando el complemento para navegador disponible en el siguiente enlace:&nbsp;&nbsp;<a rel=\"noreferrer noopener\" href=\"https:\/\/tools.google.com\/dlpage\/gaoptout?hl=de\" target=\"_blank\">https:\/\/tools.google.com\/dlpage\/gaoptout?hl=de<\/a>Como alternativa al complemento del navegador, especialmente en navegadores de dispositivos m\u00f3viles, tambi\u00e9n puede impedir la recopilaci\u00f3n de datos por parte de Google Analytics haciendo clic en este enlace. Se establecer\u00e1 una cookie de exclusi\u00f3n (Opt-Out), que evitar\u00e1 la recopilaci\u00f3n futura de sus datos al visitar este sitio web. La cookie de exclusi\u00f3n solo es v\u00e1lida en este navegador y \u00fanicamente para nuestro sitio web, y se almacena en su dispositivo. Si elimina las cookies en este navegador, deber\u00e1 establecer nuevamente la cookie de exclusi\u00f3n. [Nota: Indicaciones sobre c\u00f3mo integrar la cookie de exclusi\u00f3n se encuentran en: <a rel=\"noreferrer noopener\" href=\"https:\/\/developers.google.com\/analytics\/devguides\/collection\/gajs\/?hl=de#disable\" target=\"_blank\">https:\/\/developers.google.com\/analytics\/devguides\/collection\/gajs\/?hl=de#disable<\/a>&nbsp;Seguimos utilizando Google Analytics para evaluar datos procedentes de cookies de DoubleClick y tambi\u00e9n de AdWords con fines estad\u00edsticos. Si no desea que se haga esto, puede desactivarlo a trav\u00e9s del Administrador de preferencias de anuncios (). M\u00e1s informaci\u00f3n sobre la protecci\u00f3n de datos en relaci\u00f3n con Google Analytics puede encontrarse, por ejemplo, en la ayuda de Google Analytics ().<a rel=\"noreferrer noopener\" href=\"https:\/\/support.google.com\/analytics\/answer\/6004245?hl=de\" target=\"_blank\">https:\/\/support.google.com\/analytics\/answer\/6004245?hl=de<\/a>).<\/p>\n<\/div>\n\n\n\n<div class=\"wp-block-column is-layout-flow wp-block-column-is-layout-flow\" style=\"flex-basis:15%\"><\/div>\n<\/div>\n\n\n\n<div class=\"wp-block-columns is-layout-flex wp-container-core-columns-is-layout-9d6595d7 wp-block-columns-is-layout-flex\">\n<div class=\"wp-block-column is-layout-flow wp-block-column-is-layout-flow\" style=\"flex-basis:15%\"><\/div>\n\n\n\n<div class=\"wp-block-column is-layout-flow wp-block-column-is-layout-flow\" style=\"flex-basis:70%\">\n<hr class=\"wp-block-separator has-alpha-channel-opacity\"\/>\n\n\n\n<p><\/p>\n\n\n\n<h2 class=\"wp-block-heading\"><strong><strong><strong>Oposici\u00f3n a la recopilaci\u00f3n de datos<\/strong><\/strong><\/strong><\/h2>\n\n\n\n<p class=\"blocktext\">Como alternativa al complemento del navegador o en navegadores de dispositivos m\u00f3viles, puede desactivar Google Analytics &gt; para impedir la recopilaci\u00f3n de datos por parte de Google Analytics en este sitio web en el futuro (el Opt-Out funciona solo en este navegador y \u00fanicamente para este dominio). Se almacenar\u00e1 una cookie de exclusi\u00f3n (Opt-Out) en su dispositivo. Si elimina las cookies en este navegador, deber\u00e1 hacer clic nuevamente en este enlace.<\/p>\n<\/div>\n\n\n\n<div class=\"wp-block-column is-layout-flow wp-block-column-is-layout-flow\" style=\"flex-basis:15%\"><\/div>\n<\/div>\n\n\n\n<div class=\"wp-block-columns is-layout-flex wp-container-core-columns-is-layout-9d6595d7 wp-block-columns-is-layout-flex\">\n<div class=\"wp-block-column is-layout-flow wp-block-column-is-layout-flow\" style=\"flex-basis:15%\"><\/div>\n\n\n\n<div class=\"wp-block-column is-layout-flow wp-block-column-is-layout-flow\" style=\"flex-basis:70%\">\n<hr class=\"wp-block-separator has-alpha-channel-opacity\"\/>\n\n\n\n<p><\/p>\n\n\n\n<h2 class=\"wp-block-heading\"><strong><strong><strong><strong>Webshop \/ Almacenamiento de datos<\/strong><\/strong><\/strong><\/strong><\/h2>\n\n\n\n<p class=\"blocktext\">le informamos de que, con el fin de facilitar el proceso de compra y para la posterior tramitaci\u00f3n del contrato, el operador de la tienda online almacena, en el marco de las cookies, los datos IP del titular de la conexi\u00f3n, as\u00ed como el nombre, la direcci\u00f3n, el n\u00famero de tel\u00e9fono y el n\u00famero de fax del comprador.\n\nAdem\u00e1s, con el fin de llevar a cabo la tramitaci\u00f3n del contrato, los siguientes datos tambi\u00e9n se almacenan con nosotros: datos de los art\u00edculos correspondientes a cada pedido. Los datos que nos proporciona son necesarios para el cumplimiento del contrato o para la realizaci\u00f3n de medidas previas a la celebraci\u00f3n del contrato. Sin estos datos, no podemos concluir el contrato con usted.\n\nNo se transmiten datos a terceros, salvo la transmisi\u00f3n de los datos de la tarjeta de cr\u00e9dito a los bancos o proveedores de servicios de pago encargados de procesar el cobro del precio de compra, a la empresa de transporte\/env\u00edo que hemos contratado para entregar la mercanc\u00eda, y a nuestro asesor fiscal para cumplir con nuestras obligaciones fiscales.\n\nTras la interrupci\u00f3n del proceso de compra, los datos almacenados con nosotros se eliminan. En caso de conclusi\u00f3n del contrato, todos los datos relacionados con la relaci\u00f3n contractual se almacenan hasta la expiraci\u00f3n del per\u00edodo de conservaci\u00f3n fiscal (7 a\u00f1os).<br>Los datos de nombre, direcci\u00f3n, productos comprados y fecha de compra se almacenan adem\u00e1s hasta la expiraci\u00f3n del plazo de responsabilidad por productos (10 a\u00f1os). El tratamiento de los datos se realiza sobre la base de las disposiciones legales del \u00a7 96, apdo. 3 TKG, as\u00ed como del art. 6, apdo. 1, letra a (consentimiento) y\/o letra b (necesario para el cumplimiento del contrato) del DSGVO.<\/p>\n<\/div>\n\n\n\n<div class=\"wp-block-column is-layout-flow wp-block-column-is-layout-flow\" style=\"flex-basis:15%\"><\/div>\n<\/div>\n\n\n\n<hr class=\"wp-block-separator has-alpha-channel-opacity\"\/>\n\n\n\n<div class=\"wp-block-columns is-layout-flex wp-container-core-columns-is-layout-9d6595d7 wp-block-columns-is-layout-flex\">\n<div class=\"wp-block-column is-layout-flow wp-block-column-is-layout-flow\" style=\"flex-basis:15%\"><\/div>\n\n\n\n<div class=\"wp-block-column is-layout-flow wp-block-column-is-layout-flow\" style=\"flex-basis:70%\">\n<p><\/p>\n\n\n\n<h2 class=\"wp-block-heading\"><strong><strong><strong><strong>Sus derechos<\/strong><\/strong><\/strong><\/strong><\/h2>\n\n\n\n<p class=\"blocktext\">Usted tiene, en principio, los derechos de acceso, rectificaci\u00f3n, supresi\u00f3n, limitaci\u00f3n del tratamiento, portabilidad de los datos, revocaci\u00f3n y oposici\u00f3n. Si considera que el tratamiento de sus datos infringe la normativa de protecci\u00f3n de datos o que sus derechos en materia de protecci\u00f3n de datos han sido vulnerados de alg\u00fan otro modo, puede presentar una reclamaci\u00f3n ante la autoridad de control. En Austria, dicha autoridad es la Autoridad de Protecci\u00f3n de Datos (Datenschutzbeh\u00f6rde).<\/p>\n\n\n\n<p>Puede contactarnos en los siguientes datos de contacto:<br><a href=\"mailto:info@dernowotny.at\">info@dernowotny.at<\/a><br>Por favor, utilice el cifrado PGP para la transmisi\u00f3n de datos personales. Puede encontrar nuestra clave aqu\u00ed:&nbsp;<br><a href=\"OpenKey-info@dernowotny.at.asc\">OpenKey-info@dernowotny.at.asc<\/a><\/p>\n<\/div>\n\n\n\n<div class=\"wp-block-column is-layout-flow wp-block-column-is-layout-flow\" style=\"flex-basis:15%\"><\/div>\n<\/div>","protected":false},"excerpt":{"rendered":"<p>Datenschutzerkl\u00e4rung Der Schutz Ihrer pers\u00f6nlichen Daten ist uns ein besonderes Anliegen. Wir verarbeiten Ihre Daten daher ausschlie\u00dflich auf Grundlage der gesetzlichen Bestimmungen (DSGVO, TKG 2003). In diesen Datenschutzinformationen informieren wir Sie \u00fcber die wichtigsten Aspekte der Datenverarbeitung im Rahmen unserer Website. Kontakt mit uns Wenn Sie per Formular auf der Website oder per E-Mail Kontakt [&hellip;]<\/p>","protected":false},"author":1,"featured_media":0,"parent":0,"menu_order":0,"comment_status":"closed","ping_status":"closed","template":"","meta":{"footnotes":""},"class_list":["post-430","page","type-page","status-publish","hentry"],"_links":{"self":[{"href":"https:\/\/collection-ruesch.at\/es\/wp-json\/wp\/v2\/pages\/430","targetHints":{"allow":["GET"]}}],"collection":[{"href":"https:\/\/collection-ruesch.at\/es\/wp-json\/wp\/v2\/pages"}],"about":[{"href":"https:\/\/collection-ruesch.at\/es\/wp-json\/wp\/v2\/types\/page"}],"author":[{"embeddable":true,"href":"https:\/\/collection-ruesch.at\/es\/wp-json\/wp\/v2\/users\/1"}],"replies":[{"embeddable":true,"href":"https:\/\/collection-ruesch.at\/es\/wp-json\/wp\/v2\/comments?post=430"}],"version-history":[{"count":18,"href":"https:\/\/collection-ruesch.at\/es\/wp-json\/wp\/v2\/pages\/430\/revisions"}],"predecessor-version":[{"id":464,"href":"https:\/\/collection-ruesch.at\/es\/wp-json\/wp\/v2\/pages\/430\/revisions\/464"}],"wp:attachment":[{"href":"https:\/\/collection-ruesch.at\/es\/wp-json\/wp\/v2\/media?parent=430"}],"curies":[{"name":"wp","href":"https:\/\/api.w.org\/{rel}","templated":true}]}}