{"id":394,"date":"2023-02-01T11:52:30","date_gmt":"2023-02-01T10:52:30","guid":{"rendered":"https:\/\/collection-ruesch.at\/?page_id=394"},"modified":"2024-02-26T15:58:38","modified_gmt":"2024-02-26T14:58:38","slug":"news","status":"publish","type":"page","link":"https:\/\/collection-ruesch.at\/es\/news\/","title":{"rendered":"Noticias"},"content":{"rendered":"<div class=\"wp-block-columns is-layout-flex wp-container-core-columns-is-layout-9d6595d7 wp-block-columns-is-layout-flex\">\n<div class=\"wp-block-column is-layout-flow wp-block-column-is-layout-flow\" style=\"flex-basis:10%\"><\/div>\n\n\n\n<div class=\"wp-block-column is-layout-flow wp-block-column-is-layout-flow\" style=\"flex-basis:80%\">\n<div class=\"wp-block-query is-layout-flow wp-block-query-is-layout-flow\"><ul class=\"wp-block-post-template is-layout-flow wp-block-post-template-is-layout-flow\"><li class=\"wp-block-post post-1522 post type-post status-publish format-standard hentry category-allgemein\">\n<h2 class=\"wp-block-post-title\"><a href=\"https:\/\/collection-ruesch.at\/es\/collection-ruesch-ein-familienunternehmen-mit-tradition\/\" target=\"_self\" >Collection Ruesch \u2013 una empresa familiar con tradici\u00f3n.<\/a><\/h2>\n\n\n\n<div class=\"wp-block-post-excerpt\"><p class=\"wp-block-post-excerpt__excerpt\">Desde 1881, nuestra empresa familiar se dedica con pasi\u00f3n a la creaci\u00f3n de joyas que reflejan los deseos y las ideas de cada cliente. Cada a\u00f1o ampliamos nuestra colecci\u00f3n de anillos, para que cada persona encuentre la pieza perfecta que simbolice su historia.\n\nJunto a nuestros socios joyeros en toda Europa, trabajamos para ofrecer un acceso sencillo a nuestras colecciones, que abarcan desde elegantes anillos cl\u00e1sicos de pareja hasta\u2026 <\/p><\/div>\n\n\n<hr class=\"wp-block-separator has-css-opacity\"\/>\n\n\n<div class=\"wp-block-post-date\"><time datetime=\"2025-04-01T16:09:33+02:00\">1.4.2025<\/time><\/div>\n<\/li><li class=\"wp-block-post post-1193 post type-post status-publish format-standard hentry category-allgemein category-retailer\">\n<h2 class=\"wp-block-post-title\"><a href=\"https:\/\/collection-ruesch.at\/es\/ihre-stimme-zahlt\/\" target=\"_self\" >\u00a1Tu opini\u00f3n cuenta!<\/a><\/h2>\n\n\n\n<div class=\"wp-block-post-excerpt\"><p class=\"wp-block-post-excerpt__excerpt\">\u00bfEl anillo Collection Ruesch como anillo de boda del a\u00f1o 2024? Elija nuestro modelo como anillo de boda del a\u00f1o y, con un poco de suerte, podr\u00e1 ganar estos anillos tan especiales. Vote en: https:\/\/www.brautmagazin.de\/ringe\/trauringe\/trauringdesjahres2024\/ Agradecemos a todas las parejas de novios por su voto. <\/p><\/div>\n\n\n<hr class=\"wp-block-separator has-css-opacity\"\/>\n\n\n<div class=\"wp-block-post-date\"><time datetime=\"2024-06-12T16:33:21+02:00\">12.6.2024<\/time><\/div>\n<\/li><li class=\"wp-block-post post-1112 post type-post status-publish format-standard has-post-thumbnail hentry category-allgemein\">\n<h2 class=\"wp-block-post-title\"><a href=\"https:\/\/collection-ruesch.at\/es\/klassische-verlobungsringe-solitaire\/\" target=\"_self\" >Anillos de compromiso cl\u00e1sicos \u2013 Solitario<\/a><\/h2>\n\n<figure class=\"alignwide wp-block-post-featured-image\"><a href=\"https:\/\/collection-ruesch.at\/es\/klassische-verlobungsringe-solitaire\/\" target=\"_self\"  ><img loading=\"lazy\" decoding=\"async\" width=\"946\" height=\"516\" src=\"https:\/\/collection-ruesch.at\/aglopips\/2024\/03\/Solitaire-News-allgemein-946x516-1.jpg\" class=\"attachment-post-thumbnail size-post-thumbnail wp-post-image\" alt=\"Klassische Verlobungsringe &#8211; Solitaire\" style=\"object-fit:cover;\" srcset=\"https:\/\/collection-ruesch.at\/aglopips\/2024\/03\/Solitaire-News-allgemein-946x516-1.jpg 946w, https:\/\/collection-ruesch.at\/aglopips\/2024\/03\/Solitaire-News-allgemein-946x516-1-300x164.jpg 300w, https:\/\/collection-ruesch.at\/aglopips\/2024\/03\/Solitaire-News-allgemein-946x516-1-768x419.jpg 768w, https:\/\/collection-ruesch.at\/aglopips\/2024\/03\/Solitaire-News-allgemein-946x516-1-18x10.jpg 18w\" sizes=\"auto, (max-width: 946px) 100vw, 946px\" \/><\/a><\/figure>\n\n<div class=\"wp-block-post-excerpt\"><p class=\"wp-block-post-excerpt__excerpt\">Hasta la fecha, un brillante anillo de solitario sigue siendo la primera opci\u00f3n cuando se trata de la pregunta sobre el anillo de compromiso perfecto. \u00bfSab\u00eda que puede elegir libremente el tama\u00f1o y la calidad de la piedra? El color y la aleaci\u00f3n tambi\u00e9n se pueden seleccionar individualmente de las siguientes variantes: Oro amarillo (14kt y 18kt) Oro blanco (14kt y 18kt) Oro rosa (14kt y 18kt) Champagne (14kt) Platino (PT950)\u2026 <\/p><\/div>\n\n\n<hr class=\"wp-block-separator has-css-opacity\"\/>\n\n\n<div class=\"wp-block-post-date\"><time datetime=\"2024-03-14T13:35:52+01:00\">14.3.2024<\/time><\/div>\n<\/li><li class=\"wp-block-post post-1057 post type-post status-publish format-standard has-post-thumbnail hentry category-allgemein\">\n<h2 class=\"wp-block-post-title\"><a href=\"https:\/\/collection-ruesch.at\/es\/entdecken-sie-unsere-neue-goldfarbe-champagne\/\" target=\"_self\" >Descubra nuestro nuevo color dorado - Champagne<\/a><\/h2>\n\n<figure class=\"alignwide wp-block-post-featured-image\"><a href=\"https:\/\/collection-ruesch.at\/es\/entdecken-sie-unsere-neue-goldfarbe-champagne\/\" target=\"_self\"  ><img loading=\"lazy\" decoding=\"async\" width=\"946\" height=\"516\" src=\"https:\/\/collection-ruesch.at\/aglopips\/2024\/02\/News-allgemein-Champagne_946x516.jpg\" class=\"attachment-post-thumbnail size-post-thumbnail wp-post-image\" alt=\"Entdecken Sie unsere neue Goldfarbe &#8211; Champagne\" style=\"object-fit:cover;\" srcset=\"https:\/\/collection-ruesch.at\/aglopips\/2024\/02\/News-allgemein-Champagne_946x516.jpg 946w, https:\/\/collection-ruesch.at\/aglopips\/2024\/02\/News-allgemein-Champagne_946x516-300x164.jpg 300w, https:\/\/collection-ruesch.at\/aglopips\/2024\/02\/News-allgemein-Champagne_946x516-768x419.jpg 768w, https:\/\/collection-ruesch.at\/aglopips\/2024\/02\/News-allgemein-Champagne_946x516-18x10.jpg 18w\" sizes=\"auto, (max-width: 946px) 100vw, 946px\" \/><\/a><\/figure>\n\n<div class=\"wp-block-post-excerpt\"><p class=\"wp-block-post-excerpt__excerpt\">Champagne es nuestra nueva y exclusiva aleaci\u00f3n de oro de 14 quilates. Este color es ligeramente m\u00e1s suave que el oro rosa y favorece la piel. Con su sofisticaci\u00f3n \u00fanica y su brillo atemporal, esta aleaci\u00f3n exclusiva enriquece nuestras colecciones y demuestra la diversidad de Collection Ruesch. <\/p><\/div>\n\n\n<hr class=\"wp-block-separator has-css-opacity\"\/>\n\n\n<div class=\"wp-block-post-date\"><time datetime=\"2024-02-22T16:46:38+01:00\">22.2.2024<\/time><\/div>\n<\/li><li class=\"wp-block-post post-896 post type-post status-publish format-standard hentry category-allgemein\">\n<h2 class=\"wp-block-post-title\"><a href=\"https:\/\/collection-ruesch.at\/es\/trauring-des-jahres-2023\/\" target=\"_self\" >Alianza del a\u00f1o 2023<\/a><\/h2>\n\n\n\n<div class=\"wp-block-post-excerpt\"><p class=\"wp-block-post-excerpt__excerpt\">Braut &amp; Br\u00e4utigam, como marca internacional y l\u00edder del mercado de medios de inter\u00e9s especial sobre bodas, convoc\u00f3 por segunda vez consecutiva el concurso \u201eAnillo de compromiso del a\u00f1o\u201c en 2023. Este a\u00f1o, el doble de parejas particip\u00f3 en la votaci\u00f3n en l\u00ednea que en 2022. Nos complace que nuestro modelo \u201cSurfing Colors\u201d haya sido elegido en tercer lugar por los lectores participantes\u2026 <\/p><\/div>\n\n\n<hr class=\"wp-block-separator has-css-opacity\"\/>\n\n\n<div class=\"wp-block-post-date\"><time datetime=\"2023-09-01T15:15:36+02:00\">1.9.2023<\/time><\/div>\n<\/li><li class=\"wp-block-post post-801 post type-post status-publish format-standard has-post-thumbnail hentry category-allgemein\">\n<h2 class=\"wp-block-post-title\"><a href=\"https:\/\/collection-ruesch.at\/es\/heiratsmonat-mai\/\" target=\"_self\" >Matrimonio mes de mayo<\/a><\/h2>\n\n<figure class=\"alignwide wp-block-post-featured-image\"><a href=\"https:\/\/collection-ruesch.at\/es\/heiratsmonat-mai\/\" target=\"_self\"  ><img loading=\"lazy\" decoding=\"async\" width=\"946\" height=\"516\" src=\"https:\/\/collection-ruesch.at\/aglopips\/2023\/04\/Mai.png\" class=\"attachment-post-thumbnail size-post-thumbnail wp-post-image\" alt=\"Heiratsmonat Mai\" style=\"object-fit:cover;\" srcset=\"https:\/\/collection-ruesch.at\/aglopips\/2023\/04\/Mai.png 946w, https:\/\/collection-ruesch.at\/aglopips\/2023\/04\/Mai-300x164.png 300w, https:\/\/collection-ruesch.at\/aglopips\/2023\/04\/Mai-768x419.png 768w, https:\/\/collection-ruesch.at\/aglopips\/2023\/04\/Mai-18x10.png 18w\" sizes=\"auto, (max-width: 946px) 100vw, 946px\" \/><\/a><\/figure>\n\n<div class=\"wp-block-post-excerpt\"><p class=\"wp-block-post-excerpt__excerpt\">Los d\u00edas son cada vez m\u00e1s largos y templados, las flores florecen y los p\u00e1jaros trinan: \u00a1el escenario ideal para la celebraci\u00f3n de su boda! \u00bfSigue buscando los anillos de sus sue\u00f1os? Nuestros joyeros asociados estar\u00e1n encantados de asesorarle. <\/p><\/div>\n\n\n<hr class=\"wp-block-separator has-css-opacity\"\/>\n\n\n<div class=\"wp-block-post-date\"><time datetime=\"2023-04-14T15:20:02+02:00\">14.4.2023<\/time><\/div>\n<\/li><li class=\"wp-block-post post-568 post type-post status-publish format-standard has-post-thumbnail hentry category-allgemein\">\n<h2 class=\"wp-block-post-title\"><a href=\"https:\/\/collection-ruesch.at\/es\/news-03-2023\/\" target=\"_self\" >Mam\u00e1 es la mejor<\/a><\/h2>\n\n<figure class=\"alignwide wp-block-post-featured-image\"><a href=\"https:\/\/collection-ruesch.at\/es\/news-03-2023\/\" target=\"_self\"  ><img loading=\"lazy\" decoding=\"async\" width=\"469\" height=\"500\" src=\"https:\/\/collection-ruesch.at\/aglopips\/2023\/03\/Muttertag-469x500-px.jpg\" class=\"attachment-post-thumbnail size-post-thumbnail wp-post-image\" alt=\"Mama ist die Beste\" style=\"object-fit:cover;\" srcset=\"https:\/\/collection-ruesch.at\/aglopips\/2023\/03\/Muttertag-469x500-px.jpg 469w, https:\/\/collection-ruesch.at\/aglopips\/2023\/03\/Muttertag-469x500-px-281x300.jpg 281w, https:\/\/collection-ruesch.at\/aglopips\/2023\/03\/Muttertag-469x500-px-11x12.jpg 11w\" sizes=\"auto, (max-width: 469px) 100vw, 469px\" \/><\/a><\/figure>\n\n<div class=\"wp-block-post-excerpt\"><p class=\"wp-block-post-excerpt__excerpt\">El D\u00eda de la Madre es el 14 de mayo... un gran agradecimiento a la mejor madre del mundo. Te quiero mucho y estoy infinitamente orgullosa de ser tu hija. Regale alegr\u00eda con nuestros brillantes anillos conmemorativos. Nuestros socios joyeros estar\u00e1n encantados de asesorarle. <\/p><\/div>\n\n\n<hr class=\"wp-block-separator has-css-opacity\"\/>\n\n\n<div class=\"wp-block-post-date\"><time datetime=\"2023-03-20T13:13:00+01:00\">20.3.2023<\/time><\/div>\n<\/li><li class=\"wp-block-post post-227 post type-post status-publish format-standard has-post-thumbnail hentry category-allgemein\">\n<h2 class=\"wp-block-post-title\"><a href=\"https:\/\/collection-ruesch.at\/es\/227-2\/\" target=\"_self\" >Sophie y Matteo<\/a><\/h2>\n\n<figure class=\"alignwide wp-block-post-featured-image\"><a href=\"https:\/\/collection-ruesch.at\/es\/227-2\/\" target=\"_self\"  ><img loading=\"lazy\" decoding=\"async\" width=\"946\" height=\"516\" src=\"https:\/\/collection-ruesch.at\/aglopips\/2022\/11\/Sophie-Matteo_Single-News-946x516-1.jpg\" class=\"attachment-post-thumbnail size-post-thumbnail wp-post-image\" alt=\"Sophie &amp; Matteo\" style=\"object-fit:cover;\" srcset=\"https:\/\/collection-ruesch.at\/aglopips\/2022\/11\/Sophie-Matteo_Single-News-946x516-1.jpg 946w, https:\/\/collection-ruesch.at\/aglopips\/2022\/11\/Sophie-Matteo_Single-News-946x516-1-300x164.jpg 300w, https:\/\/collection-ruesch.at\/aglopips\/2022\/11\/Sophie-Matteo_Single-News-946x516-1-768x419.jpg 768w\" sizes=\"auto, (max-width: 946px) 100vw, 946px\" \/><\/a><\/figure>\n\n<div class=\"wp-block-post-excerpt\"><p class=\"wp-block-post-excerpt__excerpt\">Amore italiano ... Sophie conoci\u00f3 a Matteo durante un semestre en Italia. Finalmente se casaron en 2022. <\/p><\/div>\n\n\n<hr class=\"wp-block-separator has-css-opacity\"\/>\n\n\n<div class=\"wp-block-post-date\"><time datetime=\"2022-11-24T12:00:43+01:00\">24.11.2022<\/time><\/div>\n<\/li><\/ul><\/div>\n<\/div>\n\n\n\n<div class=\"wp-block-column is-layout-flow wp-block-column-is-layout-flow\" style=\"flex-basis:10%\"><\/div>\n<\/div>\n\n\n\n<div class=\"wp-block-group alignwide is-vertical is-content-justification-stretch is-layout-flex wp-container-core-group-is-layout-b16ad781 wp-block-group-is-layout-flex\"><\/div>","protected":false},"excerpt":{"rendered":"","protected":false},"author":1,"featured_media":0,"parent":0,"menu_order":0,"comment_status":"closed","ping_status":"closed","template":"","meta":{"footnotes":""},"class_list":["post-394","page","type-page","status-publish","hentry"],"_links":{"self":[{"href":"https:\/\/collection-ruesch.at\/es\/wp-json\/wp\/v2\/pages\/394","targetHints":{"allow":["GET"]}}],"collection":[{"href":"https:\/\/collection-ruesch.at\/es\/wp-json\/wp\/v2\/pages"}],"about":[{"href":"https:\/\/collection-ruesch.at\/es\/wp-json\/wp\/v2\/types\/page"}],"author":[{"embeddable":true,"href":"https:\/\/collection-ruesch.at\/es\/wp-json\/wp\/v2\/users\/1"}],"replies":[{"embeddable":true,"href":"https:\/\/collection-ruesch.at\/es\/wp-json\/wp\/v2\/comments?post=394"}],"version-history":[{"count":16,"href":"https:\/\/collection-ruesch.at\/es\/wp-json\/wp\/v2\/pages\/394\/revisions"}],"predecessor-version":[{"id":1079,"href":"https:\/\/collection-ruesch.at\/es\/wp-json\/wp\/v2\/pages\/394\/revisions\/1079"}],"wp:attachment":[{"href":"https:\/\/collection-ruesch.at\/es\/wp-json\/wp\/v2\/media?parent=394"}],"curies":[{"name":"wp","href":"https:\/\/api.w.org\/{rel}","templated":true}]}}