{"id":278,"date":"2023-01-16T12:45:35","date_gmt":"2023-01-16T11:45:35","guid":{"rendered":"https:\/\/collection-ruesch.at\/?page_id=278"},"modified":"2023-04-14T16:29:33","modified_gmt":"2023-04-14T14:29:33","slug":"unternehmen","status":"publish","type":"page","link":"https:\/\/collection-ruesch.at\/es\/unternehmen\/","title":{"rendered":"Compa\u00f1\u00eda"},"content":{"rendered":"<div class=\"wp-block-columns is-layout-flex wp-container-core-columns-is-layout-9d6595d7 wp-block-columns-is-layout-flex\">\n<div class=\"wp-block-column is-layout-flow wp-block-column-is-layout-flow\" style=\"flex-basis:10%\"><\/div>\n\n\n\n<div class=\"wp-block-column is-layout-flow wp-block-column-is-layout-flow\">\n<figure class=\"wp-block-image size-large\"><img loading=\"lazy\" decoding=\"async\" width=\"1024\" height=\"315\" src=\"https:\/\/collection-ruesch.at\/aglopips\/2023\/02\/company_home_bg-1024x315.jpg\" alt=\"\" class=\"wp-image-376\" srcset=\"https:\/\/collection-ruesch.at\/aglopips\/2023\/02\/company_home_bg-1024x315.jpg 1024w, https:\/\/collection-ruesch.at\/aglopips\/2023\/02\/company_home_bg-300x92.jpg 300w, https:\/\/collection-ruesch.at\/aglopips\/2023\/02\/company_home_bg-768x236.jpg 768w, https:\/\/collection-ruesch.at\/aglopips\/2023\/02\/company_home_bg-1536x472.jpg 1536w, https:\/\/collection-ruesch.at\/aglopips\/2023\/02\/company_home_bg.jpg 1600w\" sizes=\"auto, (max-width: 1024px) 100vw, 1024px\" \/><\/figure>\n<\/div>\n\n\n\n<div class=\"wp-block-column is-layout-flow wp-block-column-is-layout-flow\">\n<p>La empresa Br\u00fcder Nowotny se fund\u00f3 en 1881 y sigue siendo una pr\u00f3spera empresa familiar. Actualmente, la cuarta y quinta generaci\u00f3n la dirigen Friedrich Ruesch, maestro orfebre, y la magister Cornelia Gruber-Ruesch, graduada del GIA en Diamantes. Como principal fabricante de anillos de boda de Austria, nos enorgullece poder abastecer a minoristas especializados con la marca Collection Ruesch, incluso m\u00e1s all\u00e1 de las fronteras europeas.<\/p>\n<p>En la sede de la empresa en Viena, fabricamos anillos de boda y anillos para parejas con aleaciones de oro y platino de alta calidad. Gracias a las nuevas tecnolog\u00edas, dise\u00f1adores y orfebres crean cada a\u00f1o m\u00e1s de 100 nuevos modelos de anillos de boda con un dise\u00f1o impecable, acorde con el esp\u00edritu de la \u00e9poca. Todos los anillos se someten a los m\u00e1s estrictos criterios de calidad y llevan el logotipo de nuestra empresa estampado en el interior. Debido a la singularidad de nuestros modelos, solicitamos protecci\u00f3n de dise\u00f1o. Siempre nos centramos en los deseos del cliente, por lo que tambi\u00e9n producimos una gran cantidad de creaciones de anillos muy personalizadas.<\/p>\n<p>\u00a1D\u00e9jate inspirar por nuestras colecciones y sum\u00e9rgete en nuestro exclusivo mundo de alianzas de boda!<\/p>\n<\/div>\n\n\n\n<div class=\"wp-block-column is-layout-flow wp-block-column-is-layout-flow\" style=\"flex-basis:10%\"><\/div>\n<\/div>\n\n\n\n<div class=\"wp-block-columns is-layout-flex wp-container-core-columns-is-layout-9d6595d7 wp-block-columns-is-layout-flex\">\n<div class=\"wp-block-column is-layout-flow wp-block-column-is-layout-flow\" style=\"flex-basis:10%\"><\/div>\n\n\n\n<div class=\"wp-block-column is-layout-flow wp-block-column-is-layout-flow\"><\/div>\n\n\n\n<div class=\"wp-block-column is-layout-flow wp-block-column-is-layout-flow\"><\/div>\n\n\n\n<div class=\"wp-block-column is-layout-flow wp-block-column-is-layout-flow\" style=\"flex-basis:10%\"><\/div>\n<\/div>\n\n\n\n<div class=\"wp-block-columns is-layout-flex wp-container-core-columns-is-layout-9d6595d7 wp-block-columns-is-layout-flex\">\n<div class=\"wp-block-column is-layout-flow wp-block-column-is-layout-flow\" style=\"flex-basis:10%\"><\/div>\n\n\n\n<div class=\"wp-block-column is-layout-flow wp-block-column-is-layout-flow\">\n<h3 class=\"wp-block-heading\">FABRICACI\u00d3N DE ALEACIONES Y PIEZAS EN BRUTO<\/h3>\n\n\n\n<p>Inicialmente, se utilizan los metales preciosos platino, oro, plata, paladio y cobre en su estado m\u00e1s puro. Los componentes necesarios para la producci\u00f3n se pesan en una proporci\u00f3n de mezcla exacta mediante una b\u00e1scula de precisi\u00f3n y se funden en un moderno sistema de inducci\u00f3n para formar aleaciones homog\u00e9neas en forma de l\u00e1minas de colada continua.<\/p>\n\n\n\n<p>A continuaci\u00f3n, estas l\u00e1minas se moldean en procesos de trabajo perfectamente coordinados entre s\u00ed para obtener piezas en bruto de anillos de boda perfectas y sin fisuras. Estas piezas son la base para los siguientes pasos del proceso.<\/p>\n<\/div>\n\n\n\n<div class=\"wp-block-column is-layout-flow wp-block-column-is-layout-flow\">\n<figure class=\"wp-block-image size-full\"><img loading=\"lazy\" decoding=\"async\" width=\"524\" height=\"350\" src=\"https:\/\/collection-ruesch.at\/aglopips\/2023\/03\/1_1_Herstellung_573f0c2e1b4e2.jpg\" alt=\"\" class=\"wp-image-638\" srcset=\"https:\/\/collection-ruesch.at\/aglopips\/2023\/03\/1_1_Herstellung_573f0c2e1b4e2.jpg 524w, https:\/\/collection-ruesch.at\/aglopips\/2023\/03\/1_1_Herstellung_573f0c2e1b4e2-300x200.jpg 300w\" sizes=\"auto, (max-width: 524px) 100vw, 524px\" \/><\/figure>\n<\/div>\n\n\n\n<div class=\"wp-block-column is-layout-flow wp-block-column-is-layout-flow\" style=\"flex-basis:10%\"><\/div>\n<\/div>\n\n\n<h1>&nbsp;<\/h1>\n\n\n<div class=\"wp-block-columns is-layout-flex wp-container-core-columns-is-layout-9d6595d7 wp-block-columns-is-layout-flex\">\n<div class=\"wp-block-column is-layout-flow wp-block-column-is-layout-flow\" style=\"flex-basis:10%\"><\/div>\n\n\n\n<div class=\"wp-block-column is-layout-flow wp-block-column-is-layout-flow\">\n<figure class=\"wp-block-image size-full\"><img loading=\"lazy\" decoding=\"async\" width=\"524\" height=\"350\" src=\"https:\/\/collection-ruesch.at\/aglopips\/2023\/03\/image-56.png\" alt=\"\" class=\"wp-image-655\" srcset=\"https:\/\/collection-ruesch.at\/aglopips\/2023\/03\/image-56.png 524w, https:\/\/collection-ruesch.at\/aglopips\/2023\/03\/image-56-300x200.png 300w\" sizes=\"auto, (max-width: 524px) 100vw, 524px\" \/><\/figure>\n<\/div>\n\n\n\n<div class=\"wp-block-column is-layout-flow wp-block-column-is-layout-flow\">\n<h3 class=\"wp-block-heading\">ANILLOS DE BODA COLORIDOS<\/h3>\n\n\n\n<p>Muchos modelos de la \u00abColecci\u00f3n Ruesch\u00bb est\u00e1n compuestos por anillos de dos o m\u00e1s colores, e incluso por diferentes aleaciones. Para unirlos de forma duradera e inseparable, los anillos se sinterizan al vac\u00edo en instalaciones especiales. Con esta tecnolog\u00eda, las piezas individuales no solo se sueldan, sino que se unen entre s\u00ed mediante un complejo proceso sin juntas ni poros, de modo que pueden seguir proces\u00e1ndose como un material homog\u00e9neo.<\/p>\n\n\n\n<p>En modelos especiales, la soldadura de las piezas del anillo sigue siendo el mejor m\u00e9todo para unir ambas piezas de forma permanente. En este caso, la habilidad de nuestros excelentes orfebres es imprescindible para lograr un trabajo perfecto.<\/p>\n<\/div>\n\n\n\n<div class=\"wp-block-column is-layout-flow wp-block-column-is-layout-flow\" style=\"flex-basis:10%\"><\/div>\n<\/div>\n\n\n\n<div class=\"wp-block-columns is-layout-flex wp-container-core-columns-is-layout-9d6595d7 wp-block-columns-is-layout-flex\">\n<div class=\"wp-block-column is-layout-flow wp-block-column-is-layout-flow\">\n<div class=\"wp-block-columns is-layout-flex wp-container-core-columns-is-layout-9d6595d7 wp-block-columns-is-layout-flex\">\n<div class=\"wp-block-column is-layout-flow wp-block-column-is-layout-flow\" style=\"flex-basis:10%\"><\/div>\n\n\n\n<div class=\"wp-block-column is-layout-flow wp-block-column-is-layout-flow\">\n<h3 class=\"wp-block-heading\">TORNEADO Y FRESADO<\/h3>\n\n\n\n<p>En este paso, la pieza en bruto, a\u00fan en su estado inicial, se transforma en un anillo casi terminado con dimensiones perfectas.. En una serie de procesos con la ayuda de tornos de precisi\u00f3n controlados por CNC, se fabrican los radios exteriores e interiores seg\u00fan las especificaciones individuales de nuestros clientes. Entre otras cosas, se preparan los engastes para las piedras y se fresan ondas o l\u00edneas.<\/p>\n<\/div>\n\n\n\n<div class=\"wp-block-column is-layout-flow wp-block-column-is-layout-flow\">\n<figure class=\"wp-block-image size-full\"><img loading=\"lazy\" decoding=\"async\" width=\"524\" height=\"350\" src=\"https:\/\/collection-ruesch.at\/aglopips\/2023\/03\/image-57.png\" alt=\"\" class=\"wp-image-659\" srcset=\"https:\/\/collection-ruesch.at\/aglopips\/2023\/03\/image-57.png 524w, https:\/\/collection-ruesch.at\/aglopips\/2023\/03\/image-57-300x200.png 300w\" sizes=\"auto, (max-width: 524px) 100vw, 524px\" \/><\/figure>\n<\/div>\n\n\n\n<div class=\"wp-block-column is-layout-flow wp-block-column-is-layout-flow\" style=\"flex-basis:10%\"><\/div>\n<\/div>\n<\/div>\n<\/div>\n\n\n\n<div class=\"wp-block-columns is-layout-flex wp-container-core-columns-is-layout-9d6595d7 wp-block-columns-is-layout-flex\">\n<div class=\"wp-block-column is-layout-flow wp-block-column-is-layout-flow\" style=\"flex-basis:10%\"><\/div>\n\n\n\n<div class=\"wp-block-column is-layout-flow wp-block-column-is-layout-flow\">\n<figure class=\"wp-block-image size-full\"><img loading=\"lazy\" decoding=\"async\" width=\"524\" height=\"350\" src=\"https:\/\/collection-ruesch.at\/aglopips\/2023\/04\/image-58.png\" alt=\"\" class=\"wp-image-779\" srcset=\"https:\/\/collection-ruesch.at\/aglopips\/2023\/04\/image-58.png 524w, https:\/\/collection-ruesch.at\/aglopips\/2023\/04\/image-58-300x200.png 300w, https:\/\/collection-ruesch.at\/aglopips\/2023\/04\/image-58-18x12.png 18w\" sizes=\"auto, (max-width: 524px) 100vw, 524px\" \/><\/figure>\n<\/div>\n\n\n\n<div class=\"wp-block-column is-layout-flow wp-block-column-is-layout-flow\">\n<h3 class=\"wp-block-heading\">ENGASTE DE DIAMANTES<\/h3>\n\n\n\n<p>Los diamantes que utilizamos provienen exclusivamente de fuentes libres de conflictos.<\/p>\n\n\n\n<p>Antes del engaste, nuestros expertos verifican cuidadosamente el peso y la calidad de cada piedra. Nuestros joyeros altamente cualificados realizan el engaste a mano en cada anillo de boda.<\/p>\n<\/div>\n\n\n\n<div class=\"wp-block-column is-layout-flow wp-block-column-is-layout-flow\" style=\"flex-basis:10%\"><\/div>\n<\/div>\n\n\n\n<div class=\"wp-block-columns is-layout-flex wp-container-core-columns-is-layout-9d6595d7 wp-block-columns-is-layout-flex\">\n<div class=\"wp-block-column is-layout-flow wp-block-column-is-layout-flow\" style=\"flex-basis:10%\"><\/div>\n\n\n\n<div class=\"wp-block-column is-layout-flow wp-block-column-is-layout-flow\">\n<h3 class=\"wp-block-heading\">PULIDO Y GRABADO<\/h3>\n\n\n\n<p>Despu\u00e9s del engaste, los anillos pasan a la fase de acabado final. Aqu\u00ed, personal cualificado les da un acabado brillante por dentro y por fuera mediante varios procesos de pulido y abrillantado, y se dise\u00f1a la superficie final.<\/p>\n\n\n\n<p>El siguiente paso es grabar nuestros anillos, no solo con nuestro logotipo y la pureza del oro, sino tambi\u00e9n con un dise\u00f1o personalizado. Este es tan individual como la propia pareja de novios. Desde la fecha de la boda hasta la letra manuscrita personal, asi como s\u00edmbolos especiales del amor o la huella dactilar inconfundible, casi todo es posible.<\/p>\n<\/div>\n\n\n\n<div class=\"wp-block-column is-layout-flow wp-block-column-is-layout-flow\">\n<figure class=\"wp-block-image size-full\"><img loading=\"lazy\" decoding=\"async\" width=\"524\" height=\"350\" src=\"https:\/\/collection-ruesch.at\/aglopips\/2023\/04\/image-59.png\" alt=\"\" class=\"wp-image-780\" srcset=\"https:\/\/collection-ruesch.at\/aglopips\/2023\/04\/image-59.png 524w, https:\/\/collection-ruesch.at\/aglopips\/2023\/04\/image-59-300x200.png 300w, https:\/\/collection-ruesch.at\/aglopips\/2023\/04\/image-59-18x12.png 18w\" sizes=\"auto, (max-width: 524px) 100vw, 524px\" \/><\/figure>\n<\/div>\n\n\n\n<div class=\"wp-block-column is-layout-flow wp-block-column-is-layout-flow\" style=\"flex-basis:10%\"><\/div>\n<\/div>\n\n\n\n<div class=\"wp-block-columns is-layout-flex wp-container-core-columns-is-layout-9d6595d7 wp-block-columns-is-layout-flex\">\n<div class=\"wp-block-column is-layout-flow wp-block-column-is-layout-flow\" style=\"flex-basis:10%\"><\/div>\n\n\n\n<div class=\"wp-block-column is-layout-flow wp-block-column-is-layout-flow\">\n<figure class=\"wp-block-image size-full\"><img loading=\"lazy\" decoding=\"async\" width=\"524\" height=\"350\" src=\"https:\/\/collection-ruesch.at\/aglopips\/2023\/04\/6_1_Endkontrolle_573f0fd70d04f.jpg\" alt=\"\" class=\"wp-image-778\" srcset=\"https:\/\/collection-ruesch.at\/aglopips\/2023\/04\/6_1_Endkontrolle_573f0fd70d04f.jpg 524w, https:\/\/collection-ruesch.at\/aglopips\/2023\/04\/6_1_Endkontrolle_573f0fd70d04f-300x200.jpg 300w, https:\/\/collection-ruesch.at\/aglopips\/2023\/04\/6_1_Endkontrolle_573f0fd70d04f-18x12.jpg 18w\" sizes=\"auto, (max-width: 524px) 100vw, 524px\" \/><\/figure>\n<\/div>\n\n\n\n<div class=\"wp-block-column is-layout-flow wp-block-column-is-layout-flow\">\n<h3 class=\"wp-block-heading\">CONTROL FINAL<\/h3>\n\n\n\n<p>Como \u00faltimo paso, todos nuestros anillos pasan por un control final. Unos ojos exigentes comprueban de nuevo todos los detalles. Por ejemplo, se comprueban con precisi\u00f3n el tama\u00f1o del anillo, la anchura, la altura, el n\u00famero de piedras, el grabado, etc. Tras una comprobaci\u00f3n positiva, emitimos un certificado. Esto le da la seguridad de tener en sus manos un original de la \u00abColecci\u00f3n Ruesch\u00bb.<\/p>\n\n\n\n<p>Nuestro logotipo, protegido internacionalmente, es un martillo de orfebre incrustado en un \u00f3valo.<\/p>\n\n\n\n<p>\u00a1As\u00ed reconocer\u00e1 inmediatamente un producto original de nuestra casa! Cada par de alianzas de la \u00abColecci\u00f3n Ruesch\u00bb es una obra maestra \u00fanica gracias a la perfecta colaboraci\u00f3n entre los m\u00e1s diversos expertos y maestros en su campo: dise\u00f1adores de joyas, orfebres de oro y platino, t\u00e9cnicos, engastadores de joyas y los empleados del taller de pulido. Todos ellos tienen un \u00fanico objetivo: crear alianzas de boda \u00fanicas e inconfundibles que emocionen y entusiasmen a los enamorados.<\/p>\n<\/div>\n\n\n\n<div class=\"wp-block-column is-layout-flow wp-block-column-is-layout-flow\" style=\"flex-basis:10%\"><\/div>\n<\/div>\n\n\n\n<p><\/p>","protected":false},"excerpt":{"rendered":"<p>Die Firma Br\u00fcder Nowotny wurde im Jahre 1881 gegr\u00fcndet und ist bis heute ein erfolgreiches, eigent\u00fcmergef\u00fchrtes Familienunternehmen -aktuell geleitet in der 4. und 5. Generation von Friedrich Ruesch, Goldschmiedemeister, und Mag (FH) Cornelia Gruber-Ruesch, GIA Diamonds Graduate. Wir sind stolz, unter dem Markennamen Collection Ruesch auch \u00fcber Europas Grenzen hinaus gehend als \u00d6sterreichs f\u00fchrender Trauringproduzent, [&hellip;]<\/p>","protected":false},"author":1,"featured_media":0,"parent":0,"menu_order":0,"comment_status":"closed","ping_status":"closed","template":"","meta":{"footnotes":""},"class_list":["post-278","page","type-page","status-publish","hentry"],"_links":{"self":[{"href":"https:\/\/collection-ruesch.at\/es\/wp-json\/wp\/v2\/pages\/278","targetHints":{"allow":["GET"]}}],"collection":[{"href":"https:\/\/collection-ruesch.at\/es\/wp-json\/wp\/v2\/pages"}],"about":[{"href":"https:\/\/collection-ruesch.at\/es\/wp-json\/wp\/v2\/types\/page"}],"author":[{"embeddable":true,"href":"https:\/\/collection-ruesch.at\/es\/wp-json\/wp\/v2\/users\/1"}],"replies":[{"embeddable":true,"href":"https:\/\/collection-ruesch.at\/es\/wp-json\/wp\/v2\/comments?post=278"}],"version-history":[{"count":30,"href":"https:\/\/collection-ruesch.at\/es\/wp-json\/wp\/v2\/pages\/278\/revisions"}],"predecessor-version":[{"id":806,"href":"https:\/\/collection-ruesch.at\/es\/wp-json\/wp\/v2\/pages\/278\/revisions\/806"}],"wp:attachment":[{"href":"https:\/\/collection-ruesch.at\/es\/wp-json\/wp\/v2\/media?parent=278"}],"curies":[{"name":"wp","href":"https:\/\/api.w.org\/{rel}","templated":true}]}}