{"id":241,"date":"2022-11-30T19:36:01","date_gmt":"2022-11-30T18:36:01","guid":{"rendered":"https:\/\/collection-ruesch.at\/?page_id=241"},"modified":"2025-06-13T11:44:25","modified_gmt":"2025-06-13T09:44:25","slug":"241-2","status":"publish","type":"page","link":"https:\/\/collection-ruesch.at\/es\/","title":{"rendered":"P\u00e1gina de inicio"},"content":{"rendered":"<div class=\"wp-block-media-text alignwide is-stacked-on-mobile fullsizeblock\"><figure class=\"wp-block-media-text__media\"><img loading=\"lazy\" decoding=\"async\" width=\"1024\" height=\"682\" src=\"https:\/\/collection-ruesch.at\/aglopips\/2023\/03\/Classic-Collection-1024x682-2.jpg\" alt=\"Ringe mit Gravur\" class=\"wp-image-555 size-full\" srcset=\"https:\/\/collection-ruesch.at\/aglopips\/2023\/03\/Classic-Collection-1024x682-2.jpg 1024w, https:\/\/collection-ruesch.at\/aglopips\/2023\/03\/Classic-Collection-1024x682-2-300x200.jpg 300w, https:\/\/collection-ruesch.at\/aglopips\/2023\/03\/Classic-Collection-1024x682-2-768x512.jpg 768w\" sizes=\"auto, (max-width: 1024px) 100vw, 1024px\" \/><\/figure><div class=\"wp-block-media-text__content\">\n<h3 class=\"wp-block-heading\">Colecci\u00f3n Cl\u00e1sica<\/h3>\n\n\n\n<p>\u00a1Tan \u00fanico como tu amor! Dise\u00f1a tus anillos de boda personalizados ahora, \u00a1NUEVO! <a href=\"https:\/\/collection-ruesch.at\/ringdetail\/\" data-type=\"page\" data-id=\"70\">Configurador 3D<\/a>T\u00fa eliges la aleaci\u00f3n, la forma, el ancho, la superficie, el engaste de la piedra y el grabado seg\u00fan tus preferencias.<\/p>\n<\/div><\/div>\n\n\n\n<div class=\"wp-block-media-text alignfull has-media-on-the-right is-stacked-on-mobile is-vertically-aligned-center fullsizeblock\"><div class=\"wp-block-media-text__content\">\n<h3 class=\"wp-block-heading has-text-align-left has-text-color\" style=\"color:#000000\">Solitario exclusivo<\/h3>\n\n\n\n<p class=\"has-text-align-left has-extra-small-font-size\">Para las personas enamoradas, el compromiso es un momento clave en una historia compartida. \u00a1Escribe el siguiente cap\u00edtulo de tu singular historia de amor con un hermoso anillo solitario y una joya a juego de la Colecci\u00f3n Ruesch!\"<\/p>\n<\/div><figure class=\"wp-block-media-text__media\"><a href=\"https:\/\/collection-ruesch.at\/kollektionen\/?val=88\"><img loading=\"lazy\" decoding=\"async\" width=\"1024\" height=\"682\" src=\"https:\/\/collection-ruesch.at\/aglopips\/2023\/03\/Solitaire-Hand.jpg\" alt=\"\" class=\"wp-image-557 size-full\" srcset=\"https:\/\/collection-ruesch.at\/aglopips\/2023\/03\/Solitaire-Hand.jpg 1024w, https:\/\/collection-ruesch.at\/aglopips\/2023\/03\/Solitaire-Hand-300x200.jpg 300w, https:\/\/collection-ruesch.at\/aglopips\/2023\/03\/Solitaire-Hand-768x512.jpg 768w\" sizes=\"auto, (max-width: 1024px) 100vw, 1024px\" \/><\/a><\/figure><\/div>\n\n\n\n<div class=\"wp-block-media-text alignwide is-stacked-on-mobile fullsizeblock\"><figure class=\"wp-block-media-text__media\"><img loading=\"lazy\" decoding=\"async\" width=\"1024\" height=\"682\" src=\"https:\/\/collection-ruesch.at\/aglopips\/2023\/03\/Memoire-1024x682-1.jpg\" alt=\"\" class=\"wp-image-574 size-full\" srcset=\"https:\/\/collection-ruesch.at\/aglopips\/2023\/03\/Memoire-1024x682-1.jpg 1024w, https:\/\/collection-ruesch.at\/aglopips\/2023\/03\/Memoire-1024x682-1-300x200.jpg 300w, https:\/\/collection-ruesch.at\/aglopips\/2023\/03\/Memoire-1024x682-1-768x512.jpg 768w\" sizes=\"auto, (max-width: 1024px) 100vw, 1024px\" \/><\/figure><div class=\"wp-block-media-text__content\">\n<h3 class=\"wp-block-heading\">Memoria<\/h3>\n\n\n\n<p><br>\u2026 significa recuerdo. Nuestros anillos MEMORIA te recordar\u00e1n a ti y a tu pareja los momentos m\u00e1s hermosos de su historia compartida.<br>Todos los modelos de anillos est\u00e1n dise\u00f1ados para que se les pueda a\u00f1adir uno o m\u00e1s diamantes en cualquier momento. \u00a1Cada piedra representa un momento muy especial en nuestra historia de amor!<\/p>\n\n\n\n<p><\/p>\n<\/div><\/div>","protected":false},"excerpt":{"rendered":"<p>Colecci\u00f3n Classic \u00a1Tan \u00fanicos como su amor! Dise\u00f1e sus alianzas individuales ahora NUEVO en nuestro configurador 3D. Usted elige la aleaci\u00f3n, la forma, la anchura, la superficie, el engaste y el grabado seg\u00fan sus propias ideas. Solitario exclusivo Para los enamorados, el compromiso es un hito en una historia compartida. Escriba el siguiente cap\u00edtulo de su singular historia de amor con un hermoso [...]<\/p>","protected":false},"author":1,"featured_media":0,"parent":0,"menu_order":0,"comment_status":"closed","ping_status":"closed","template":"template-full-width.php","meta":{"footnotes":""},"class_list":["post-241","page","type-page","status-publish","hentry"],"_links":{"self":[{"href":"https:\/\/collection-ruesch.at\/es\/wp-json\/wp\/v2\/pages\/241","targetHints":{"allow":["GET"]}}],"collection":[{"href":"https:\/\/collection-ruesch.at\/es\/wp-json\/wp\/v2\/pages"}],"about":[{"href":"https:\/\/collection-ruesch.at\/es\/wp-json\/wp\/v2\/types\/page"}],"author":[{"embeddable":true,"href":"https:\/\/collection-ruesch.at\/es\/wp-json\/wp\/v2\/users\/1"}],"replies":[{"embeddable":true,"href":"https:\/\/collection-ruesch.at\/es\/wp-json\/wp\/v2\/comments?post=241"}],"version-history":[{"count":29,"href":"https:\/\/collection-ruesch.at\/es\/wp-json\/wp\/v2\/pages\/241\/revisions"}],"predecessor-version":[{"id":1606,"href":"https:\/\/collection-ruesch.at\/es\/wp-json\/wp\/v2\/pages\/241\/revisions\/1606"}],"wp:attachment":[{"href":"https:\/\/collection-ruesch.at\/es\/wp-json\/wp\/v2\/media?parent=241"}],"curies":[{"name":"wp","href":"https:\/\/api.w.org\/{rel}","templated":true}]}}