{"id":465,"date":"2023-02-10T10:16:30","date_gmt":"2023-02-10T09:16:30","guid":{"rendered":"https:\/\/collection-ruesch.at\/?page_id=465"},"modified":"2025-11-18T09:46:19","modified_gmt":"2025-11-18T08:46:19","slug":"impressum","status":"publish","type":"page","link":"https:\/\/collection-ruesch.at\/en\/impressum\/","title":{"rendered":"Imprint"},"content":{"rendered":"<div class=\"wp-block-columns is-layout-flex wp-container-core-columns-is-layout-9d6595d7 wp-block-columns-is-layout-flex\">\n<div class=\"wp-block-column is-layout-flow wp-block-column-is-layout-flow\" style=\"flex-basis:15%\"><\/div>\n\n\n\n<div class=\"wp-block-column is-layout-flow wp-block-column-is-layout-flow\" style=\"flex-basis:70%\">\n<div class=\"wp-block-columns is-layout-flex wp-container-core-columns-is-layout-9d6595d7 wp-block-columns-is-layout-flex\">\n<div class=\"wp-block-column is-layout-flow wp-block-column-is-layout-flow\" style=\"flex-basis:40%\">\n<h3 class=\"wp-block-heading\"><strong>Nowotny brothers <\/strong>CR <strong>Ltd.<\/strong><\/h3>\n\n\n\n<p>since 1881<\/p>\n\n\n\n<p>Mag. (FH) Cornelia Gruber-Ruesch<br>Manager<br>GIA Diamonds Graduate<\/p>\n\n\n\n<p><\/p>\n\n\n\n<p>Heating plant street 12<br>A-1230 Vienna <\/p>\n\n\n\n<p>Austria<\/p>\n\n\n\n<p><a rel=\"noreferrer noopener\" href=\"https:\/\/what3words.com\/flexibler.weiter.fein\" target=\"_blank\">\/\/\/flexible.further.fine<\/a>&nbsp;<br><strong>Phone: +43\/1\/894-27-37<\/strong><br><strong>Fax: +43\/1\/894-20-28<\/strong><\/p>\n\n\n\n<p>Company register number: FN 102274d<br>Company court: Commercial Court of Vienna<br>Legal form: GmbH<br>UID number: ATU 37096904<\/p>\n<\/div>\n\n\n\n<div class=\"wp-block-column is-layout-flow wp-block-column-is-layout-flow\" style=\"flex-basis:20%\"><\/div>\n\n\n\n<div class=\"wp-block-column is-layout-flow wp-block-column-is-layout-flow\" style=\"flex-basis:40%\">\n<h3 class=\"wp-block-heading\"><strong>Br\u00fcder Nowotny CR GmbH<\/strong><\/h3>\n\n\n\n<p>M\u00fcnchener Str. 67<br>83395 Freilassing<\/p>\n\n\n\n<p>Germany<br><strong>Phone: +49\/0\/8654-608-664<\/strong><br><strong>Fax: +49\/0\/8654-608-964<\/strong><br>UID number: DE 363802865<\/p>\n<\/div>\n<\/div>\n<\/div>\n\n\n\n<div class=\"wp-block-column is-layout-flow wp-block-column-is-layout-flow\" style=\"flex-basis:15%\"><\/div>\n<\/div>\n\n\n\n<hr class=\"wp-block-separator has-alpha-channel-opacity\"\/>\n\n\n\n<div class=\"wp-block-columns is-layout-flex wp-container-core-columns-is-layout-9d6595d7 wp-block-columns-is-layout-flex\">\n<div class=\"wp-block-column is-layout-flow wp-block-column-is-layout-flow\" style=\"flex-basis:15%\"><\/div>\n\n\n\n<div class=\"wp-block-column is-layout-flow wp-block-column-is-layout-flow\" style=\"flex-basis:70%\">\n<p><\/p>\n\n\n\n<h3 class=\"wp-block-heading\"><strong>Other information according to 14 UGB<\/strong><\/h3>\n\n\n\n<p>Company register number: FN 102274d<br>Commercial register court: Vienna<\/p>\n\n\n\n<p>Phone* : 0043 1 894 2737<\/p>\n\n\n\n<p>Web:\u00a0E-Mail**:&nbsp;<\/p>\n\n\n\n<p>authority ECG (E-Commerce Law)<\/p>\n\n\n\n<p>Magistral district office of the XXIII. district<\/p>\n\n\n\n<p>Applicable legal forms: trade regulations<\/p>\n\n\n\n<p>Other supervisory authority (according to ECG): none<\/p>\n<\/div>\n\n\n\n<div class=\"wp-block-column is-layout-flow wp-block-column-is-layout-flow\" style=\"flex-basis:15%\"><\/div>\n<\/div>\n\n\n\n<hr class=\"wp-block-separator has-alpha-channel-opacity\"\/>\n\n\n\n<div class=\"wp-block-columns is-layout-flex wp-container-core-columns-is-layout-9d6595d7 wp-block-columns-is-layout-flex\">\n<div class=\"wp-block-column is-layout-flow wp-block-column-is-layout-flow\" style=\"flex-basis:15%\"><\/div>\n\n\n\n<div class=\"wp-block-column is-layout-flow wp-block-column-is-layout-flow\" style=\"flex-basis:70%\">\n<p><\/p>\n\n\n\n<h3 class=\"wp-block-heading\"><strong>Disclosure according to media law<\/strong><\/h3>\n\n\n\n<p>Media owner: Br\u00fcder Nowotny CR GmbH<\/p>\n\n\n\n<p>Registered office (place of main office): Vienna<\/p>\n\n\n\n<p>Business purpose: Gold and silversmiths, in particular the manufacture of wedding rings and partner rings in high-quality gold and platinum alloys<\/p>\n<\/div>\n\n\n\n<div class=\"wp-block-column is-layout-flow wp-block-column-is-layout-flow\" style=\"flex-basis:15%\"><\/div>\n<\/div>\n\n\n\n<hr class=\"wp-block-separator has-alpha-channel-opacity\"\/>\n\n\n\n<div class=\"wp-block-columns is-layout-flex wp-container-core-columns-is-layout-9d6595d7 wp-block-columns-is-layout-flex\">\n<div class=\"wp-block-column is-layout-flow wp-block-column-is-layout-flow\" style=\"flex-basis:15%\"><\/div>\n\n\n\n<div class=\"wp-block-column is-layout-flow wp-block-column-is-layout-flow\" style=\"flex-basis:70%\">\n<p><\/p>\n\n\n\n<h3 class=\"wp-block-heading\"><strong><strong>Member of the Vienna Chamber of Commerce<\/strong><\/strong><\/h3>\n\n\n\n<p>professional group<\/p>\n\n\n\n<p>LI crafts<br>gold and silversmiths<\/p>\n\n\n\n<p>You can find any special professional regulations on the website of the specialist group or in the legal information system of the federal government<\/p>\n<\/div>\n\n\n\n<div class=\"wp-block-column is-layout-flow wp-block-column-is-layout-flow\" style=\"flex-basis:15%\"><\/div>\n<\/div>\n\n\n\n<hr class=\"wp-block-separator has-alpha-channel-opacity\"\/>\n\n\n\n<div class=\"wp-block-columns is-layout-flex wp-container-core-columns-is-layout-9d6595d7 wp-block-columns-is-layout-flex\">\n<div class=\"wp-block-column is-layout-flow wp-block-column-is-layout-flow\" style=\"flex-basis:15%\"><\/div>\n\n\n\n<div class=\"wp-block-column is-layout-flow wp-block-column-is-layout-flow\" style=\"flex-basis:70%\">\n<p><\/p>\n\n\n\n<h3 class=\"wp-block-heading\"><strong><strong><strong>Other company locations<\/strong><\/strong><\/strong><\/h3>\n\n\n\n<p>Vienna | Company-Wide Data<\/p>\n\n\n\n<p>1230 Vienna, Heizwerkstrasse 12 | gold and silversmiths<\/p>\n\n\n\n<p>Company locations in Austria<\/p>\n\n\n\n<p>Vienna<\/p>\n<\/div>\n\n\n\n<div class=\"wp-block-column is-layout-flow wp-block-column-is-layout-flow\" style=\"flex-basis:15%\"><\/div>\n<\/div>","protected":false},"excerpt":{"rendered":"<p>Br\u00fcder Nowotny CR GmbH seit 1881 Mag. (FH) Cornelia Gruber-RueschGesch\u00e4ftsf\u00fchrerinGIA Diamonds Graduate Heizwerkstrasse 12A-1230 Wien \u00d6sterreich \/\/\/flexibler.weiter.fein&nbsp;Tel.: +43\/1\/894-27-37Fax: +43\/1\/894-20-28 Firmenbuchnummer: FN 102274dFirmengericht: Handelsgericht WienRechtsform: GmbHUID-Nummer: ATU 37096904 Br\u00fcder Nowotny CR GmbH M\u00fcnchener Str. 6783395 Freilassing DeutschlandTel.: +49\/0\/8654-608-664Fax: +49\/0\/8654-608-964UID Nummer: DE 363802865 Sonstige Informationen nach 14 UGB Firmenbuchnummer: FN 102274dFirmenbuchgericht: Wien Telefon* : 0043 1 894 [&hellip;]<\/p>","protected":false},"author":1,"featured_media":0,"parent":0,"menu_order":0,"comment_status":"closed","ping_status":"closed","template":"","meta":{"footnotes":""},"class_list":["post-465","page","type-page","status-publish","hentry"],"_links":{"self":[{"href":"https:\/\/collection-ruesch.at\/en\/wp-json\/wp\/v2\/pages\/465","targetHints":{"allow":["GET"]}}],"collection":[{"href":"https:\/\/collection-ruesch.at\/en\/wp-json\/wp\/v2\/pages"}],"about":[{"href":"https:\/\/collection-ruesch.at\/en\/wp-json\/wp\/v2\/types\/page"}],"author":[{"embeddable":true,"href":"https:\/\/collection-ruesch.at\/en\/wp-json\/wp\/v2\/users\/1"}],"replies":[{"embeddable":true,"href":"https:\/\/collection-ruesch.at\/en\/wp-json\/wp\/v2\/comments?post=465"}],"version-history":[{"count":15,"href":"https:\/\/collection-ruesch.at\/en\/wp-json\/wp\/v2\/pages\/465\/revisions"}],"predecessor-version":[{"id":1698,"href":"https:\/\/collection-ruesch.at\/en\/wp-json\/wp\/v2\/pages\/465\/revisions\/1698"}],"wp:attachment":[{"href":"https:\/\/collection-ruesch.at\/en\/wp-json\/wp\/v2\/media?parent=465"}],"curies":[{"name":"wp","href":"https:\/\/api.w.org\/{rel}","templated":true}]}}