{"id":465,"date":"2023-02-10T10:16:30","date_gmt":"2023-02-10T09:16:30","guid":{"rendered":"https:\/\/collection-ruesch.at\/?page_id=465"},"modified":"2025-11-18T09:46:19","modified_gmt":"2025-11-18T08:46:19","slug":"impressum","status":"publish","type":"page","link":"https:\/\/collection-ruesch.at\/el\/impressum\/","title":{"rendered":"\u0395\u03ba\u03c4\u03cd\u03c0\u03c9\u03c3\u03b7"},"content":{"rendered":"<div class=\"wp-block-columns is-layout-flex wp-container-core-columns-is-layout-9d6595d7 wp-block-columns-is-layout-flex\">\n<div class=\"wp-block-column is-layout-flow wp-block-column-is-layout-flow\" style=\"flex-basis:15%\"><\/div>\n\n\n\n<div class=\"wp-block-column is-layout-flow wp-block-column-is-layout-flow\" style=\"flex-basis:70%\">\n<div class=\"wp-block-columns is-layout-flex wp-container-core-columns-is-layout-9d6595d7 wp-block-columns-is-layout-flex\">\n<div class=\"wp-block-column is-layout-flow wp-block-column-is-layout-flow\" style=\"flex-basis:40%\">\n<h3 class=\"wp-block-heading\"><strong>\u0391\u03b4\u03b5\u03bb\u03c6\u03bf\u03af \u039d\u03bf\u03c5\u03c4\u03cc\u03bd\u03c5 <\/strong>\u039a\u03a1 <strong>\u0395\u03a0\u0395<\/strong><\/h3>\n\n\n\n<p>\u03b1\u03c0\u03cc \u03c4\u03bf 1881<\/p>\n\n\n\n<p>\u039c\u03b1\u03b3. (FH) \u039a\u03bf\u03c1\u03bd\u03ad\u03bb\u03b9\u03b1 \u0393\u03ba\u03c1\u03bf\u03cd\u03bc\u03c0\u03b5\u03c1-\u03a1\u03cd\u03b5\u03c2<br>\u0394\u03b9\u03b5\u03c5\u03b8\u03cd\u03bd\u03bf\u03c5\u03c3\u03b1 \u03a3\u03cd\u03bc\u03b2\u03bf\u03c5\u03bb\u03bf\u03c2<br>\u0394\u03b9\u03b1\u03bc\u03ac\u03bd\u03c4\u03b9\u03b1 GIA \u0391\u03c0\u03cc\u03c6\u03bf\u03b9\u03c4\u03bf\u03c2<\/p>\n\n\n\n<p><\/p>\n\n\n\n<p>Heizwerkstrasse 12<br>\u0391-1230 \u0392\u03b9\u03ad\u03bd\u03bd\u03b7 <\/p>\n\n\n\n<p>\u0391\u03c5\u03c3\u03c4\u03c1\u03af\u03b1<\/p>\n\n\n\n<p><a rel=\"noreferrer noopener\" href=\"https:\/\/what3words.com\/flexibler.weiter.fein\" target=\"_blank\">\u03b5\u03c5\u03ad\u03bb\u03b9\u03ba\u03c4\u03bf.\u03c0\u03b5\u03c1\u03b1\u03b9\u03c4\u03ad\u03c1\u03c9.\u03bb\u03b5\u03c0\u03c4\u03cc<\/a>&nbsp;<br><strong>\u03a4\u03b7\u03bb.: +43\/1\/894-27-37<\/strong><br><strong>\u03a6\u03b1\u03be: +43\/1\/894-20-28<\/strong><\/p>\n\n\n\n<p>\u0391\u03c1\u03b9\u03b8\u03bc\u03cc\u03c2 \u0395\u03bc\u03c0\u03bf\u03c1\u03b9\u03ba\u03bf\u03cd \u039c\u03b7\u03c4\u03c1\u03ce\u03bf\u03c5: FN 102274d<br>\u0395\u03bc\u03c0\u03bf\u03c1\u03b9\u03ba\u03cc \u0394\u03b9\u03ba\u03b1\u03c3\u03c4\u03ae\u03c1\u03b9\u03bf \u0392\u03b9\u03ad\u03bd\u03bd\u03b7\u03c2<br>\u0395\u03c4\u03b1\u03b9\u03c1\u03b9\u03ba\u03ae \u03bc\u03bf\u03c1\u03c6\u03ae: \u0395\u03a0\u0395<br>\u0391\u03c1\u03b9\u03b8\u03bc\u03cc\u03c2 \u0391\u03bd\u03b1\u03b3\u03bd\u03ce\u03c1\u03b9\u03c3\u03b7\u03c2: ATU 37096904<\/p>\n<\/div>\n\n\n\n<div class=\"wp-block-column is-layout-flow wp-block-column-is-layout-flow\" style=\"flex-basis:20%\"><\/div>\n\n\n\n<div class=\"wp-block-column is-layout-flow wp-block-column-is-layout-flow\" style=\"flex-basis:40%\">\n<h3 class=\"wp-block-heading\"><strong>Br\u00fcder Nowotny CR GmbH<\/strong><\/h3>\n\n\n\n<p>\u039c\u00fcnchener Str. 67<br>83395 \u03a6\u03c1\u03ac\u03b9\u03bb\u03b1\u03c3\u03b9\u03bd\u03b3\u03ba<\/p>\n\n\n\n<p>\u0393\u03b5\u03c1\u03bc\u03b1\u03bd\u03af\u03b1<br><strong>\u03a4\u03b7\u03bb.: +49\/0\/8654-608-664<\/strong><br><strong>\u03a6\u03b1\u03be: +49\/0\/8654-608-964<\/strong><br>\u0391\u03c1\u03b9\u03b8\u03bc\u03cc\u03c2 UID: DE 363802865<\/p>\n<\/div>\n<\/div>\n<\/div>\n\n\n\n<div class=\"wp-block-column is-layout-flow wp-block-column-is-layout-flow\" style=\"flex-basis:15%\"><\/div>\n<\/div>\n\n\n\n<hr class=\"wp-block-separator has-alpha-channel-opacity\"\/>\n\n\n\n<div class=\"wp-block-columns is-layout-flex wp-container-core-columns-is-layout-9d6595d7 wp-block-columns-is-layout-flex\">\n<div class=\"wp-block-column is-layout-flow wp-block-column-is-layout-flow\" style=\"flex-basis:15%\"><\/div>\n\n\n\n<div class=\"wp-block-column is-layout-flow wp-block-column-is-layout-flow\" style=\"flex-basis:70%\">\n<p><\/p>\n\n\n\n<h3 class=\"wp-block-heading\"><strong>\u039b\u03bf\u03b9\u03c0\u03ad\u03c2 \u03c0\u03bb\u03b7\u03c1\u03bf\u03c6\u03bf\u03c1\u03af\u03b5\u03c2 \u03c3\u03cd\u03bc\u03c6\u03c9\u03bd\u03b1 \u03bc\u03b5 \u03c4\u03bf \u03ac\u03c1\u03b8\u03c1\u03bf 14 UGB<\/strong><\/h3>\n\n\n\n<p>\u0391\u03c1\u03b9\u03b8\u03bc\u03cc\u03c2 \u0395\u03bc\u03c0\u03bf\u03c1\u03b9\u03ba\u03bf\u03cd \u039c\u03b7\u03c4\u03c1\u03ce\u03bf\u03c5: FN 102274d<br>\u0395\u03bc\u03c0\u03bf\u03c1\u03b9\u03ba\u03cc \u039c\u03b7\u03c4\u03c1\u03ce\u03bf: \u0392\u03b9\u03ad\u03bd\u03bd\u03b7<\/p>\n\n\n\n<p>\u03a4\u03b7\u03bb\u03ad\u03c6\u03c9\u03bd\u03bf* : 0043 1 894 2737<\/p>\n\n\n\n<p>\u0399\u03c3\u03c4\u03bf\u03c3\u03b5\u03bb\u03af\u03b4\u03b1: E-Mail:&nbsp;<\/p>\n\n\n\n<p>\u0391\u03c1\u03c7\u03ae grm. ECG (\u03bd\u03cc\u03bc\u03bf\u03c2 \u03b3\u03b9\u03b1 \u03c4\u03bf \u03b7\u03bb\u03b5\u03ba\u03c4\u03c1\u03bf\u03bd\u03b9\u03ba\u03cc \u03b5\u03bc\u03c0\u03cc\u03c1\u03b9\u03bf)<\/p>\n\n\n\n<p>\u039c\u03b1\u03b3\u03b9\u03c3\u03c4\u03c1\u03b1\u03c4\u03b9\u03ba\u03ae \u0391\u03c3\u03c4\u03c5\u03bd\u03bf\u03bc\u03b9\u03ba\u03ae \u0394\u03b9\u03b5\u03cd\u03b8\u03c5\u03bd\u03c3\u03b7 \u03c4\u03b7\u03c2 \u039a\u0393' \u03a0\u03b5\u03c1\u03b9\u03c6\u03b5\u03c1\u03b5\u03af\u03b1\u03c2<\/p>\n\n\n\n<p>\u0395\u03c6\u03b1\u03c1\u03bc\u03bf\u03c3\u03c4\u03ad\u03bf\u03b9 \u03b5\u03c4\u03b1\u03b9\u03c1\u03b9\u03ba\u03bf\u03af \u03c4\u03cd\u03c0\u03bf\u03b9: \u0395\u03bc\u03c0\u03bf\u03c1\u03b9\u03ba\u03cc\u03c2 \u039a\u03ce\u03b4\u03b9\u03ba\u03b1\u03c2<\/p>\n\n\n\n<p>\u039b\u03bf\u03b9\u03c0\u03ae \u03b5\u03c0\u03bf\u03c0\u03c4\u03b9\u03ba\u03ae \u03b1\u03c1\u03c7\u03ae (\u03c3\u03cd\u03bc\u03c6\u03c9\u03bd\u03b1 \u03bc\u03b5 \u03c4\u03bf ECG): \u03ba\u03b1\u03bc\u03af\u03b1<\/p>\n<\/div>\n\n\n\n<div class=\"wp-block-column is-layout-flow wp-block-column-is-layout-flow\" style=\"flex-basis:15%\"><\/div>\n<\/div>\n\n\n\n<hr class=\"wp-block-separator has-alpha-channel-opacity\"\/>\n\n\n\n<div class=\"wp-block-columns is-layout-flex wp-container-core-columns-is-layout-9d6595d7 wp-block-columns-is-layout-flex\">\n<div class=\"wp-block-column is-layout-flow wp-block-column-is-layout-flow\" style=\"flex-basis:15%\"><\/div>\n\n\n\n<div class=\"wp-block-column is-layout-flow wp-block-column-is-layout-flow\" style=\"flex-basis:70%\">\n<p><\/p>\n\n\n\n<h3 class=\"wp-block-heading\"><strong>\u0394\u03ae\u03bb\u03c9\u03c3\u03b7 \u03c5\u03c0\u03bf\u03c7\u03c1\u03ad\u03c9\u03c3\u03b7\u03c2 \u03b3\u03bd\u03c9\u03c3\u03c4\u03bf\u03c0\u03bf\u03af\u03b7\u03c3\u03b7\u03c2 \u03b2\u03ac\u03c3\u03b5\u03b9 \u03c4\u03bf\u03c5 \u03bd\u03cc\u03bc\u03bf\u03c5 \u03c0\u03b5\u03c1\u03af \u03bc\u03ad\u03c3\u03c9\u03bd \u03b5\u03bd\u03b7\u03bc\u03ad\u03c1\u03c9\u03c3\u03b7\u03c2<\/strong><\/h3>\n\n\n\n<p>\u0394\u03b9\u03ba\u03b1\u03b9\u03bf\u03cd\u03c7\u03bf\u03c2 \u03c0\u03b5\u03c1\u03b9\u03b5\u03c7\u03bf\u03bc\u03ad\u03bd\u03bf\u03c5: Br\u00fcder Nowotny CR GmbH<\/p>\n\n\n\n<p>\u0388\u03b4\u03c1\u03b1 (\u03c4\u03cc\u03c0\u03bf\u03c2 \u03ba\u03cd\u03c1\u03b9\u03b1\u03c2 \u03ad\u03b4\u03c1\u03b1\u03c2): \u0392\u03b9\u03ad\u03bd\u03bd\u03b7<\/p>\n\n\n\n<p>\u0391\u03bd\u03c4\u03b9\u03ba\u03b5\u03af\u03bc\u03b5\u03bd\u03bf \u03c4\u03b7\u03c2 \u03b5\u03c4\u03b1\u03b9\u03c1\u03b5\u03af\u03b1\u03c2: \u03a7\u03c1\u03c5\u03c3\u03bf\u03c7\u03bf\u0390\u03b1 \u03ba\u03b1\u03b9 \u03b1\u03c1\u03b3\u03c5\u03c1\u03bf\u03c7\u03bf\u0390\u03b1, \u03b9\u03b4\u03af\u03c9\u03c2 \u03ba\u03b1\u03c4\u03b1\u03c3\u03ba\u03b5\u03c5\u03ae \u03b4\u03b1\u03c7\u03c4\u03c5\u03bb\u03b9\u03b4\u03b9\u03ce\u03bd \u03b3\u03ac\u03bc\u03bf\u03c5 \u03ba\u03b1\u03b9 \u03b4\u03b1\u03c7\u03c4\u03c5\u03bb\u03b9\u03b4\u03b9\u03ce\u03bd \u03b6\u03b5\u03c5\u03b3\u03b1\u03c1\u03b9\u03ce\u03bd \u03c3\u03b5 \u03c5\u03c8\u03b7\u03bb\u03ae\u03c2 \u03c0\u03bf\u03b9\u03cc\u03c4\u03b7\u03c4\u03b1\u03c2 \u03ba\u03c1\u03ac\u03bc\u03b1\u03c4\u03b1 \u03c7\u03c1\u03c5\u03c3\u03bf\u03cd \u03ba\u03b1\u03b9 \u03c0\u03bb\u03b1\u03c4\u03af\u03bd\u03b1\u03c2<\/p>\n<\/div>\n\n\n\n<div class=\"wp-block-column is-layout-flow wp-block-column-is-layout-flow\" style=\"flex-basis:15%\"><\/div>\n<\/div>\n\n\n\n<hr class=\"wp-block-separator has-alpha-channel-opacity\"\/>\n\n\n\n<div class=\"wp-block-columns is-layout-flex wp-container-core-columns-is-layout-9d6595d7 wp-block-columns-is-layout-flex\">\n<div class=\"wp-block-column is-layout-flow wp-block-column-is-layout-flow\" style=\"flex-basis:15%\"><\/div>\n\n\n\n<div class=\"wp-block-column is-layout-flow wp-block-column-is-layout-flow\" style=\"flex-basis:70%\">\n<p><\/p>\n\n\n\n<h3 class=\"wp-block-heading\"><strong><strong>\u039c\u03ad\u03bb\u03bf\u03c2 \u03c4\u03bf\u03c5 \u039f\u03b9\u03ba\u03bf\u03bd\u03bf\u03bc\u03b9\u03ba\u03bf\u03cd \u0395\u03c0\u03b9\u03bc\u03b5\u03bb\u03b7\u03c4\u03b7\u03c1\u03af\u03bf\u03c5 \u0392\u03b9\u03ad\u03bd\u03bd\u03b7\u03c2<\/strong><\/strong><\/h3>\n\n\n\n<p>\u039f\u03bc\u03ac\u03b4\u03b1 \u03b5\u03b9\u03b4\u03b9\u03ba\u03cc\u03c4\u03b7\u03c4\u03b1\u03c2 \/ \u0395\u03c0\u03b1\u03b3\u03b3\u03b5\u03bb\u03bc\u03b1\u03c4\u03b9\u03ba\u03cc\u03c2 \u03ba\u03bb\u03ac\u03b4\u03bf\u03c2<\/p>\n\n\n\n<p>\u039b\u03b9 \u03a7\u03b5\u03b9\u03c1\u03bf\u03c4\u03b5\u03c7\u03bd\u03af\u03b5\u03c2<br>\u03a7\u03c1\u03c5\u03c3\u03bf\u03c7\u03cc\u03bf\u03b9 \u03ba\u03b1\u03b9 \u03b1\u03c1\u03b3\u03c5\u03c1\u03bf\u03c7\u03cc\u03bf\u03b9<\/p>\n\n\n\n<p>\u03a4\u03c5\u03c7\u03cc\u03bd \u03b5\u03b9\u03b4\u03b9\u03ba\u03bf\u03af \u03b5\u03c0\u03b1\u03b3\u03b3\u03b5\u03bb\u03bc\u03b1\u03c4\u03b9\u03ba\u03bf\u03af \u03ba\u03b1\u03bd\u03bf\u03bd\u03b9\u03c3\u03bc\u03bf\u03af \u03bc\u03c0\u03bf\u03c1\u03b5\u03af\u03c4\u03b5 \u03bd\u03b1 \u03b2\u03c1\u03b5\u03af\u03c4\u03b5 \u03c3\u03c4\u03b7\u03bd \u03b9\u03c3\u03c4\u03bf\u03c3\u03b5\u03bb\u03af\u03b4\u03b1 \u03c4\u03b7\u03c2 \u03b1\u03c1\u03bc\u03cc\u03b4\u03b9\u03b1\u03c2 \u03bf\u03bc\u03ac\u03b4\u03b1\u03c2 \u03ae \u03c3\u03c4\u03bf \u03c0\u03bb\u03b7\u03c1\u03bf\u03c6\u03bf\u03c1\u03b9\u03b1\u03ba\u03cc \u03c3\u03cd\u03c3\u03c4\u03b7\u03bc\u03b1 \u03c4\u03bf\u03c5 \u03bf\u03bc\u03bf\u03c3\u03c0\u03bf\u03bd\u03b4\u03b9\u03b1\u03ba\u03bf\u03cd \u03ba\u03c1\u03ac\u03c4\u03bf\u03c5\u03c2.<\/p>\n<\/div>\n\n\n\n<div class=\"wp-block-column is-layout-flow wp-block-column-is-layout-flow\" style=\"flex-basis:15%\"><\/div>\n<\/div>\n\n\n\n<hr class=\"wp-block-separator has-alpha-channel-opacity\"\/>\n\n\n\n<div class=\"wp-block-columns is-layout-flex wp-container-core-columns-is-layout-9d6595d7 wp-block-columns-is-layout-flex\">\n<div class=\"wp-block-column is-layout-flow wp-block-column-is-layout-flow\" style=\"flex-basis:15%\"><\/div>\n\n\n\n<div class=\"wp-block-column is-layout-flow wp-block-column-is-layout-flow\" style=\"flex-basis:70%\">\n<p><\/p>\n\n\n\n<h3 class=\"wp-block-heading\"><strong><strong><strong>\u03a0\u03b5\u03c1\u03b9\u03c3\u03c3\u03cc\u03c4\u03b5\u03c1\u03b5\u03c2 \u03c4\u03bf\u03c0\u03bf\u03b8\u03b5\u03c3\u03af\u03b5\u03c2 \u03b5\u03c4\u03b1\u03b9\u03c1\u03b5\u03af\u03b1\u03c2<\/strong><\/strong><\/strong><\/h3>\n\n\n\n<p>\u0392\u03b9\u03ad\u03bd\u03bd\u03b7 | \u0395<\/p>\n\n\n\n<p>1230 \u0392\u03b9\u03ad\u03bd\u03bd\u03b7, Heizwerkstrasse 12 | \u03a7\u03c1\u03c5\u03c3\u03bf\u03c7\u03bf\u0390\u03b1 \u03ba\u03b1\u03b9 \u0391\u03c1\u03b3\u03c5\u03c1\u03bf\u03c7\u03bf\u0390\u03b1<\/p>\n\n\n\n<p>\u0395\u03c4\u03b1\u03b9\u03c1\u03b9\u03ba\u03ad\u03c2 \u03c4\u03bf\u03c0\u03bf\u03b8\u03b5\u03c3\u03af\u03b5\u03c2 \u03c3\u03c4\u03b7\u03bd \u0391\u03c5\u03c3\u03c4\u03c1\u03af\u03b1<\/p>\n\n\n\n<p>\u0392\u03b9\u03ad\u03bd\u03bd\u03b7<\/p>\n<\/div>\n\n\n\n<div class=\"wp-block-column is-layout-flow wp-block-column-is-layout-flow\" style=\"flex-basis:15%\"><\/div>\n<\/div>","protected":false},"excerpt":{"rendered":"<p>Br\u00fcder Nowotny CR GmbH seit 1881 Mag. (FH) Cornelia Gruber-RueschGesch\u00e4ftsf\u00fchrerinGIA Diamonds Graduate Heizwerkstrasse 12A-1230 Wien \u00d6sterreich \/\/\/flexibler.weiter.fein&nbsp;Tel.: +43\/1\/894-27-37Fax: +43\/1\/894-20-28 Firmenbuchnummer: FN 102274dFirmengericht: Handelsgericht WienRechtsform: GmbHUID-Nummer: ATU 37096904 Br\u00fcder Nowotny CR GmbH M\u00fcnchener Str. 6783395 Freilassing DeutschlandTel.: +49\/0\/8654-608-664Fax: +49\/0\/8654-608-964UID Nummer: DE 363802865 Sonstige Informationen nach 14 UGB Firmenbuchnummer: FN 102274dFirmenbuchgericht: Wien Telefon* : 0043 1 894 [&hellip;]<\/p>","protected":false},"author":1,"featured_media":0,"parent":0,"menu_order":0,"comment_status":"closed","ping_status":"closed","template":"","meta":{"footnotes":""},"class_list":["post-465","page","type-page","status-publish","hentry"],"_links":{"self":[{"href":"https:\/\/collection-ruesch.at\/el\/wp-json\/wp\/v2\/pages\/465","targetHints":{"allow":["GET"]}}],"collection":[{"href":"https:\/\/collection-ruesch.at\/el\/wp-json\/wp\/v2\/pages"}],"about":[{"href":"https:\/\/collection-ruesch.at\/el\/wp-json\/wp\/v2\/types\/page"}],"author":[{"embeddable":true,"href":"https:\/\/collection-ruesch.at\/el\/wp-json\/wp\/v2\/users\/1"}],"replies":[{"embeddable":true,"href":"https:\/\/collection-ruesch.at\/el\/wp-json\/wp\/v2\/comments?post=465"}],"version-history":[{"count":15,"href":"https:\/\/collection-ruesch.at\/el\/wp-json\/wp\/v2\/pages\/465\/revisions"}],"predecessor-version":[{"id":1698,"href":"https:\/\/collection-ruesch.at\/el\/wp-json\/wp\/v2\/pages\/465\/revisions\/1698"}],"wp:attachment":[{"href":"https:\/\/collection-ruesch.at\/el\/wp-json\/wp\/v2\/media?parent=465"}],"curies":[{"name":"wp","href":"https:\/\/api.w.org\/{rel}","templated":true}]}}