{"id":394,"date":"2023-02-01T11:52:30","date_gmt":"2023-02-01T10:52:30","guid":{"rendered":"https:\/\/collection-ruesch.at\/?page_id=394"},"modified":"2024-02-26T15:58:38","modified_gmt":"2024-02-26T14:58:38","slug":"news","status":"publish","type":"page","link":"https:\/\/collection-ruesch.at\/el\/news\/","title":{"rendered":"\u039d\u03ad\u03b1"},"content":{"rendered":"<div class=\"wp-block-columns is-layout-flex wp-container-core-columns-is-layout-9d6595d7 wp-block-columns-is-layout-flex\">\n<div class=\"wp-block-column is-layout-flow wp-block-column-is-layout-flow\" style=\"flex-basis:10%\"><\/div>\n\n\n\n<div class=\"wp-block-column is-layout-flow wp-block-column-is-layout-flow\" style=\"flex-basis:80%\">\n<div class=\"wp-block-query is-layout-flow wp-block-query-is-layout-flow\"><ul class=\"wp-block-post-template is-layout-flow wp-block-post-template-is-layout-flow\"><li class=\"wp-block-post post-1522 post type-post status-publish format-standard hentry category-allgemein\">\n<h2 class=\"wp-block-post-title\"><a href=\"https:\/\/collection-ruesch.at\/el\/collection-ruesch-ein-familienunternehmen-mit-tradition\/\" target=\"_self\" >Collection Ruesch \u2013 \u03bc\u03b9\u03b1 \u03bf\u03b9\u03ba\u03bf\u03b3\u03b5\u03bd\u03b5\u03b9\u03b1\u03ba\u03ae \u03b5\u03c0\u03b9\u03c7\u03b5\u03af\u03c1\u03b7\u03c3\u03b7 \u03bc\u03b5 \u03c0\u03b1\u03c1\u03ac\u03b4\u03bf\u03c3\u03b7<\/a><\/h2>\n\n\n\n<div class=\"wp-block-post-excerpt\"><p class=\"wp-block-post-excerpt__excerpt\">Unser 1881 gegr\u00fcndetes und seither familiengef\u00fchrtes Unternehmen legt viel Wert auf Ihre W\u00fcnsche und Ideen. Jedes Jahr w\u00e4chst unsere Auswahl an Ringen und erm\u00f6glicht es so vielen Suchenden, den richtigen Ring anzubieten. Gemeinsam mit unseren europaweit verteilten Juwelierpartnern bem\u00fchen wir uns, den Zugang zu unseren Kollektionen zu erleichtern. Diese spannen von klassischen einfarbigen Partnerringen \u00fcber&hellip; <\/p><\/div>\n\n\n<hr class=\"wp-block-separator has-css-opacity\"\/>\n\n\n<div class=\"wp-block-post-date\"><time datetime=\"2025-04-01T16:09:33+02:00\">1.4.2025<\/time><\/div>\n<\/li><li class=\"wp-block-post post-1193 post type-post status-publish format-standard hentry category-allgemein category-retailer\">\n<h2 class=\"wp-block-post-title\"><a href=\"https:\/\/collection-ruesch.at\/el\/ihre-stimme-zahlt\/\" target=\"_self\" >\u0397 \u03c8\u03ae\u03c6\u03bf\u03c2 \u03c3\u03b1\u03c2 \u03bc\u03b5\u03c4\u03c1\u03ac\u03b5\u03b9!<\/a><\/h2>\n\n\n\n<div class=\"wp-block-post-excerpt\"><p class=\"wp-block-post-excerpt__excerpt\">\u03a3\u03c5\u03bb\u03bb\u03bf\u03b3\u03ae \u03b4\u03b1\u03c7\u03c4\u03c5\u03bb\u03af\u03b4\u03b9 Ruesch \u03c9\u03c2 \u03b4\u03b1\u03c7\u03c4\u03c5\u03bb\u03af\u03b4\u03b9 \u03b3\u03ac\u03bc\u03bf\u03c5 \u03c4\u03bf\u03c5 \u03ad\u03c4\u03bf\u03c5\u03c2 2024; \u03a8\u03b7\u03c6\u03af\u03c3\u03c4\u03b5 \u03c4\u03bf \u03bc\u03bf\u03bd\u03c4\u03ad\u03bb\u03bf \u03bc\u03b1\u03c2 \u03c9\u03c2 \u03c4\u03b7 \u03b2\u03ad\u03c1\u03b1 \u03c4\u03b7\u03c2 \u03c7\u03c1\u03bf\u03bd\u03b9\u03ac\u03c2 \u03ba\u03b1\u03b9, \u03bc\u03b5 \u03bb\u03af\u03b3\u03b7 \u03c4\u03cd\u03c7\u03b7, \u03ba\u03b5\u03c1\u03b4\u03af\u03c3\u03c4\u03b5 \u03b1\u03c5\u03c4\u03ac \u03c4\u03b1 \u03be\u03b5\u03c7\u03c9\u03c1\u03b9\u03c3\u03c4\u03ac \u03b4\u03b1\u03c7\u03c4\u03c5\u03bb\u03af\u03b4\u03b9\u03b1. \u03a0\u03bf\u03b9\u03bf\u03c2 \u03be\u03ad\u03c1\u03b5\u03b9, \u03af\u03c3\u03c9\u03c2 \u03c3\u03cd\u03bd\u03c4\u03bf\u03bc\u03b1 \u03bd\u03b1 \u03bb\u03ac\u03bc\u03c8\u03bf\u03c5\u03bd \u03c3\u03c4\u03b1 \u03b4\u03ac\u03c7\u03c4\u03c5\u03bb\u03ac \u03c3\u03b1\u03c2. \u03a8\u03b7\u03c6\u03af\u03c3\u03c4\u03b5 \u03bc\u03b1\u03b6\u03af \u03bc\u03b1\u03c2: https:\/\/www.brautmagazin.de\/ringe\/trauringe\/trauringdesjahres2024\/ \u0395\u03c5\u03c7\u03b1\u03c1\u03b9\u03c3\u03c4\u03bf\u03cd\u03bc\u03b5 \u03cc\u03bb\u03b1 \u03c4\u03b1 \u03bd\u03c5\u03c6\u03b9\u03ba\u03ac \u03b6\u03b5\u03c5\u03b3\u03ac\u03c1\u03b9\u03b1 \u03b3\u03b9\u03b1 \u03c4\u03b7\u03bd \u03c8\u03ae\u03c6\u03bf \u03c4\u03bf\u03c5\u03c2. <\/p><\/div>\n\n\n<hr class=\"wp-block-separator has-css-opacity\"\/>\n\n\n<div class=\"wp-block-post-date\"><time datetime=\"2024-06-12T16:33:21+02:00\">12.6.2024<\/time><\/div>\n<\/li><li class=\"wp-block-post post-1112 post type-post status-publish format-standard has-post-thumbnail hentry category-allgemein\">\n<h2 class=\"wp-block-post-title\"><a href=\"https:\/\/collection-ruesch.at\/el\/klassische-verlobungsringe-solitaire\/\" target=\"_self\" >\u039a\u03bb\u03b1\u03c3\u03b9\u03ba\u03ac \u0394\u03b1\u03c7\u03c4\u03c5\u03bb\u03af\u03b4\u03b9\u03b1 \u0391\u03c1\u03c1\u03b1\u03b2\u03ce\u03bd\u03b1 \u2013 \u039c\u03bf\u03bd\u03cc\u03c0\u03b5\u03c4\u03c1\u03b1<\/a><\/h2>\n\n<figure class=\"alignwide wp-block-post-featured-image\"><a href=\"https:\/\/collection-ruesch.at\/el\/klassische-verlobungsringe-solitaire\/\" target=\"_self\"  ><img loading=\"lazy\" decoding=\"async\" width=\"946\" height=\"516\" src=\"https:\/\/collection-ruesch.at\/aglopips\/2024\/03\/Solitaire-News-allgemein-946x516-1.jpg\" class=\"attachment-post-thumbnail size-post-thumbnail wp-post-image\" alt=\"Klassische Verlobungsringe &#8211; Solitaire\" style=\"object-fit:cover;\" srcset=\"https:\/\/collection-ruesch.at\/aglopips\/2024\/03\/Solitaire-News-allgemein-946x516-1.jpg 946w, https:\/\/collection-ruesch.at\/aglopips\/2024\/03\/Solitaire-News-allgemein-946x516-1-300x164.jpg 300w, https:\/\/collection-ruesch.at\/aglopips\/2024\/03\/Solitaire-News-allgemein-946x516-1-768x419.jpg 768w, https:\/\/collection-ruesch.at\/aglopips\/2024\/03\/Solitaire-News-allgemein-946x516-1-18x10.jpg 18w\" sizes=\"auto, (max-width: 946px) 100vw, 946px\" \/><\/a><\/figure>\n\n<div class=\"wp-block-post-excerpt\"><p class=\"wp-block-post-excerpt__excerpt\">Nach wie vor ist ein funkelnder Solitaire Ring die erste Wahl, wenn es um die Frage nach dem perfekten Antragsring geht. Wussten Sie, dass Sie die Steingr\u00f6\u00dfe und Qualit\u00e4t frei w\u00e4hlen k\u00f6nnen? Auch die Farbe und Legierung sind aus folgenden Varianten individuell w\u00e4hlbar: Gelbgold (14kt &amp; 18kt)Wei\u00dfgold (14kt &amp; 18kt)Ros\u00e9gold (14kt &amp; 18kt)Champagne (14kt)Platin (PT950)&hellip; <\/p><\/div>\n\n\n<hr class=\"wp-block-separator has-css-opacity\"\/>\n\n\n<div class=\"wp-block-post-date\"><time datetime=\"2024-03-14T13:35:52+01:00\">14.3.2024<\/time><\/div>\n<\/li><li class=\"wp-block-post post-1057 post type-post status-publish format-standard has-post-thumbnail hentry category-allgemein\">\n<h2 class=\"wp-block-post-title\"><a href=\"https:\/\/collection-ruesch.at\/el\/entdecken-sie-unsere-neue-goldfarbe-champagne\/\" target=\"_self\" >\u0391\u03bd\u03b1\u03ba\u03b1\u03bb\u03cd\u03c8\u03c4\u03b5 \u03c4\u03bf \u03bd\u03ad\u03bf \u03bc\u03b1\u03c2 \u03c7\u03c1\u03c5\u03c3\u03cc \u03c7\u03c1\u03ce\u03bc\u03b1 \u2013 \u03a3\u03b1\u03bc\u03c0\u03ac\u03bd\u03b9\u03b1<\/a><\/h2>\n\n<figure class=\"alignwide wp-block-post-featured-image\"><a href=\"https:\/\/collection-ruesch.at\/el\/entdecken-sie-unsere-neue-goldfarbe-champagne\/\" target=\"_self\"  ><img loading=\"lazy\" decoding=\"async\" width=\"946\" height=\"516\" src=\"https:\/\/collection-ruesch.at\/aglopips\/2024\/02\/News-allgemein-Champagne_946x516.jpg\" class=\"attachment-post-thumbnail size-post-thumbnail wp-post-image\" alt=\"Entdecken Sie unsere neue Goldfarbe &#8211; Champagne\" style=\"object-fit:cover;\" srcset=\"https:\/\/collection-ruesch.at\/aglopips\/2024\/02\/News-allgemein-Champagne_946x516.jpg 946w, https:\/\/collection-ruesch.at\/aglopips\/2024\/02\/News-allgemein-Champagne_946x516-300x164.jpg 300w, https:\/\/collection-ruesch.at\/aglopips\/2024\/02\/News-allgemein-Champagne_946x516-768x419.jpg 768w, https:\/\/collection-ruesch.at\/aglopips\/2024\/02\/News-allgemein-Champagne_946x516-18x10.jpg 18w\" sizes=\"auto, (max-width: 946px) 100vw, 946px\" \/><\/a><\/figure>\n\n<div class=\"wp-block-post-excerpt\"><p class=\"wp-block-post-excerpt__excerpt\">\u0397 \u03a3\u03b1\u03bc\u03c0\u03ac\u03bd\u03b9\u03b1 \u03b5\u03af\u03bd\u03b1\u03b9 \u03b7 \u03bd\u03ad\u03b1, \u03bc\u03bf\u03bd\u03b1\u03b4\u03b9\u03ba\u03ae \u03bc\u03b1\u03c2 \u03c7\u03c1\u03c5\u03c3\u03ae \u03c3\u03cd\u03bd\u03c4\u03b7\u03be\u03b7 14 \u03ba\u03b1\u03c1\u03b1\u03c4\u03af\u03c9\u03bd. \u0391\u03c5\u03c4\u03cc \u03c4\u03bf \u03c7\u03c1\u03ce\u03bc\u03b1 \u03b5\u03af\u03bd\u03b1\u03b9 \u03c0\u03b9\u03bf \u03b1\u03c0\u03b1\u03bb\u03cc \u03b1\u03c0\u03cc \u03c4\u03bf \u03c1\u03bf\u03b6 \u03c7\u03c1\u03c5\u03c3\u03cc \u03ba\u03b1\u03b9 \u03ba\u03bf\u03bb\u03b1\u03ba\u03b5\u03cd\u03b5\u03b9 \u03c4\u03bf \u03b4\u03ad\u03c1\u03bc\u03b1. \u039c\u03b5 \u03c4\u03b7\u03bd \u03bc\u03bf\u03bd\u03b1\u03b4\u03b9\u03ba\u03ae \u03c4\u03b7\u03c2 \u03b5\u03ba\u03bb\u03ad\u03c0\u03c4\u03c5\u03bd\u03c3\u03b7 \u03ba\u03b1\u03b9 \u03c4\u03b7\u03bd \u03b1\u03b9\u03ce\u03bd\u03b9\u03b1 \u03bb\u03ac\u03bc\u03c8\u03b7, \u03b1\u03c5\u03c4\u03ae \u03b7 \u03b1\u03c0\u03bf\u03ba\u03bb\u03b5\u03b9\u03c3\u03c4\u03b9\u03ba\u03ae \u03c3\u03cd\u03bd\u03c4\u03b7\u03be\u03b7 \u03b5\u03af\u03bd\u03b1\u03b9 \u03bc\u03b9\u03b1 \u03c0\u03c1\u03bf\u03c3\u03b8\u03ae\u03ba\u03b7 \u03c3\u03c4\u03b9\u03c2 \u03c3\u03c5\u03bb\u03bb\u03bf\u03b3\u03ad\u03c2 \u03bc\u03b1\u03c2 \u03ba\u03b1\u03b9 \u03b4\u03b5\u03af\u03c7\u03bd\u03b5\u03b9 \u03c4\u03b7\u03bd \u03c0\u03bf\u03b9\u03ba\u03b9\u03bb\u03bf\u03bc\u03bf\u03c1\u03c6\u03af\u03b1 \u03c4\u03b7\u03c2 Collection Ruesch! <\/p><\/div>\n\n\n<hr class=\"wp-block-separator has-css-opacity\"\/>\n\n\n<div class=\"wp-block-post-date\"><time datetime=\"2024-02-22T16:46:38+01:00\">22.2.2024<\/time><\/div>\n<\/li><li class=\"wp-block-post post-896 post type-post status-publish format-standard hentry category-allgemein\">\n<h2 class=\"wp-block-post-title\"><a href=\"https:\/\/collection-ruesch.at\/el\/trauring-des-jahres-2023\/\" target=\"_self\" >\u0392\u03b5\u03c1\u03ac\u03bd\u03c4\u03b1 \u03c4\u03bf\u03c5 \u03ad\u03c4\u03bf\u03c5\u03c2 2023<\/a><\/h2>\n\n\n\n<div class=\"wp-block-post-excerpt\"><p class=\"wp-block-post-excerpt__excerpt\">Braut &amp; Br\u00e4utigam als internationale Marke und Marktf\u00fchrer im Bereich Special-Interest-Medien zum Thema Hochzeit, lobte 2023 zum zweiten Mal in Folge den Wettbewerb \u201eTrauring des Jahres\u201c aus. Diesmal nahmen doppelt so viele Brautpaare an der Online-Abstimmung teil als 2022. Wir freuen uns, dass unser Modell &#8220;Surfing Colors&#8221; von den teilnehmenden LeserInnen auf Platz 3 gew\u00e4hlt&hellip; <\/p><\/div>\n\n\n<hr class=\"wp-block-separator has-css-opacity\"\/>\n\n\n<div class=\"wp-block-post-date\"><time datetime=\"2023-09-01T15:15:36+02:00\">1.9.2023<\/time><\/div>\n<\/li><li class=\"wp-block-post post-801 post type-post status-publish format-standard has-post-thumbnail hentry category-allgemein\">\n<h2 class=\"wp-block-post-title\"><a href=\"https:\/\/collection-ruesch.at\/el\/heiratsmonat-mai\/\" target=\"_self\" >\u039c\u03ae\u03bd\u03b1\u03c2 \u03b3\u03ac\u03bc\u03bf\u03c5 \u039c\u03ac\u03b9\u03bf\u03c2<\/a><\/h2>\n\n<figure class=\"alignwide wp-block-post-featured-image\"><a href=\"https:\/\/collection-ruesch.at\/el\/heiratsmonat-mai\/\" target=\"_self\"  ><img loading=\"lazy\" decoding=\"async\" width=\"946\" height=\"516\" src=\"https:\/\/collection-ruesch.at\/aglopips\/2023\/04\/Mai.png\" class=\"attachment-post-thumbnail size-post-thumbnail wp-post-image\" alt=\"Heiratsmonat Mai\" style=\"object-fit:cover;\" srcset=\"https:\/\/collection-ruesch.at\/aglopips\/2023\/04\/Mai.png 946w, https:\/\/collection-ruesch.at\/aglopips\/2023\/04\/Mai-300x164.png 300w, https:\/\/collection-ruesch.at\/aglopips\/2023\/04\/Mai-768x419.png 768w, https:\/\/collection-ruesch.at\/aglopips\/2023\/04\/Mai-18x10.png 18w\" sizes=\"auto, (max-width: 946px) 100vw, 946px\" \/><\/a><\/figure>\n\n<div class=\"wp-block-post-excerpt\"><p class=\"wp-block-post-excerpt__excerpt\">\u039f\u03b9 \u03bc\u03ad\u03c1\u03b5\u03c2 \u03bc\u03b5\u03b3\u03b1\u03bb\u03ce\u03bd\u03bf\u03c5\u03bd \u03ba\u03b1\u03b9 \u03b3\u03af\u03bd\u03bf\u03bd\u03c4\u03b1\u03b9 \u03c0\u03b9\u03bf \u03ae\u03c0\u03b9\u03b5\u03c2, \u03c4\u03b1 \u03bb\u03bf\u03c5\u03bb\u03bf\u03cd\u03b4\u03b9\u03b1 \u03b1\u03bd\u03b8\u03af\u03b6\u03bf\u03c5\u03bd \u03ba\u03b1\u03b9 \u03c4\u03b1 \u03c0\u03bf\u03c5\u03bb\u03b9\u03ac \u03ba\u03b5\u03bb\u03b1\u03b7\u03b4\u03bf\u03cd\u03bd - \u03c4\u03bf \u03b9\u03b4\u03b1\u03bd\u03b9\u03ba\u03cc \u03c3\u03ba\u03b7\u03bd\u03b9\u03ba\u03cc \u03b3\u03b9\u03b1 \u03c4\u03b7 \u03b3\u03b9\u03bf\u03c1\u03c4\u03ae \u03c4\u03bf\u03c5 \u03b3\u03ac\u03bc\u03bf\u03c5 \u03c3\u03b1\u03c2! \u03a8\u03ac\u03c7\u03bd\u03b5\u03c4\u03b5 \u03b1\u03ba\u03cc\u03bc\u03b7 \u03b3\u03b9\u03b1 \u03c4\u03b9\u03c2 \u03b2\u03ad\u03c1\u03b5\u03c2 \u03c4\u03c9\u03bd \u03bf\u03bd\u03b5\u03af\u03c1\u03c9\u03bd \u03c3\u03b1\u03c2; \u039f\u03b9 \u03c3\u03c5\u03bd\u03b5\u03c1\u03b3\u03ac\u03c4\u03b5\u03c2 \u03bc\u03b1\u03c2 \u03ba\u03bf\u03c3\u03bc\u03b7\u03bc\u03b1\u03c4\u03bf\u03c0\u03ce\u03bb\u03b5\u03c2 \u03b8\u03b1 \u03c7\u03b1\u03c1\u03bf\u03cd\u03bd \u03bd\u03b1 \u03c3\u03b1\u03c2 \u03c3\u03c5\u03bc\u03b2\u03bf\u03c5\u03bb\u03b5\u03cd\u03c3\u03bf\u03c5\u03bd. <\/p><\/div>\n\n\n<hr class=\"wp-block-separator has-css-opacity\"\/>\n\n\n<div class=\"wp-block-post-date\"><time datetime=\"2023-04-14T15:20:02+02:00\">14.4.2023<\/time><\/div>\n<\/li><li class=\"wp-block-post post-568 post type-post status-publish format-standard has-post-thumbnail hentry category-allgemein\">\n<h2 class=\"wp-block-post-title\"><a href=\"https:\/\/collection-ruesch.at\/el\/news-03-2023\/\" target=\"_self\" >\u0397 \u03bc\u03b1\u03bc\u03ac \u03b5\u03af\u03bd\u03b1\u03b9 \u03b7 \u03ba\u03b1\u03bb\u03cd\u03c4\u03b5\u03c1\u03b7<\/a><\/h2>\n\n<figure class=\"alignwide wp-block-post-featured-image\"><a href=\"https:\/\/collection-ruesch.at\/el\/news-03-2023\/\" target=\"_self\"  ><img loading=\"lazy\" decoding=\"async\" width=\"469\" height=\"500\" src=\"https:\/\/collection-ruesch.at\/aglopips\/2023\/03\/Muttertag-469x500-px.jpg\" class=\"attachment-post-thumbnail size-post-thumbnail wp-post-image\" alt=\"Mama ist die Beste\" style=\"object-fit:cover;\" srcset=\"https:\/\/collection-ruesch.at\/aglopips\/2023\/03\/Muttertag-469x500-px.jpg 469w, https:\/\/collection-ruesch.at\/aglopips\/2023\/03\/Muttertag-469x500-px-281x300.jpg 281w, https:\/\/collection-ruesch.at\/aglopips\/2023\/03\/Muttertag-469x500-px-11x12.jpg 11w\" sizes=\"auto, (max-width: 469px) 100vw, 469px\" \/><\/a><\/figure>\n\n<div class=\"wp-block-post-excerpt\"><p class=\"wp-block-post-excerpt__excerpt\">\u0397 \u0397\u03bc\u03ad\u03c1\u03b1 \u03c4\u03b7\u03c2 \u039c\u03b7\u03c4\u03ad\u03c1\u03b1\u03c2 \u03b5\u03af\u03bd\u03b1\u03b9 \u03c3\u03c4\u03b9\u03c2 14 \u039c\u03b1\u0390\u03bf\u03c5 ... \u03ad\u03bd\u03b1 \u03bc\u03b5\u03b3\u03ac\u03bb\u03bf \u03b5\u03c5\u03c7\u03b1\u03c1\u03b9\u03c3\u03c4\u03ce \u03c3\u03c4\u03b7\u03bd \u03ba\u03b1\u03bb\u03cd\u03c4\u03b5\u03c1\u03b7 \u03bc\u03b1\u03bc\u03ac \u03c4\u03bf\u03c5 \u03ba\u03cc\u03c3\u03bc\u03bf\u03c5. \u03a3\u03b1\u03c2 \u03b1\u03b3\u03b1\u03c0\u03ce \u03c0\u03ac\u03c1\u03b1 \u03c0\u03bf\u03bb\u03cd \u03ba\u03b1\u03b9 \u03b5\u03af\u03bc\u03b1\u03b9 \u03b1\u03c0\u03b5\u03af\u03c1\u03c9\u03c2 \u03c0\u03b5\u03c1\u03ae\u03c6\u03b1\u03bd\u03b7 \u03c0\u03bf\u03c5 \u03b5\u03af\u03bc\u03b1\u03b9 \u03ba\u03cc\u03c1\u03b7 \u03c3\u03b1\u03c2. \u03a7\u03b1\u03c1\u03af\u03c3\u03c4\u03b5 \u03c4\u03bf \u03b4\u03ce\u03c1\u03bf \u03c4\u03b7\u03c2 \u03c7\u03b1\u03c1\u03ac\u03c2 \u03bc\u03b5 \u03c4\u03b1 \u03bb\u03b1\u03bc\u03c0\u03b5\u03c1\u03ac \u03b4\u03b1\u03c7\u03c4\u03c5\u03bb\u03af\u03b4\u03b9\u03b1 \u03b1\u03bd\u03b1\u03bc\u03bd\u03b7\u03c3\u03c4\u03b9\u03ba\u03ce\u03bd \u03bc\u03b1\u03c2. \u039f\u03b9 \u03c3\u03c5\u03bd\u03b5\u03c1\u03b3\u03ac\u03c4\u03b5\u03c2 \u03bc\u03b1\u03c2 \u03c3\u03c4\u03bf\u03bd \u03c4\u03bf\u03bc\u03ad\u03b1 \u03c4\u03c9\u03bd \u03ba\u03bf\u03c3\u03bc\u03b7\u03bc\u03ac\u03c4\u03c9\u03bd \u03b8\u03b1 \u03c7\u03b1\u03c1\u03bf\u03cd\u03bd \u03bd\u03b1 \u03c3\u03b1\u03c2 \u03c3\u03c5\u03bc\u03b2\u03bf\u03c5\u03bb\u03b5\u03cd\u03c3\u03bf\u03c5\u03bd. <\/p><\/div>\n\n\n<hr class=\"wp-block-separator has-css-opacity\"\/>\n\n\n<div class=\"wp-block-post-date\"><time datetime=\"2023-03-20T13:13:00+01:00\">20.3.2023<\/time><\/div>\n<\/li><li class=\"wp-block-post post-227 post type-post status-publish format-standard has-post-thumbnail hentry category-allgemein\">\n<h2 class=\"wp-block-post-title\"><a href=\"https:\/\/collection-ruesch.at\/el\/227-2\/\" target=\"_self\" >Sophie &amp; Matteo<\/a><\/h2>\n\n<figure class=\"alignwide wp-block-post-featured-image\"><a href=\"https:\/\/collection-ruesch.at\/el\/227-2\/\" target=\"_self\"  ><img loading=\"lazy\" decoding=\"async\" width=\"946\" height=\"516\" src=\"https:\/\/collection-ruesch.at\/aglopips\/2022\/11\/Sophie-Matteo_Single-News-946x516-1.jpg\" class=\"attachment-post-thumbnail size-post-thumbnail wp-post-image\" alt=\"Sophie &amp; Matteo\" style=\"object-fit:cover;\" srcset=\"https:\/\/collection-ruesch.at\/aglopips\/2022\/11\/Sophie-Matteo_Single-News-946x516-1.jpg 946w, https:\/\/collection-ruesch.at\/aglopips\/2022\/11\/Sophie-Matteo_Single-News-946x516-1-300x164.jpg 300w, https:\/\/collection-ruesch.at\/aglopips\/2022\/11\/Sophie-Matteo_Single-News-946x516-1-768x419.jpg 768w\" sizes=\"auto, (max-width: 946px) 100vw, 946px\" \/><\/a><\/figure>\n\n<div class=\"wp-block-post-excerpt\"><p class=\"wp-block-post-excerpt__excerpt\">\u0399\u03c4\u03b1\u03bb\u03b9\u03ba\u03ae \u03b1\u03b3\u03ac\u03c0\u03b7\u2026 \u039a\u03b1\u03c4\u03ac \u03c4\u03b7 \u03b4\u03b9\u03ac\u03c1\u03ba\u03b5\u03b9\u03b1 \u03b5\u03bd\u03cc\u03c2 \u03b5\u03be\u03b1\u03bc\u03ae\u03bd\u03bf\u03c5 \u03c3\u03c4\u03bf \u03b5\u03be\u03c9\u03c4\u03b5\u03c1\u03b9\u03ba\u03cc \u03c3\u03c4\u03b7\u03bd \u0399\u03c4\u03b1\u03bb\u03af\u03b1, \u03b7 Sophie \u03b3\u03bd\u03ce\u03c1\u03b9\u03c3\u03b5 \u03c4\u03bf\u03bd Matteo. \u03a4\u03b5\u03bb\u03b9\u03ba\u03ac \u03c0\u03b1\u03bd\u03c4\u03c1\u03b5\u03cd\u03c4\u03b7\u03ba\u03b1\u03bd \u03c4\u03bf 2022. <\/p><\/div>\n\n\n<hr class=\"wp-block-separator has-css-opacity\"\/>\n\n\n<div class=\"wp-block-post-date\"><time datetime=\"2022-11-24T12:00:43+01:00\">24.11.2022<\/time><\/div>\n<\/li><\/ul><\/div>\n<\/div>\n\n\n\n<div class=\"wp-block-column is-layout-flow wp-block-column-is-layout-flow\" style=\"flex-basis:10%\"><\/div>\n<\/div>\n\n\n\n<div class=\"wp-block-group alignwide is-vertical is-content-justification-stretch is-layout-flex wp-container-core-group-is-layout-b16ad781 wp-block-group-is-layout-flex\"><\/div>","protected":false},"excerpt":{"rendered":"","protected":false},"author":1,"featured_media":0,"parent":0,"menu_order":0,"comment_status":"closed","ping_status":"closed","template":"","meta":{"footnotes":""},"class_list":["post-394","page","type-page","status-publish","hentry"],"_links":{"self":[{"href":"https:\/\/collection-ruesch.at\/el\/wp-json\/wp\/v2\/pages\/394","targetHints":{"allow":["GET"]}}],"collection":[{"href":"https:\/\/collection-ruesch.at\/el\/wp-json\/wp\/v2\/pages"}],"about":[{"href":"https:\/\/collection-ruesch.at\/el\/wp-json\/wp\/v2\/types\/page"}],"author":[{"embeddable":true,"href":"https:\/\/collection-ruesch.at\/el\/wp-json\/wp\/v2\/users\/1"}],"replies":[{"embeddable":true,"href":"https:\/\/collection-ruesch.at\/el\/wp-json\/wp\/v2\/comments?post=394"}],"version-history":[{"count":16,"href":"https:\/\/collection-ruesch.at\/el\/wp-json\/wp\/v2\/pages\/394\/revisions"}],"predecessor-version":[{"id":1079,"href":"https:\/\/collection-ruesch.at\/el\/wp-json\/wp\/v2\/pages\/394\/revisions\/1079"}],"wp:attachment":[{"href":"https:\/\/collection-ruesch.at\/el\/wp-json\/wp\/v2\/media?parent=394"}],"curies":[{"name":"wp","href":"https:\/\/api.w.org\/{rel}","templated":true}]}}